{"id":146510,"date":"2025-03-05T23:35:55","date_gmt":"2025-03-05T23:35:55","guid":{"rendered":"https:\/\/ruumistruumi.ee\/pood\/metallist-aiatool-bois-must-tumehall-9558-005\/"},"modified":"2025-08-14T11:18:12","modified_gmt":"2025-08-14T11:18:12","slug":"metallist-aiatool-bois-must-tumehall-9558-005","status":"publish","type":"product","link":"https:\/\/blankpage.ee\/_ruumist-ruumi\/pood\/metallist-aiatool-bois-must-tumehall-9558-005\/","title":{"rendered":"Metallist aiatool Bois, must\/tumehall, 9558-005"},"content":{"rendered":"<h3>Stiilne ja vastupidav metallist aiatool Bois<\/h3>\n<p><strong>Metallist aiatool Bois<\/strong> on ideaalne valik neile, kes hindavad modernset disaini ja mugavust. Selle elegantne must raam on valmistatud vastupidavast metallist, mis tagab stabiilsuse ja pikaealisuse. Tumehallist pol\u00fcprop\u00fcleenist istumisosa ja seljatugi pakuvad meeldivat istumiskogemust ning on samal ajal ilmastikukindlad.<\/p>\n<h3>Eksklusiivsed detailid ja praktiline disain<\/h3>\n<p>Selle aiatooli eriliseks detailiks on naturaalsest tiigipuust k\u00e4etoed, mis lisavad soojust ja eksklusiivsust. Must punutud k\u00f6isist istumisosa t\u00e4iustab tooli kaasaegset v\u00e4limust ning tagab samas optimaalse hingavuse ja mugavuse. T\u00e4nu oma ergonoomilisele kujule sobib tool ideaalselt nii aiaterrassile, r\u00f5dule kui ka suvekohvikusse.<\/p>\n<h3>Lihtne hoiustada ja kombineerida<\/h3>\n<p><strong>Metallist aiatool Bois<\/strong> on virnastatav, mis t\u00e4hendab, et seda on lihtne hoiustada ja ruumi s\u00e4\u00e4sta, kui toolid parasjagu kasutusel ei ole. T\u00e4nu oma ajatu disainiga sobib see suurep\u00e4raselt erinevate aialaudade ja muu v\u00e4lim\u00f6\u00f6bliga. Kombineeri mitme tooliga ja loo stiilne ning funktsionaalne istumisnurk oma \u00f5uealale!<\/p>\n<h3>Kvaliteetne ja ilmastikukindel valik<\/h3>\n<p>See aiatool on loodud kestma \u2013 vastupidavad materjalid ja hoolikalt valitud detailid tagavad, et tool s\u00e4ilitab oma kauni v\u00e4limuse ka aastate jooksul. Tiigipuidust k\u00e4etoed vajavad aeg-ajalt \u00f5litamist, et s\u00e4ilitada oma loomulik v\u00e4rv ja vastupidavus, kuid muus osas on tool hooldusvaba ning lihtsasti puhastatav.<\/p>\n<p>V\u00e4rskenda oma aiam\u00f6\u00f6blit kvaliteetse ja trendika <strong>metallist aiatooliga Bois<\/strong> ning naudi meeldivaid hetki \u00f5ues stiilses ja mugavas keskkonnas!<\/p>\n","protected":false},"excerpt":{"rendered":"<p>Stiilne ja vastupidav metallist aiatool Bois Metallist aiatool Bois on ideaalne valik neile, kes hindavad modernset disaini ja mugavust. Selle elegantne must raam on valmistatud vastupidavast metallist, mis tagab stabiilsuse ja pikaealisuse. Tumehallist pol\u00fcprop\u00fcleenist istumisosa ja seljatugi pakuvad meeldivat istumiskogemust ning on samal ajal ilmastikukindlad. Eksklusiivsed detailid ja praktiline disain Selle aiatooli eriliseks detailiks on [&hellip;]<\/p>\n","protected":false},"featured_media":160878,"comment_status":"open","ping_status":"open","template":"","meta":[],"product_brand":[1818],"product_cat":[1683],"product_tag":[],"class_list":{"0":"post-146510","1":"product","2":"type-product","3":"status-publish","4":"has-post-thumbnail","6":"product_brand-venture-design","7":"product_cat-aiatoolid","8":"product_shipping_class-venture-design","9":"pa_istme-materjal-polupropuleen","10":"pa_istme-varvus-must","11":"pa_istme-varvus-tumehall","12":"pa_jalgade-varv-must","13":"pa_kangas-100-polupropuleen","14":"pa_kollektsioon-bois","15":"pa_mootmed-63-x-93-x-60","16":"pa_varv-tumehall","17":"pa_varv-must","19":"first","20":"instock","21":"sale","22":"taxable","23":"shipping-taxable","24":"purchasable","25":"product-type-simple"},"_links":{"self":[{"href":"https:\/\/blankpage.ee\/_ruumist-ruumi\/wp-json\/wp\/v2\/product\/146510","targetHints":{"allow":["GET"]}}],"collection":[{"href":"https:\/\/blankpage.ee\/_ruumist-ruumi\/wp-json\/wp\/v2\/product"}],"about":[{"href":"https:\/\/blankpage.ee\/_ruumist-ruumi\/wp-json\/wp\/v2\/types\/product"}],"replies":[{"embeddable":true,"href":"https:\/\/blankpage.ee\/_ruumist-ruumi\/wp-json\/wp\/v2\/comments?post=146510"}],"wp:featuredmedia":[{"embeddable":true,"href":"https:\/\/blankpage.ee\/_ruumist-ruumi\/wp-json\/wp\/v2\/media\/160878"}],"wp:attachment":[{"href":"https:\/\/blankpage.ee\/_ruumist-ruumi\/wp-json\/wp\/v2\/media?parent=146510"}],"wp:term":[{"taxonomy":"product_brand","embeddable":true,"href":"https:\/\/blankpage.ee\/_ruumist-ruumi\/wp-json\/wp\/v2\/product_brand?post=146510"},{"taxonomy":"product_cat","embeddable":true,"href":"https:\/\/blankpage.ee\/_ruumist-ruumi\/wp-json\/wp\/v2\/product_cat?post=146510"},{"taxonomy":"product_tag","embeddable":true,"href":"https:\/\/blankpage.ee\/_ruumist-ruumi\/wp-json\/wp\/v2\/product_tag?post=146510"}],"curies":[{"name":"wp","href":"https:\/\/api.w.org\/{rel}","templated":true}]}}