{"id":146520,"date":"2025-03-05T23:35:55","date_gmt":"2025-03-05T23:35:55","guid":{"rendered":"https:\/\/ruumistruumi.ee\/pood\/metallist-kohvilaud-borneo-must-77x57x120-6007-001\/"},"modified":"2025-08-14T11:18:13","modified_gmt":"2025-08-14T11:18:13","slug":"metallist-kohvilaud-borneo-must-77x57x120-6007-001","status":"publish","type":"product","link":"https:\/\/blankpage.ee\/_ruumist-ruumi\/pood\/metallist-kohvilaud-borneo-must-77x57x120-6007-001\/","title":{"rendered":"Metallist kohvilaud Borneo, must, 77x57x120, 6007-001"},"content":{"rendered":"<h3>Stiilne ja praktiline metallist kohvilaud Borneo<\/h3>\n<p><strong>Metallist kohvilaud Borneo<\/strong> on ideaalne lahendus neile, kes soovivad oma r\u00f5du ruumi maksimaalselt \u00e4ra kasutada. Selle nutikas ja ruumis\u00e4\u00e4stlik disain v\u00f5imaldab luua mugava ja funktsionaalse ala ka k\u00f5ige v\u00e4iksemal r\u00f5dul.<\/p>\n<h3>Vastupidav ja ajatu disain<\/h3>\n<p>See musta v\u00e4rvi kohvilaud on valmistatud kvaliteetsest metallist, mis tagab selle vastupidavuse ja pikaealisuse. Minimalistlik ja stiilne v\u00e4limus sobitub igasse r\u00f5dukeskkonda, pakkudes nii praktilisust kui ka esteetilist lisav\u00e4\u00e4rtust.<\/p>\n<h3>Kokkupandav ja ruumis\u00e4\u00e4stlik<\/h3>\n<p><strong>Borneo kohvilaua<\/strong> suurim eelis on selle nutikas kokkupandav mehhanism. Kui vajad lisapinda hommikukohvi, raamatu v\u00f5i v\u00e4ikese eine nautimiseks, saad laua h\u00f5lpsalt r\u00f5dupiirde k\u00fclge \u00fcles t\u00f5sta. Kui lauda parasjagu ei kasutata, saab selle hetkega alla klappida, et maksimeerida vaba ruumi.<\/p>\n<h3>Muuda oma r\u00f5du funktsionaalseks<\/h3>\n<p>Kui elad korteris, kus r\u00f5du pindala on piiratud, on <strong>metallist kohvilaud Borneo<\/strong> suurep\u00e4rane valik. See aitab sul muuta oma r\u00f5du veelgi praktilisemaks ja mugavamaks, ilma et peaksid tegema kompromisse ruumikasutuses. Lisa oma v\u00e4lialale nutikas ja stiilne m\u00f6\u00f6bliese ning naudi v\u00e4rskes \u00f5hus veedetud hetki t\u00e4iel rinnal!<\/p>\n","protected":false},"excerpt":{"rendered":"<p>Stiilne ja praktiline metallist kohvilaud Borneo Metallist kohvilaud Borneo on ideaalne lahendus neile, kes soovivad oma r\u00f5du ruumi maksimaalselt \u00e4ra kasutada. Selle nutikas ja ruumis\u00e4\u00e4stlik disain v\u00f5imaldab luua mugava ja funktsionaalse ala ka k\u00f5ige v\u00e4iksemal r\u00f5dul. Vastupidav ja ajatu disain See musta v\u00e4rvi kohvilaud on valmistatud kvaliteetsest metallist, mis tagab selle vastupidavuse ja pikaealisuse. Minimalistlik [&hellip;]<\/p>\n","protected":false},"featured_media":164259,"comment_status":"open","ping_status":"closed","template":"","meta":[],"product_brand":[1818],"product_cat":[1686],"product_tag":[],"class_list":{"0":"post-146520","1":"product","2":"type-product","3":"status-publish","4":"has-post-thumbnail","6":"product_brand-venture-design","7":"product_cat-kohvilauad-ja-lisalauad-terrassile","8":"product_shipping_class-venture-design","9":"pa_jalgade-varv-must","10":"pa_kollektsioon-borneo","11":"pa_laua-tasapinna-varvus-must","12":"pa_mootmed-120-x-77-x-57","13":"pa_varv-must","15":"first","16":"instock","17":"sale","18":"taxable","19":"shipping-taxable","20":"purchasable","21":"product-type-simple"},"_links":{"self":[{"href":"https:\/\/blankpage.ee\/_ruumist-ruumi\/wp-json\/wp\/v2\/product\/146520","targetHints":{"allow":["GET"]}}],"collection":[{"href":"https:\/\/blankpage.ee\/_ruumist-ruumi\/wp-json\/wp\/v2\/product"}],"about":[{"href":"https:\/\/blankpage.ee\/_ruumist-ruumi\/wp-json\/wp\/v2\/types\/product"}],"replies":[{"embeddable":true,"href":"https:\/\/blankpage.ee\/_ruumist-ruumi\/wp-json\/wp\/v2\/comments?post=146520"}],"wp:featuredmedia":[{"embeddable":true,"href":"https:\/\/blankpage.ee\/_ruumist-ruumi\/wp-json\/wp\/v2\/media\/164259"}],"wp:attachment":[{"href":"https:\/\/blankpage.ee\/_ruumist-ruumi\/wp-json\/wp\/v2\/media?parent=146520"}],"wp:term":[{"taxonomy":"product_brand","embeddable":true,"href":"https:\/\/blankpage.ee\/_ruumist-ruumi\/wp-json\/wp\/v2\/product_brand?post=146520"},{"taxonomy":"product_cat","embeddable":true,"href":"https:\/\/blankpage.ee\/_ruumist-ruumi\/wp-json\/wp\/v2\/product_cat?post=146520"},{"taxonomy":"product_tag","embeddable":true,"href":"https:\/\/blankpage.ee\/_ruumist-ruumi\/wp-json\/wp\/v2\/product_tag?post=146520"}],"curies":[{"name":"wp","href":"https:\/\/api.w.org\/{rel}","templated":true}]}}