{"id":146530,"date":"2025-03-05T23:35:55","date_gmt":"2025-03-05T23:35:55","guid":{"rendered":"https:\/\/ruumistruumi.ee\/pood\/metallist-baaritool-lindos-must-tumehall-53x53x88-6072-022\/"},"modified":"2025-08-14T11:18:15","modified_gmt":"2025-08-14T11:18:15","slug":"metallist-baaritool-lindos-must-tumehall-53x53x88-6072-022","status":"publish","type":"product","link":"https:\/\/blankpage.ee\/_ruumist-ruumi\/pood\/metallist-baaritool-lindos-must-tumehall-53x53x88-6072-022\/","title":{"rendered":"Metallist baaritool Lindos, must\/tumehall, 53x53x88, 6072-022"},"content":{"rendered":"<h3>Stiilne ja vastupidav metallist baaritool Lindos<\/h3>\n<p><strong>Metallist baaritool Lindos<\/strong> on elegantse disainiga ning sobib suurep\u00e4raselt erinevate aiam\u00f6\u00f6bliga kombineerimiseks. Selle modernne v\u00e4limus ja ajatu must v\u00e4rv annavad igale terrassile v\u00f5i r\u00f5dule stiilse ilme. T\u00e4nu vastupidavatele materjalidele on see ideaalne valik v\u00e4listingimustesse, pakkudes mugavust ja vastupidavust aastateks.<\/p>\n<h3>Vastupidav ja ilmastikukindel materjal<\/h3>\n<p>Baaritooli istumisosa on kaetud tugevast k\u00f6iematerjalist punutisega, mis lisab ainulaadset tekstuuri ja tagab mugava istumise. Metallist raam annab toolile stabiilsuse ja pikaealisuse, muutes selle sobivaks ka sagedaseks kasutamiseks. Tumehall toon t\u00e4iustab tooli modernset ilmet ning loob stiilse kontrasti musta raamiga.<\/p>\n<h3>Praktiline ja ruumis\u00e4\u00e4stlik lahendus<\/h3>\n<p>\u00dcks <strong>metallist baaritool Lindos<\/strong> suurimaid eeliseid on selle virnastatavus, mis muudab hoiustamise ja ruumi s\u00e4\u00e4stmise lihtsaks. Kui tooli parasjagu ei kasutata, saab selle mugavalt teise samasuguse peale asetada, hoides terrassi v\u00f5i r\u00f5du korras ja organiseerituna.<\/p>\n<h3>Ideaalne valik \u00f5ueala sisustamiseks<\/h3>\n<p>Kombineeri see baaritool sobiva v\u00e4libaarilauaga ning loo t\u00e4iuslik koht hommikukohvi nautimiseks v\u00f5i \u00f5htuste kokteilide serveerimiseks. T\u00e4nu oma kvaliteetsetele materjalidele ja ajatu disainiga v\u00e4limusele on see tool suurep\u00e4rane t\u00e4iendus igale v\u00e4liruumile, olgu see siis aed, r\u00f5du v\u00f5i terrass.<\/p>\n","protected":false},"excerpt":{"rendered":"<p>Stiilne ja vastupidav metallist baaritool Lindos Metallist baaritool Lindos on elegantse disainiga ning sobib suurep\u00e4raselt erinevate aiam\u00f6\u00f6bliga kombineerimiseks. Selle modernne v\u00e4limus ja ajatu must v\u00e4rv annavad igale terrassile v\u00f5i r\u00f5dule stiilse ilme. T\u00e4nu vastupidavatele materjalidele on see ideaalne valik v\u00e4listingimustesse, pakkudes mugavust ja vastupidavust aastateks. Vastupidav ja ilmastikukindel materjal Baaritooli istumisosa on kaetud tugevast k\u00f6iematerjalist [&hellip;]<\/p>\n","protected":false},"featured_media":165735,"comment_status":"open","ping_status":"open","template":"","meta":[],"product_brand":[1818],"product_cat":[1766],"product_tag":[],"class_list":{"0":"post-146530","1":"product","2":"type-product","3":"status-publish","4":"has-post-thumbnail","6":"product_brand-venture-design","7":"product_cat-baaritoolid-terrassile","8":"product_shipping_class-venture-design","9":"pa_istme-varvus-tumehall","10":"pa_jalgade-varv-must","11":"pa_kangas-100-poluester","12":"pa_kollektsioon-lindos","13":"pa_mootmed-54-x-885-x-525","14":"pa_varv-tumehall","15":"pa_varv-must","17":"first","18":"outofstock","19":"sale","20":"taxable","21":"shipping-taxable","22":"purchasable","23":"product-type-simple"},"_links":{"self":[{"href":"https:\/\/blankpage.ee\/_ruumist-ruumi\/wp-json\/wp\/v2\/product\/146530","targetHints":{"allow":["GET"]}}],"collection":[{"href":"https:\/\/blankpage.ee\/_ruumist-ruumi\/wp-json\/wp\/v2\/product"}],"about":[{"href":"https:\/\/blankpage.ee\/_ruumist-ruumi\/wp-json\/wp\/v2\/types\/product"}],"replies":[{"embeddable":true,"href":"https:\/\/blankpage.ee\/_ruumist-ruumi\/wp-json\/wp\/v2\/comments?post=146530"}],"wp:featuredmedia":[{"embeddable":true,"href":"https:\/\/blankpage.ee\/_ruumist-ruumi\/wp-json\/wp\/v2\/media\/165735"}],"wp:attachment":[{"href":"https:\/\/blankpage.ee\/_ruumist-ruumi\/wp-json\/wp\/v2\/media?parent=146530"}],"wp:term":[{"taxonomy":"product_brand","embeddable":true,"href":"https:\/\/blankpage.ee\/_ruumist-ruumi\/wp-json\/wp\/v2\/product_brand?post=146530"},{"taxonomy":"product_cat","embeddable":true,"href":"https:\/\/blankpage.ee\/_ruumist-ruumi\/wp-json\/wp\/v2\/product_cat?post=146530"},{"taxonomy":"product_tag","embeddable":true,"href":"https:\/\/blankpage.ee\/_ruumist-ruumi\/wp-json\/wp\/v2\/product_tag?post=146530"}],"curies":[{"name":"wp","href":"https:\/\/api.w.org\/{rel}","templated":true}]}}