{"id":146686,"date":"2025-03-05T23:47:42","date_gmt":"2025-03-05T23:47:42","guid":{"rendered":"https:\/\/ruumistruumi.ee\/pood\/alumiiniumist-aiatool-break-valge-53x65x107-5-6094-400\/"},"modified":"2025-08-17T03:17:52","modified_gmt":"2025-08-17T03:17:52","slug":"alumiiniumist-aiatool-break-valge-53x65x1075-6094-400","status":"publish","type":"product","link":"https:\/\/blankpage.ee\/_ruumist-ruumi\/pood\/alumiiniumist-aiatool-break-valge-53x65x1075-6094-400\/","title":{"rendered":"Alumiiniumist aiatool Break, valge, 53x65x107,5, 6094-400"},"content":{"rendered":"<h3>Alumiiniumist aiatool Break \u2013 mugav ja stiilne valik sinu aeda<\/h3>\n<p>Naudi suve t\u00e4iel rinnal alumiiniumist aiatooliga Break! See valge kokkupandav tool \u00fchendab endas ajatu disaini ja praktilisuse, pakkudes suurep\u00e4rast istumismugavust igas olukorras. Sobib ideaalselt nii s\u00f6\u00f6gilaua \u00fcmber kui ka l\u00f5\u00f5gastumiseks p\u00e4ikese k\u00e4es.<\/p>\n<h3>Reguleeritav seljatugi ja vastupidavad materjalid<\/h3>\n<p>Break aiatooli seljatugi on viies positsioonis reguleeritav, v\u00f5imaldades leida just sulle sobiva istumisasendi. T\u00e4nu ergonoomilistele k\u00e4etugedele pakub tool lisamugavust, muutes selle ideaalseks nii pikemateks \u00f5htus\u00f6\u00f6kideks kui ka rahulikeks hetkedeks aias.<\/p>\n<p>Tooli raam on valmistatud <strong>kergest ja ilmastikukindlast alumiiniumist<\/strong>, mis ei roosteta ning on lihtsasti hooldatav. Istumis- ja seljatoepind on kaetud vastupidava <strong>valge textilene-kangaga<\/strong>, mis on tuntud oma hingavuse ja kiire kuivamise poolest. See teeb toolist suurep\u00e4rase valiku igaks suveilmaks.<\/p>\n<h3>Lihtne hoiustada ja kombineerida<\/h3>\n<p>Kokkupandav disain muudab Break aiatooli eriti praktiliseks \u2013 kui tooli parasjagu ei kasuta, saab selle ruumis\u00e4\u00e4stlikult kokku panna ja k\u00f5rvale asetada. T\u00e4nu neutraalsele valgele v\u00e4rvile sobitub tool h\u00f5lpsalt erinevate aiam\u00f6\u00f6blikomplektidega, aidates luua \u00fchtse ja stiilse terrassi- v\u00f5i aiakujunduse.<\/p>\n<p>Kui otsid <strong>vastupidavat ja mugavat alumiiniumist aiatooli<\/strong>, mis pakub nii funktsionaalsust kui ka stiili, on Break ideaalne valik sinu aeda v\u00f5i r\u00f5dule!<\/p>\n","protected":false},"excerpt":{"rendered":"<p>Alumiiniumist aiatool Break \u2013 mugav ja stiilne valik sinu aeda Naudi suve t\u00e4iel rinnal alumiiniumist aiatooliga Break! See valge kokkupandav tool \u00fchendab endas ajatu disaini ja praktilisuse, pakkudes suurep\u00e4rast istumismugavust igas olukorras. Sobib ideaalselt nii s\u00f6\u00f6gilaua \u00fcmber kui ka l\u00f5\u00f5gastumiseks p\u00e4ikese k\u00e4es. Reguleeritav seljatugi ja vastupidavad materjalid Break aiatooli seljatugi on viies positsioonis reguleeritav, v\u00f5imaldades [&hellip;]<\/p>\n","protected":false},"featured_media":160665,"comment_status":"open","ping_status":"open","template":"","meta":[],"product_brand":[1818],"product_cat":[1683],"product_tag":[],"class_list":{"0":"post-146686","1":"product","2":"type-product","3":"status-publish","4":"has-post-thumbnail","6":"product_brand-venture-design","7":"product_cat-aiatoolid","8":"product_shipping_class-venture-design","9":"pa_istme-materjal-textilene","10":"pa_istme-varvus-valge","11":"pa_jalgade-varv-valge","12":"pa_kangas-100-textilene","13":"pa_kollektsioon-break","14":"pa_mootmed-62-x-55-x-1075","15":"pa_varv-valge","17":"first","18":"instock","19":"sale","20":"taxable","21":"shipping-taxable","22":"purchasable","23":"product-type-simple"},"_links":{"self":[{"href":"https:\/\/blankpage.ee\/_ruumist-ruumi\/wp-json\/wp\/v2\/product\/146686","targetHints":{"allow":["GET"]}}],"collection":[{"href":"https:\/\/blankpage.ee\/_ruumist-ruumi\/wp-json\/wp\/v2\/product"}],"about":[{"href":"https:\/\/blankpage.ee\/_ruumist-ruumi\/wp-json\/wp\/v2\/types\/product"}],"replies":[{"embeddable":true,"href":"https:\/\/blankpage.ee\/_ruumist-ruumi\/wp-json\/wp\/v2\/comments?post=146686"}],"wp:featuredmedia":[{"embeddable":true,"href":"https:\/\/blankpage.ee\/_ruumist-ruumi\/wp-json\/wp\/v2\/media\/160665"}],"wp:attachment":[{"href":"https:\/\/blankpage.ee\/_ruumist-ruumi\/wp-json\/wp\/v2\/media?parent=146686"}],"wp:term":[{"taxonomy":"product_brand","embeddable":true,"href":"https:\/\/blankpage.ee\/_ruumist-ruumi\/wp-json\/wp\/v2\/product_brand?post=146686"},{"taxonomy":"product_cat","embeddable":true,"href":"https:\/\/blankpage.ee\/_ruumist-ruumi\/wp-json\/wp\/v2\/product_cat?post=146686"},{"taxonomy":"product_tag","embeddable":true,"href":"https:\/\/blankpage.ee\/_ruumist-ruumi\/wp-json\/wp\/v2\/product_tag?post=146686"}],"curies":[{"name":"wp","href":"https:\/\/api.w.org\/{rel}","templated":true}]}}