{"id":146695,"date":"2025-03-05T23:47:42","date_gmt":"2025-03-05T23:47:42","guid":{"rendered":"https:\/\/ruumistruumi.ee\/pood\/terasest-ripp-tool-terrassile-bacolod-must-tumehall-115x115x155-6029-001\/"},"modified":"2025-08-14T11:17:49","modified_gmt":"2025-08-14T11:17:49","slug":"terasest-ripp-tool-terrassile-bacolod-must-tumehall-115x115x155-6029-001","status":"publish","type":"product","link":"https:\/\/blankpage.ee\/_ruumist-ruumi\/pood\/terasest-ripp-tool-terrassile-bacolod-must-tumehall-115x115x155-6029-001\/","title":{"rendered":"Terasest ripp-tool terrassile Bacolod, must\/tumehall, 115x115x155, 6029-001"},"content":{"rendered":"<h3>Stiilne ja mugav terasest ripp-tool Bacolod<\/h3>\n<p>Muuda oma terrass v\u00f5i aianurk t\u00f5eliseks l\u00f5\u00f5gastumispaigaks stiilse <strong>terasest ripp-tooliga Bacolod<\/strong>. Selle vastupidav metallraam tagab stabiilsuse ja pikaealisuse, samas kui tooli kattev pol\u00fcestrist k\u00f6is lisab loodusl\u00e4hedase ja modernse ilme. T\u00e4nu ajatu musta v\u00e4rvi raamile ja tumehalli tooniga patjadele sobib see ripp-tool ideaalselt igasse v\u00e4liruumi.<\/p>\n<h3>Maksimaalne mugavus ja vastupidav disain<\/h3>\n<p>Bacolod ei ole ainult pilkup\u00fc\u00fcdev, vaid ka erakordselt mugav. Komplekti kuulub pehme istmepadi ning hall pol\u00fcestrist seljatoepadi, mis pakuvad t\u00e4iuslikku tuge ja mugavust. T\u00e4nu praktilisele alusele ei ole vaja seda lakke kinnitada \u2013 saad paigutada tooli just sinna, kus soovid. Olgu see p\u00e4ikesepaistelise terrassi nurgas v\u00f5i varjulises aiapaviljonis, Bacolod loob alati rahuliku ja hubase atmosf\u00e4\u00e4ri.<\/p>\n<h3>L\u00f5\u00f5gastu ja naudi hetke<\/h3>\n<p>V\u00f5ta hetk iseendale, aseta end mugavalt istuma ja naudi \u00fcmbrust \u2013 olgu selleks \u00f5htune linnulaul v\u00f5i hea raamat. <strong>Terasest ripp-tool Bacolod<\/strong> pakub ideaalset v\u00f5imalust l\u00f5\u00f5gastumiseks nii \u00fcksi kui ka koos l\u00e4hedastega. Selle ajatu disain ja kvaliteetsed materjalid muudavad selle vastupidavaks ning hooldusvabaks valikuks igale kodu\u00f5uele v\u00f5i r\u00f5dule.<\/p>\n<p>Vali Bacolod ja loo oma isiklik rahuoaas, kus saad nautida sooje suve\u00f5htuid ja vaikseid hetki v\u00e4rskes \u00f5hus.<\/p>\n","protected":false},"excerpt":{"rendered":"<p>Stiilne ja mugav terasest ripp-tool Bacolod Muuda oma terrass v\u00f5i aianurk t\u00f5eliseks l\u00f5\u00f5gastumispaigaks stiilse terasest ripp-tooliga Bacolod. Selle vastupidav metallraam tagab stabiilsuse ja pikaealisuse, samas kui tooli kattev pol\u00fcestrist k\u00f6is lisab loodusl\u00e4hedase ja modernse ilme. T\u00e4nu ajatu musta v\u00e4rvi raamile ja tumehalli tooniga patjadele sobib see ripp-tool ideaalselt igasse v\u00e4liruumi. Maksimaalne mugavus ja vastupidav disain [&hellip;]<\/p>\n","protected":false},"featured_media":161436,"comment_status":"open","ping_status":"open","template":"","meta":[],"product_brand":[1818],"product_cat":[1681],"product_tag":[],"class_list":{"0":"post-146695","1":"product","2":"type-product","3":"status-publish","4":"has-post-thumbnail","6":"product_brand-venture-design","7":"product_cat-ripp-toolid-terrassile","8":"product_shipping_class-venture-design","9":"pa_istme-materjal-poluester","10":"pa_istme-varvus-tumehall","11":"pa_jalgade-varv-must","12":"pa_kangas-100-poluester","13":"pa_kollektsioon-bacolod","14":"pa_mootmed-134-x-124","15":"pa_pehmenduste-materjal-poluester","16":"pa_varv-tumehall","17":"pa_varv-must","19":"first","20":"instock","21":"sale","22":"taxable","23":"shipping-taxable","24":"purchasable","25":"product-type-simple"},"_links":{"self":[{"href":"https:\/\/blankpage.ee\/_ruumist-ruumi\/wp-json\/wp\/v2\/product\/146695","targetHints":{"allow":["GET"]}}],"collection":[{"href":"https:\/\/blankpage.ee\/_ruumist-ruumi\/wp-json\/wp\/v2\/product"}],"about":[{"href":"https:\/\/blankpage.ee\/_ruumist-ruumi\/wp-json\/wp\/v2\/types\/product"}],"replies":[{"embeddable":true,"href":"https:\/\/blankpage.ee\/_ruumist-ruumi\/wp-json\/wp\/v2\/comments?post=146695"}],"wp:featuredmedia":[{"embeddable":true,"href":"https:\/\/blankpage.ee\/_ruumist-ruumi\/wp-json\/wp\/v2\/media\/161436"}],"wp:attachment":[{"href":"https:\/\/blankpage.ee\/_ruumist-ruumi\/wp-json\/wp\/v2\/media?parent=146695"}],"wp:term":[{"taxonomy":"product_brand","embeddable":true,"href":"https:\/\/blankpage.ee\/_ruumist-ruumi\/wp-json\/wp\/v2\/product_brand?post=146695"},{"taxonomy":"product_cat","embeddable":true,"href":"https:\/\/blankpage.ee\/_ruumist-ruumi\/wp-json\/wp\/v2\/product_cat?post=146695"},{"taxonomy":"product_tag","embeddable":true,"href":"https:\/\/blankpage.ee\/_ruumist-ruumi\/wp-json\/wp\/v2\/product_tag?post=146695"}],"curies":[{"name":"wp","href":"https:\/\/api.w.org\/{rel}","templated":true}]}}