{"id":146724,"date":"2025-03-05T23:47:42","date_gmt":"2025-03-05T23:47:42","guid":{"rendered":"https:\/\/ruumistruumi.ee\/pood\/metallist-lokke-ja-tulease-makarima-hobedane-6048-002\/"},"modified":"2025-08-14T11:17:53","modified_gmt":"2025-08-14T11:17:53","slug":"metallist-lokke-ja-tulease-makarima-hobedane-6048-002","status":"publish","type":"product","link":"https:\/\/blankpage.ee\/_ruumist-ruumi\/pood\/metallist-lokke-ja-tulease-makarima-hobedane-6048-002\/","title":{"rendered":"Metallist l\u00f5kke- ja tulease Makarima, h\u00f5bedane, 6048-002"},"content":{"rendered":"<h3>Stiilne ja praktiline metallist tulease terrassile<\/h3>\n<p><strong>Metallist l\u00f5kke- ja tulease Makarima, h\u00f5bedane<\/strong> on ideaalne lisand sinu terrassile v\u00f5i aeda, luues hubase atmosf\u00e4\u00e4ri nii varakevadel kui ka hiliss\u00fcgisel. Selle elegantne ja p\u00f5hjamaise disainiga konstruktsioon lisab \u00f5uealale stiili, pakkudes samal ajal soojust ja mugavust.<\/p>\n<h3>Kvaliteetne materjal ja nutikas disain<\/h3>\n<p>Makarima tulease on valmistatud vastupidavast <strong>h\u00f5bedasest metallist<\/strong>, mis tagab pikaajalise vastupidavuse ja ilmastikukindluse. Silindrikujuline korsten suunab suitsu t\u00f5husalt \u00fclespoole, hoides \u00f5hkkonna selge ja meeldivana. Suur avaus v\u00f5imaldab h\u00f5lpsasti tuld s\u00fc\u00fcdata ning sisseehitatud rest tagab parema \u00f5huringluse, aidates puidul \u00fchtlaselt p\u00f5leda.<\/p>\n<h3>Funktsionaalne ja mugav<\/h3>\n<p>Tulease ei ole mitte ainult kaunis pilgup\u00fc\u00fcdja, vaid ka praktiline abiline jahedatel \u00f5htutel. Alumine hoiuruum pakub mugavat v\u00f5imalust <strong>k\u00fcttepuude hoidmiseks<\/strong>, hoides need alati k\u00e4ep\u00e4rast. See muudab tule tegemise lihtsamaks ning lisab tuleasemele funktsionaalsust.<\/p>\n<h3>Naudi soojust ja l\u00f5\u00f5gastust<\/h3>\n<p>Olgu see sumedatel suve\u00f5htutel v\u00f5i jahedamatel s\u00fcgis\u00f5htutel \u2013 Makarima metallist tulease loob meeldiva \u00f5hustiku ning muudab iga koosviibimise eriliseks. Lisa oma terrassile v\u00f5i aianurka see stiilne ja praktiline tulease ning naudi soojust ja hubasust aastaringselt!<\/p>\n","protected":false},"excerpt":{"rendered":"<p>Stiilne ja praktiline metallist tulease terrassile Metallist l\u00f5kke- ja tulease Makarima, h\u00f5bedane on ideaalne lisand sinu terrassile v\u00f5i aeda, luues hubase atmosf\u00e4\u00e4ri nii varakevadel kui ka hiliss\u00fcgisel. Selle elegantne ja p\u00f5hjamaise disainiga konstruktsioon lisab \u00f5uealale stiili, pakkudes samal ajal soojust ja mugavust. Kvaliteetne materjal ja nutikas disain Makarima tulease on valmistatud vastupidavast h\u00f5bedasest metallist, mis [&hellip;]<\/p>\n","protected":false},"featured_media":146725,"comment_status":"open","ping_status":"open","template":"","meta":[],"product_brand":[1818],"product_cat":[1785],"product_tag":[],"class_list":{"0":"post-146724","1":"product","2":"type-product","3":"status-publish","4":"has-post-thumbnail","6":"product_brand-venture-design","7":"product_cat-lokke-ja-tuleasemed","8":"product_shipping_class-venture-design","9":"pa_kollektsioon-makarima","10":"pa_mootmed-45-x-45-x-199","11":"pa_varv-hobedane","13":"first","14":"instock","15":"sale","16":"taxable","17":"shipping-taxable","18":"purchasable","19":"product-type-simple"},"_links":{"self":[{"href":"https:\/\/blankpage.ee\/_ruumist-ruumi\/wp-json\/wp\/v2\/product\/146724","targetHints":{"allow":["GET"]}}],"collection":[{"href":"https:\/\/blankpage.ee\/_ruumist-ruumi\/wp-json\/wp\/v2\/product"}],"about":[{"href":"https:\/\/blankpage.ee\/_ruumist-ruumi\/wp-json\/wp\/v2\/types\/product"}],"replies":[{"embeddable":true,"href":"https:\/\/blankpage.ee\/_ruumist-ruumi\/wp-json\/wp\/v2\/comments?post=146724"}],"wp:featuredmedia":[{"embeddable":true,"href":"https:\/\/blankpage.ee\/_ruumist-ruumi\/wp-json\/wp\/v2\/media\/146725"}],"wp:attachment":[{"href":"https:\/\/blankpage.ee\/_ruumist-ruumi\/wp-json\/wp\/v2\/media?parent=146724"}],"wp:term":[{"taxonomy":"product_brand","embeddable":true,"href":"https:\/\/blankpage.ee\/_ruumist-ruumi\/wp-json\/wp\/v2\/product_brand?post=146724"},{"taxonomy":"product_cat","embeddable":true,"href":"https:\/\/blankpage.ee\/_ruumist-ruumi\/wp-json\/wp\/v2\/product_cat?post=146724"},{"taxonomy":"product_tag","embeddable":true,"href":"https:\/\/blankpage.ee\/_ruumist-ruumi\/wp-json\/wp\/v2\/product_tag?post=146724"}],"curies":[{"name":"wp","href":"https:\/\/api.w.org\/{rel}","templated":true}]}}