{"id":146734,"date":"2025-03-05T23:47:42","date_gmt":"2025-03-05T23:47:42","guid":{"rendered":"https:\/\/ruumistruumi.ee\/pood\/metallist-lokkease-makarima-must-45x45x199-6048-001\/"},"modified":"2025-08-14T11:17:54","modified_gmt":"2025-08-14T11:17:54","slug":"metallist-lokke-ja-tulease-makarima-must-45x45x199-6048-001","status":"publish","type":"product","link":"https:\/\/blankpage.ee\/_ruumist-ruumi\/pood\/metallist-lokke-ja-tulease-makarima-must-45x45x199-6048-001\/","title":{"rendered":"Metallist l\u00f5kke- ja tulease Makarima, must, 45x45x199, 6048-001"},"content":{"rendered":"<h3>Stiilne ja praktiline metallist l\u00f5kkease Makarima<\/h3>\n<p><strong>Metallist l\u00f5kkease Makarima<\/strong> loob \u00f5dusa atmosf\u00e4\u00e4ri igal terrassil v\u00f5i aianurgas. Selle modernne disain p\u00f5hineb p\u00f5hjamaiselt sirgetel joonetel ja silindrikujulisel korstnal, mis tagab t\u00f5husa suitsut\u00f5mbe. Musta viimistlusega terasest valmistatud l\u00f5kkease on vastupidav ning stiilne t\u00e4iendus igale \u00f5uealale.<\/p>\n<h3>Funktsionaalne ja l\u00e4bim\u00f5eldud disain<\/h3>\n<p>Makarima l\u00f5kkeaseme esik\u00fcljel on suur avaus, mis v\u00f5imaldab tule nautimist igast suunast. Ava all asuv nutikas rest tagab hea \u00f5huvoolu, aidates tulel \u00fchtlaselt p\u00f5leda. Lisaks on l\u00f5kkeaseme alumises osas praktiline panipaik k\u00fcttepuude hoidmiseks, mis muudab selle kasutamise mugavamaks ja efektiivsemaks.<\/p>\n<h3>Soojus ja hubasus igal aastaajal<\/h3>\n<p>Varakevadest hiliss\u00fcgiseni on <strong>metallist l\u00f5kkease<\/strong> ideaalne kaaslane, pakkudes soojust ja hubast valgusm\u00e4ngu. Olgu see suvine \u00f5htu s\u00f5pradega v\u00f5i jahedam s\u00fcgis\u00f5htu pere seltsis \u2013 Makarima loob alati m\u00f5nusa keskkonna.<\/p>\n<h3>Kvaliteetne ja vastupidav materjal<\/h3>\n<p>Makarima on valmistatud tugevast terasest, mis talub h\u00e4sti ilmastikutingimusi. Must viimistlus annab sellele kaasaegse ja ajatult stiilse ilme, sobitudes suurep\u00e4raselt erinevate terrassi- ja aiakujundustega.<\/p>\n<p>Kui otsid vastupidavat, funktsionaalset ja kauni disainiga lahendust oma kodu\u00f5ue, siis <strong>metallist l\u00f5kkease Makarima<\/strong> on ideaalne valik. Naudi m\u00f5nusaid hetki \u00f5ues, soojene l\u00f5kketule paistel ja loo oma aeda eriline atmosf\u00e4\u00e4r!<\/p>\n","protected":false},"excerpt":{"rendered":"<p>Stiilne ja praktiline metallist l\u00f5kkease Makarima Metallist l\u00f5kkease Makarima loob \u00f5dusa atmosf\u00e4\u00e4ri igal terrassil v\u00f5i aianurgas. Selle modernne disain p\u00f5hineb p\u00f5hjamaiselt sirgetel joonetel ja silindrikujulisel korstnal, mis tagab t\u00f5husa suitsut\u00f5mbe. Musta viimistlusega terasest valmistatud l\u00f5kkease on vastupidav ning stiilne t\u00e4iendus igale \u00f5uealale. Funktsionaalne ja l\u00e4bim\u00f5eldud disain Makarima l\u00f5kkeaseme esik\u00fcljel on suur avaus, mis v\u00f5imaldab tule [&hellip;]<\/p>\n","protected":false},"featured_media":146735,"comment_status":"open","ping_status":"open","template":"","meta":[],"product_brand":[1818],"product_cat":[1785],"product_tag":[],"class_list":{"0":"post-146734","1":"product","2":"type-product","3":"status-publish","4":"has-post-thumbnail","6":"product_brand-venture-design","7":"product_cat-lokke-ja-tuleasemed","8":"product_shipping_class-venture-design","9":"pa_kollektsioon-makarima","10":"pa_mootmed-45-x-45-x-199","11":"pa_varv-must","13":"first","14":"outofstock","15":"sale","16":"taxable","17":"shipping-taxable","18":"purchasable","19":"product-type-simple"},"_links":{"self":[{"href":"https:\/\/blankpage.ee\/_ruumist-ruumi\/wp-json\/wp\/v2\/product\/146734","targetHints":{"allow":["GET"]}}],"collection":[{"href":"https:\/\/blankpage.ee\/_ruumist-ruumi\/wp-json\/wp\/v2\/product"}],"about":[{"href":"https:\/\/blankpage.ee\/_ruumist-ruumi\/wp-json\/wp\/v2\/types\/product"}],"replies":[{"embeddable":true,"href":"https:\/\/blankpage.ee\/_ruumist-ruumi\/wp-json\/wp\/v2\/comments?post=146734"}],"wp:featuredmedia":[{"embeddable":true,"href":"https:\/\/blankpage.ee\/_ruumist-ruumi\/wp-json\/wp\/v2\/media\/146735"}],"wp:attachment":[{"href":"https:\/\/blankpage.ee\/_ruumist-ruumi\/wp-json\/wp\/v2\/media?parent=146734"}],"wp:term":[{"taxonomy":"product_brand","embeddable":true,"href":"https:\/\/blankpage.ee\/_ruumist-ruumi\/wp-json\/wp\/v2\/product_brand?post=146734"},{"taxonomy":"product_cat","embeddable":true,"href":"https:\/\/blankpage.ee\/_ruumist-ruumi\/wp-json\/wp\/v2\/product_cat?post=146734"},{"taxonomy":"product_tag","embeddable":true,"href":"https:\/\/blankpage.ee\/_ruumist-ruumi\/wp-json\/wp\/v2\/product_tag?post=146734"}],"curies":[{"name":"wp","href":"https:\/\/api.w.org\/{rel}","templated":true}]}}