{"id":146820,"date":"2025-03-05T23:47:42","date_gmt":"2025-03-05T23:47:42","guid":{"rendered":"https:\/\/ruumistruumi.ee\/pood\/kangast-aiatumba-redang-tumehall-75x40-6172-002\/"},"modified":"2025-08-14T11:18:00","modified_gmt":"2025-08-14T11:18:00","slug":"kangast-aialounge-redang-tumehall-75x40-6172-002","status":"publish","type":"product","link":"https:\/\/blankpage.ee\/_ruumist-ruumi\/pood\/kangast-aialounge-redang-tumehall-75x40-6172-002\/","title":{"rendered":"Kangast aialounge Redang, tumehall, 75&#215;40, 6172-002"},"content":{"rendered":"<h3>Kangast aiatumba Redang \u2013 ideaalne kaaslane l\u00f5\u00f5gastumiseks<\/h3>\n<p><strong>Kangast aiatumba Redang<\/strong> on stiilne ja mugav lisa sinu aeda v\u00f5i tuppa. Selle tumehall toon sulandub sujuvalt erinevate sisekujundusstiilidega, pakkudes nii praktilisust kui ka esteetilist naudingut. Pehme ja kvaliteetne pol\u00fcestrist ning pol\u00fcprop\u00fcleenist kate tagab vastupidavuse ning h\u00f5lpsa hooldamise, muutes selle ideaalseks nii sise- kui ka v\u00e4litingimustesse.<\/p>\n<h3>Mugav ja mitmek\u00fclgne disain<\/h3>\n<p>Redang on loodud pakkuma maksimaalset mugavust. Selle 75&#215;40 cm m\u00f5\u00f5tmed annavad piisavalt ruumi l\u00f5\u00f5gastumiseks \u2013 kasuta seda jalatoena, istumiseks v\u00f5i lihtsalt hetke nautimiseks. Erinevalt traditsioonilistest tumbadest puuduvad sellel jalad, k\u00e4etoed ja seljatugi, andes sulle t\u00e4ieliku vabaduse leida endale k\u00f5ige mugavam asend.<\/p>\n<h3>Ideaalne valik igaks hetkeks<\/h3>\n<p>Kas soovid nautida p\u00e4ikesepaistet v\u00f5i l\u00f5\u00f5gastuda varjus? Redang on suurep\u00e4rane valik m\u00f5lemaks. T\u00e4nu oma vastupidavatele materjalidele peab see vastu nii igap\u00e4evasele kasutamisele kui ka ilmastiku m\u00f5judele. Selle kerge kaal muudab tumbaga \u00fcmberpaigutamise lihtsaks, nii saad seda kasutada nii terrassil, r\u00f5dul kui ka elutoas.<\/p>\n<h3>Lisa oma puhkepesale stiili ja mugavust<\/h3>\n<p><strong>Kangast aiatumba Redang<\/strong> on ideaalne neile, kes hindavad lihtsust ja mugavust. Olgu see osa sinu aiam\u00f6\u00f6bli komplektist v\u00f5i eraldiseisev element, see tumba pakub alati l\u00f5\u00f5gastavat istumiskohta. V\u00f5ta hetk iseendale, siruta jalad v\u00e4lja ja naudi rahulikku puhkust.<\/p>\n","protected":false},"excerpt":{"rendered":"<p>Kangast aiatumba Redang \u2013 ideaalne kaaslane l\u00f5\u00f5gastumiseks Kangast aiatumba Redang on stiilne ja mugav lisa sinu aeda v\u00f5i tuppa. Selle tumehall toon sulandub sujuvalt erinevate sisekujundusstiilidega, pakkudes nii praktilisust kui ka esteetilist naudingut. Pehme ja kvaliteetne pol\u00fcestrist ning pol\u00fcprop\u00fcleenist kate tagab vastupidavuse ning h\u00f5lpsa hooldamise, muutes selle ideaalseks nii sise- kui ka v\u00e4litingimustesse. Mugav ja [&hellip;]<\/p>\n","protected":false},"featured_media":161686,"comment_status":"open","ping_status":"open","template":"","meta":[],"product_brand":[1818],"product_cat":[1687],"product_tag":[],"class_list":{"0":"post-146820","1":"product","2":"type-product","3":"status-publish","4":"has-post-thumbnail","6":"product_brand-venture-design","7":"product_cat-tugitoolid-ja-lounge-toolid-terrassile","8":"product_shipping_class-venture-design","9":"pa_istme-materjal-poluester","10":"pa_istme-materjal-polupropuleen","11":"pa_istme-varvus-tumehall","12":"pa_kangas-50-puuvill-50-polupropuleen","13":"pa_kollektsioon-redang","14":"pa_mootmed-75-x-40-x-33","15":"pa_varv-tumehall","17":"first","18":"outofstock","19":"sale","20":"taxable","21":"shipping-taxable","22":"purchasable","23":"product-type-simple"},"_links":{"self":[{"href":"https:\/\/blankpage.ee\/_ruumist-ruumi\/wp-json\/wp\/v2\/product\/146820","targetHints":{"allow":["GET"]}}],"collection":[{"href":"https:\/\/blankpage.ee\/_ruumist-ruumi\/wp-json\/wp\/v2\/product"}],"about":[{"href":"https:\/\/blankpage.ee\/_ruumist-ruumi\/wp-json\/wp\/v2\/types\/product"}],"replies":[{"embeddable":true,"href":"https:\/\/blankpage.ee\/_ruumist-ruumi\/wp-json\/wp\/v2\/comments?post=146820"}],"wp:featuredmedia":[{"embeddable":true,"href":"https:\/\/blankpage.ee\/_ruumist-ruumi\/wp-json\/wp\/v2\/media\/161686"}],"wp:attachment":[{"href":"https:\/\/blankpage.ee\/_ruumist-ruumi\/wp-json\/wp\/v2\/media?parent=146820"}],"wp:term":[{"taxonomy":"product_brand","embeddable":true,"href":"https:\/\/blankpage.ee\/_ruumist-ruumi\/wp-json\/wp\/v2\/product_brand?post=146820"},{"taxonomy":"product_cat","embeddable":true,"href":"https:\/\/blankpage.ee\/_ruumist-ruumi\/wp-json\/wp\/v2\/product_cat?post=146820"},{"taxonomy":"product_tag","embeddable":true,"href":"https:\/\/blankpage.ee\/_ruumist-ruumi\/wp-json\/wp\/v2\/product_tag?post=146820"}],"curies":[{"name":"wp","href":"https:\/\/api.w.org\/{rel}","templated":true}]}}