{"id":146868,"date":"2025-03-05T23:47:42","date_gmt":"2025-03-05T23:47:42","guid":{"rendered":"https:\/\/ruumistruumi.ee\/pood\/alumiiniumist-aiatool-malina-naturaalne-58x62x87-6011-089\/"},"modified":"2025-08-14T11:18:06","modified_gmt":"2025-08-14T11:18:06","slug":"alumiiniumist-aiatool-malina-naturaalne-58x62x87-6011-089","status":"publish","type":"product","link":"https:\/\/blankpage.ee\/_ruumist-ruumi\/pood\/alumiiniumist-aiatool-malina-naturaalne-58x62x87-6011-089\/","title":{"rendered":"Alumiiniumist aiatool Malina, naturaalne, 58x62x87, 6011-089"},"content":{"rendered":"<h3>Stiilne ja vastupidav alumiiniumist aiatool Malina<\/h3>\n<p><strong>Alumiiniumist aiatool Malina<\/strong> \u00fchendab endas modernse disaini ja praktilisuse, luues t\u00e4iusliku istumislahenduse suvisteks \u00f5htus\u00f6\u00f6kideks vabas \u00f5hus. Selle ajatu v\u00e4limus ja kvaliteetsed materjalid tagavad, et tool kestab aastaid ning sobitub suurep\u00e4raselt erinevate aiam\u00f6\u00f6bli komplektidega.<\/p>\n<h3>Kvaliteetsed materjalid ja vastupidav konstruktsioon<\/h3>\n<p>Tooli raam on valmistatud tugevast ja ilmastikukindlast <strong>alumiiniumist<\/strong>, mis tagab stabiilsuse ja roostekindluse. Selle naturaalsetes toonides raam koosneb vastupidavast s\u00fcnteetilisest rotangist, mis loob hubase ja stiilse ilme. Pehmenduseks on kasutatud kvaliteetset <strong>pol\u00fcestrit<\/strong> ja mugavat <strong>vahtu<\/strong>, mis tagavad meeldiva istumiskogemuse ka pikematel \u00f5htus\u00f6\u00f6kidel.<\/p>\n<h3>Praktiline ja ruumis\u00e4\u00e4stlik<\/h3>\n<p><strong>Alumiiniumist aiatool Malina<\/strong> on mitte ainult stiilne, vaid ka \u00e4\u00e4rmiselt praktiline. T\u00e4nu oma virnastatavale disainile saab toolid h\u00f5lpsasti \u00fcksteise peale asetada, s\u00e4\u00e4stes nii hoiuruumi, kui neid parasjagu ei kasutata. See teeb toolist suurep\u00e4rase valiku nii v\u00e4iksematele terrassidele kui ka avaratesse aedadesse.<\/p>\n<h3>Naudi suve mugavalt ja stiilselt<\/h3>\n<p>Suve\u00f5htud muutuvad veelgi nauditavamaks, kui saad istuda mugavas ja vastupidavas aiatoolis. Kasuta seda eraldi v\u00f5i kombineeri teiste Malina sarja toodetega, et luua terviklik ja harmooniline v\u00e4liruumi lahendus. T\u00e4nu kvaliteetsetele materjalidele ja nutikale disainile on see tool suurep\u00e4rane investeering, mis loob sinu aeda elegantse ja ajatu atmosf\u00e4\u00e4ri.<\/p>\n","protected":false},"excerpt":{"rendered":"<p>Stiilne ja vastupidav alumiiniumist aiatool Malina Alumiiniumist aiatool Malina \u00fchendab endas modernse disaini ja praktilisuse, luues t\u00e4iusliku istumislahenduse suvisteks \u00f5htus\u00f6\u00f6kideks vabas \u00f5hus. Selle ajatu v\u00e4limus ja kvaliteetsed materjalid tagavad, et tool kestab aastaid ning sobitub suurep\u00e4raselt erinevate aiam\u00f6\u00f6bli komplektidega. Kvaliteetsed materjalid ja vastupidav konstruktsioon Tooli raam on valmistatud tugevast ja ilmastikukindlast alumiiniumist, mis tagab stabiilsuse [&hellip;]<\/p>\n","protected":false},"featured_media":160641,"comment_status":"open","ping_status":"open","template":"","meta":[],"product_brand":[1818],"product_cat":[1683],"product_tag":[],"class_list":{"0":"post-146868","1":"product","2":"type-product","3":"status-publish","4":"has-post-thumbnail","6":"product_brand-venture-design","7":"product_cat-aiatoolid","8":"product_shipping_class-venture-design","9":"pa_istme-materjal-poluester","10":"pa_istme-materjal-vaht","11":"pa_istme-varvus-naturaalne","12":"pa_jalgade-varv-naturaalne","13":"pa_kangas-100-poluester","14":"pa_kollektsioon-malina","15":"pa_mootmed-60-x-58-x-865","16":"pa_pehmenduste-materjal-kedratud-poluester","17":"pa_varv-naturaalne","19":"first","20":"instock","21":"sale","22":"taxable","23":"shipping-taxable","24":"purchasable","25":"product-type-simple"},"_links":{"self":[{"href":"https:\/\/blankpage.ee\/_ruumist-ruumi\/wp-json\/wp\/v2\/product\/146868","targetHints":{"allow":["GET"]}}],"collection":[{"href":"https:\/\/blankpage.ee\/_ruumist-ruumi\/wp-json\/wp\/v2\/product"}],"about":[{"href":"https:\/\/blankpage.ee\/_ruumist-ruumi\/wp-json\/wp\/v2\/types\/product"}],"replies":[{"embeddable":true,"href":"https:\/\/blankpage.ee\/_ruumist-ruumi\/wp-json\/wp\/v2\/comments?post=146868"}],"wp:featuredmedia":[{"embeddable":true,"href":"https:\/\/blankpage.ee\/_ruumist-ruumi\/wp-json\/wp\/v2\/media\/160641"}],"wp:attachment":[{"href":"https:\/\/blankpage.ee\/_ruumist-ruumi\/wp-json\/wp\/v2\/media?parent=146868"}],"wp:term":[{"taxonomy":"product_brand","embeddable":true,"href":"https:\/\/blankpage.ee\/_ruumist-ruumi\/wp-json\/wp\/v2\/product_brand?post=146868"},{"taxonomy":"product_cat","embeddable":true,"href":"https:\/\/blankpage.ee\/_ruumist-ruumi\/wp-json\/wp\/v2\/product_cat?post=146868"},{"taxonomy":"product_tag","embeddable":true,"href":"https:\/\/blankpage.ee\/_ruumist-ruumi\/wp-json\/wp\/v2\/product_tag?post=146868"}],"curies":[{"name":"wp","href":"https:\/\/api.w.org\/{rel}","templated":true}]}}