{"id":146957,"date":"2025-03-05T23:58:51","date_gmt":"2025-03-05T23:58:51","guid":{"rendered":"https:\/\/ruumistruumi.ee\/pood\/metallist-lokke-ja-tulease-marongo-must-o55x152-6047-001\/"},"modified":"2025-08-17T03:17:48","modified_gmt":"2025-08-17T03:17:48","slug":"metallist-lokke-ja-tulease-marongo-must-o55x152-6047-001","status":"publish","type":"product","link":"https:\/\/blankpage.ee\/_ruumist-ruumi\/pood\/metallist-lokke-ja-tulease-marongo-must-o55x152-6047-001\/","title":{"rendered":"Metallist l\u00f5kke- ja tulease Marongo, must, \u00f855&#215;152, 6047-001"},"content":{"rendered":"<h3>Stiilne ja praktiline metallist tulease terrassile<\/h3>\n<p>Too oma \u00f5uealale hubasust ja soojust <strong>metallist l\u00f5kke- ja tuleasemega Marongo<\/strong>. Selle modernne, silindrikujuline disain kitseneb sujuvalt \u00fclespoole, pakkudes elegantset ja ajatut v\u00e4limust. T\u00e4nu suurele avausele on tule tegemine lihtne ning sisseehitatud resti abil saab seda kasutada ka grillimiseks. See on ideaalne lahendus jahedatel suve\u00f5htutel, kui soovid nautida soojust ja m\u00f5nusat atmosf\u00e4\u00e4ri.<\/p>\n<h3>Kvaliteetne materjal ja vastupidav konstruktsioon<\/h3>\n<p>Tulease on valmistatud vastupidavast <strong>mustast metallist<\/strong>, mis tagab pika eluea ja stabiilsuse. Metallkonstruktsioon talub h\u00e4sti ilmastikutingimusi, kuid soovitatav on seda kaitsta liigse niiskuse eest, et s\u00e4ilitada kaunis v\u00e4limus pikaks ajaks. T\u00e4nu oma kompaktsele kujule sobib see suurep\u00e4raselt nii v\u00e4iksemale terrassile kui ka avaramale aianurgale.<\/p>\n<h3>Naudi soojust ja \u00f5dusaid hetki<\/h3>\n<p><strong>Metallist tulease Marongo<\/strong> loob ideaalse keskkonna \u00f5htuste koosviibimiste jaoks. S\u00fc\u00fcta tuli, tunne soojust ja naudi l\u00f5\u00f5gastavat atmosf\u00e4\u00e4ri koos pere ja s\u00f5pradega. T\u00e4nu praktilisele restile saad valmistada ka maitsvaid grillroogasid otse elava tule kohal.<\/p>\n<h3>Ohutus ja hooldus<\/h3>\n<p>Tuleaset kasutades j\u00e4rgi alati tuleohutusreegleid \u2013 \u00e4ra j\u00e4ta seda j\u00e4relevalveta ning paiguta see tuleohtlikest materjalidest eemale. P\u00e4rast kasutamist lase tulel t\u00e4ielikult kustuda ja puhasta vajadusel tuhast. Nii tagad tuleaseme pikaajalise kasutuse ja turvalisuse.<\/p>\n","protected":false},"excerpt":{"rendered":"<p>Stiilne ja praktiline metallist tulease terrassile Too oma \u00f5uealale hubasust ja soojust metallist l\u00f5kke- ja tuleasemega Marongo. Selle modernne, silindrikujuline disain kitseneb sujuvalt \u00fclespoole, pakkudes elegantset ja ajatut v\u00e4limust. T\u00e4nu suurele avausele on tule tegemine lihtne ning sisseehitatud resti abil saab seda kasutada ka grillimiseks. See on ideaalne lahendus jahedatel suve\u00f5htutel, kui soovid nautida soojust [&hellip;]<\/p>\n","protected":false},"featured_media":146958,"comment_status":"open","ping_status":"open","template":"","meta":[],"product_brand":[1818],"product_cat":[1785],"product_tag":[],"class_list":{"0":"post-146957","1":"product","2":"type-product","3":"status-publish","4":"has-post-thumbnail","6":"product_brand-venture-design","7":"product_cat-lokke-ja-tuleasemed","8":"product_shipping_class-venture-design","9":"pa_kollektsioon-marongo","10":"pa_mootmed-o55","11":"pa_varv-must","13":"first","14":"instock","15":"sale","16":"taxable","17":"shipping-taxable","18":"purchasable","19":"product-type-simple"},"_links":{"self":[{"href":"https:\/\/blankpage.ee\/_ruumist-ruumi\/wp-json\/wp\/v2\/product\/146957","targetHints":{"allow":["GET"]}}],"collection":[{"href":"https:\/\/blankpage.ee\/_ruumist-ruumi\/wp-json\/wp\/v2\/product"}],"about":[{"href":"https:\/\/blankpage.ee\/_ruumist-ruumi\/wp-json\/wp\/v2\/types\/product"}],"replies":[{"embeddable":true,"href":"https:\/\/blankpage.ee\/_ruumist-ruumi\/wp-json\/wp\/v2\/comments?post=146957"}],"wp:featuredmedia":[{"embeddable":true,"href":"https:\/\/blankpage.ee\/_ruumist-ruumi\/wp-json\/wp\/v2\/media\/146958"}],"wp:attachment":[{"href":"https:\/\/blankpage.ee\/_ruumist-ruumi\/wp-json\/wp\/v2\/media?parent=146957"}],"wp:term":[{"taxonomy":"product_brand","embeddable":true,"href":"https:\/\/blankpage.ee\/_ruumist-ruumi\/wp-json\/wp\/v2\/product_brand?post=146957"},{"taxonomy":"product_cat","embeddable":true,"href":"https:\/\/blankpage.ee\/_ruumist-ruumi\/wp-json\/wp\/v2\/product_cat?post=146957"},{"taxonomy":"product_tag","embeddable":true,"href":"https:\/\/blankpage.ee\/_ruumist-ruumi\/wp-json\/wp\/v2\/product_tag?post=146957"}],"curies":[{"name":"wp","href":"https:\/\/api.w.org\/{rel}","templated":true}]}}