{"id":146961,"date":"2025-03-05T23:58:51","date_gmt":"2025-03-05T23:58:51","guid":{"rendered":"https:\/\/ruumistruumi.ee\/pood\/metallist-baaritool-terrassile-milano-must-hall-6015-001\/"},"modified":"2025-08-15T11:29:19","modified_gmt":"2025-08-15T11:29:19","slug":"metallist-baaritool-terrassile-milano-must-hall-6015-001","status":"publish","type":"product","link":"https:\/\/blankpage.ee\/_ruumist-ruumi\/pood\/metallist-baaritool-terrassile-milano-must-hall-6015-001\/","title":{"rendered":"Metallist baaritool terrassile Milano, must\/hall, 6015-001"},"content":{"rendered":"<h3>Stiilne ja mugav metallist baaritool terrassile<\/h3>\n<p><strong>Metallist baaritool terrassile Milano<\/strong> \u00fchendab endas modernse disaini ja suurep\u00e4rase mugavuse. Selle stiilne v\u00e4limus ja skandinaavialik vorm muudavad selle ideaalseks lisandiks sinu terrassile v\u00f5i r\u00f5dule. Tooli minimalistlik disain koos \u00f5hulise raamiga loob kerge ja elegantse ilme, mis sobib suurep\u00e4raselt nii kaasaegsesse kui ka klassikalisse keskkonda.<\/p>\n<h3>Kaasaegne disain ja vastupidavad materjalid<\/h3>\n<p>Tooli raam on valmistatud vastupidavast <strong>mustast metallist<\/strong>, mis tagab stabiilsuse ja pikaealisuse. Pehme hall pol\u00fcesterkangast polsterdus pakub mugavat istumiskogemust ning madal seljatugi toetab keha loomulikult. Sisseehitatud jalatugi lisab veelgi istumismugavust, v\u00f5imaldades l\u00f5\u00f5gastuda ka pikema istumise ajal.<\/p>\n<h3>Praktiline ja ruumis\u00e4\u00e4stlik lahendus<\/h3>\n<p>Lisaks oma stiilsele v\u00e4limusele on Milano baaritool ka praktiline valik \u2013 see on <strong>virnastatav<\/strong>, mis teeb hoiustamise lihtsaks ja ruumis\u00e4\u00e4stlikuks. Kui toolid ei ole kasutuses, saad need h\u00f5lpsalt \u00fcksteise peale asetada, s\u00e4\u00e4stes nii v\u00e4\u00e4rtuslikku ruumi.<\/p>\n<h3>Itaalia stiil sinu \u00f5uealale<\/h3>\n<p>Kui otsid trendikat ja vastupidavat lahendust oma terrassi v\u00f5i r\u00f5du baarilaua juurde, on <strong>metallist baaritool terrassile Milano<\/strong> suurep\u00e4rane valik. Selle ajatu disain ja kvaliteetsed materjalid tagavad, et nautida saad mitte ainult silmailu, vaid ka mugavust. Lisa oma v\u00e4lialale elegantsust ja funktsionaalsust Milano sarja baaritoolidega!<\/p>\n","protected":false},"excerpt":{"rendered":"<p>Stiilne ja mugav metallist baaritool terrassile Metallist baaritool terrassile Milano \u00fchendab endas modernse disaini ja suurep\u00e4rase mugavuse. Selle stiilne v\u00e4limus ja skandinaavialik vorm muudavad selle ideaalseks lisandiks sinu terrassile v\u00f5i r\u00f5dule. Tooli minimalistlik disain koos \u00f5hulise raamiga loob kerge ja elegantse ilme, mis sobib suurep\u00e4raselt nii kaasaegsesse kui ka klassikalisse keskkonda. Kaasaegne disain ja vastupidavad [&hellip;]<\/p>\n","protected":false},"featured_media":165719,"comment_status":"open","ping_status":"open","template":"","meta":[],"product_brand":[1818],"product_cat":[1766],"product_tag":[],"class_list":{"0":"post-146961","1":"product","2":"type-product","3":"status-publish","4":"has-post-thumbnail","6":"product_brand-venture-design","7":"product_cat-baaritoolid-terrassile","8":"product_shipping_class-venture-design","9":"pa_istme-materjal-metall","10":"pa_istme-varvus-hall","11":"pa_jalgade-varv-must","12":"pa_kangas-100-poluester","13":"pa_kollektsioon-milano","14":"pa_mootmed-48-x-47-x-94","15":"pa_pehmenduste-materjal-kedratud-poluester","16":"pa_varv-hall","17":"pa_varv-must","19":"first","20":"instock","21":"sale","22":"taxable","23":"shipping-taxable","24":"purchasable","25":"product-type-simple"},"_links":{"self":[{"href":"https:\/\/blankpage.ee\/_ruumist-ruumi\/wp-json\/wp\/v2\/product\/146961","targetHints":{"allow":["GET"]}}],"collection":[{"href":"https:\/\/blankpage.ee\/_ruumist-ruumi\/wp-json\/wp\/v2\/product"}],"about":[{"href":"https:\/\/blankpage.ee\/_ruumist-ruumi\/wp-json\/wp\/v2\/types\/product"}],"replies":[{"embeddable":true,"href":"https:\/\/blankpage.ee\/_ruumist-ruumi\/wp-json\/wp\/v2\/comments?post=146961"}],"wp:featuredmedia":[{"embeddable":true,"href":"https:\/\/blankpage.ee\/_ruumist-ruumi\/wp-json\/wp\/v2\/media\/165719"}],"wp:attachment":[{"href":"https:\/\/blankpage.ee\/_ruumist-ruumi\/wp-json\/wp\/v2\/media?parent=146961"}],"wp:term":[{"taxonomy":"product_brand","embeddable":true,"href":"https:\/\/blankpage.ee\/_ruumist-ruumi\/wp-json\/wp\/v2\/product_brand?post=146961"},{"taxonomy":"product_cat","embeddable":true,"href":"https:\/\/blankpage.ee\/_ruumist-ruumi\/wp-json\/wp\/v2\/product_cat?post=146961"},{"taxonomy":"product_tag","embeddable":true,"href":"https:\/\/blankpage.ee\/_ruumist-ruumi\/wp-json\/wp\/v2\/product_tag?post=146961"}],"curies":[{"name":"wp","href":"https:\/\/api.w.org\/{rel}","templated":true}]}}