{"id":147124,"date":"2025-03-06T00:10:41","date_gmt":"2025-03-06T00:10:41","guid":{"rendered":"https:\/\/ruumistruumi.ee\/pood\/alumiiniumist-lamamistool-copacabana-pruun-2108-404\/"},"modified":"2025-06-11T09:12:39","modified_gmt":"2025-06-11T09:12:39","slug":"alumiiniumist-lamamistool-copacabana-pruun-2108-404","status":"publish","type":"product","link":"https:\/\/blankpage.ee\/_ruumist-ruumi\/pood\/alumiiniumist-lamamistool-copacabana-pruun-2108-404\/","title":{"rendered":"Alumiiniumist lamamistool Copacabana, pruun, 2108-404"},"content":{"rendered":"<h3>Stiilne ja vastupidav alumiiniumist lamamistool<\/h3>\n<p>Naudi p\u00e4ikest ja l\u00f5\u00f5gastust <strong>alumiiniumist lamamistoolil Copacabana<\/strong>, mis \u00fchendab endas mugavuse ja elegantse disaini. Selle pruun toon sulandub harmooniliselt igasse aeda v\u00f5i terrassile, pakkudes ideaalset kohta puhkamiseks.<\/p>\n<h3>Kohandatav ja mugav disain<\/h3>\n<p>Lamamistooli seljatuge saab reguleerida vastavalt sinu eelistustele \u2013 kas soovid lugeda head raamatut v\u00f5i nautida p\u00e4ikesepaistet lamades, see tool kohandub sinu vajadustega. T\u00e4nu ergonoomilisele disainile toetab see keha ideaalselt, pakkudes maksimaalset mugavust.<\/p>\n<h3>Vastupidavad ja ilmastikukindlad materjalid<\/h3>\n<p>Lamamistooli raam on valmistatud vastupidavast <strong>alumiiniumist<\/strong>, mis on kerge, kuid samas tugev ja roostekindel. Lisaks on see kaetud rohelise\/khaki lakiga, mis lisab stiili ja kaitseb pinda kulumise eest. Istumisosa on valmistatud kvaliteetsest <strong>Textilene-kangast<\/strong>, mis on hingav, veniv ja vastupidav erinevatele ilmastikutingimustele.<\/p>\n<h3>Ideaalne valik igasse \u00f5ueala<\/h3>\n<p>See <strong>alumiiniumist lamamistool<\/strong> sobib suurep\u00e4raselt nii basseini \u00e4\u00e4rde, aeda kui ka r\u00f5dule. T\u00e4nu oma vastupidavusele ja kergusele on seda lihtne liigutada ning hoiustada. Minimalistlik disain muudab selle ajatu stiiliga m\u00f6\u00f6bliesemeks, mis t\u00e4iendab igat v\u00e4lim\u00f6\u00f6bli lahendust.<\/p>\n<p>Vali <strong>alumiiniumist lamamistool Copacabana<\/strong>, kui otsid kvaliteetset ja stiilset lahendust l\u00f5\u00f5gastumiseks oma \u00f5ues.<\/p>\n","protected":false},"excerpt":{"rendered":"<p>Stiilne ja vastupidav alumiiniumist lamamistool Naudi p\u00e4ikest ja l\u00f5\u00f5gastust alumiiniumist lamamistoolil Copacabana, mis \u00fchendab endas mugavuse ja elegantse disaini. Selle pruun toon sulandub harmooniliselt igasse aeda v\u00f5i terrassile, pakkudes ideaalset kohta puhkamiseks. Kohandatav ja mugav disain Lamamistooli seljatuge saab reguleerida vastavalt sinu eelistustele \u2013 kas soovid lugeda head raamatut v\u00f5i nautida p\u00e4ikesepaistet lamades, see tool [&hellip;]<\/p>\n","protected":false},"featured_media":161212,"comment_status":"open","ping_status":"open","template":"","meta":[],"product_brand":[1818],"product_cat":[1688],"product_tag":[],"class_list":{"0":"post-147124","1":"product","2":"type-product","3":"status-publish","4":"has-post-thumbnail","6":"product_brand-venture-design","7":"product_cat-lamamistoolid-ja-paevitustoolid","8":"product_shipping_class-venture-design","9":"pa_istme-materjal-textilene","10":"pa_istme-varvus-pruun","11":"pa_jalgade-varv-pruun","12":"pa_kangas-100-textilene","13":"pa_kollektsioon-copacabana","14":"pa_mootmed-60-x-195","15":"pa_varv-pruun","17":"first","18":"outofstock","19":"sale","20":"taxable","21":"shipping-taxable","22":"purchasable","23":"product-type-simple"},"_links":{"self":[{"href":"https:\/\/blankpage.ee\/_ruumist-ruumi\/wp-json\/wp\/v2\/product\/147124","targetHints":{"allow":["GET"]}}],"collection":[{"href":"https:\/\/blankpage.ee\/_ruumist-ruumi\/wp-json\/wp\/v2\/product"}],"about":[{"href":"https:\/\/blankpage.ee\/_ruumist-ruumi\/wp-json\/wp\/v2\/types\/product"}],"replies":[{"embeddable":true,"href":"https:\/\/blankpage.ee\/_ruumist-ruumi\/wp-json\/wp\/v2\/comments?post=147124"}],"wp:featuredmedia":[{"embeddable":true,"href":"https:\/\/blankpage.ee\/_ruumist-ruumi\/wp-json\/wp\/v2\/media\/161212"}],"wp:attachment":[{"href":"https:\/\/blankpage.ee\/_ruumist-ruumi\/wp-json\/wp\/v2\/media?parent=147124"}],"wp:term":[{"taxonomy":"product_brand","embeddable":true,"href":"https:\/\/blankpage.ee\/_ruumist-ruumi\/wp-json\/wp\/v2\/product_brand?post=147124"},{"taxonomy":"product_cat","embeddable":true,"href":"https:\/\/blankpage.ee\/_ruumist-ruumi\/wp-json\/wp\/v2\/product_cat?post=147124"},{"taxonomy":"product_tag","embeddable":true,"href":"https:\/\/blankpage.ee\/_ruumist-ruumi\/wp-json\/wp\/v2\/product_tag?post=147124"}],"curies":[{"name":"wp","href":"https:\/\/api.w.org\/{rel}","templated":true}]}}