{"id":147188,"date":"2025-03-06T00:10:41","date_gmt":"2025-03-06T00:10:41","guid":{"rendered":"https:\/\/ruumistruumi.ee\/pood\/istmepadi-pinkidele-nairobi-beez-3442-329\/"},"modified":"2025-06-26T22:36:47","modified_gmt":"2025-06-26T22:36:47","slug":"istmepadi-pinkidele-nairobi-beez-3442-329","status":"publish","type":"product","link":"https:\/\/blankpage.ee\/_ruumist-ruumi\/pood\/istmepadi-pinkidele-nairobi-beez-3442-329\/","title":{"rendered":"Istmepadi pinkidele Nairobi, bee\u017e, 3442-329"},"content":{"rendered":"<h3>Stiilne ja mugav istmepadi pinkidele<\/h3>\n<p><strong>Istmepadi pinkidele Nairobi, bee\u017e<\/strong> \u00fchendab funktsionaalsuse ja elegantse disaini, pakkudes ideaalset lahendust nii sise- kui ka v\u00e4litingimustes kasutamiseks. T\u00e4nu oma pehmele polsterdusele lisab see istumisel mugavust ja muudab iga pingi kutsuvamaks.<\/p>\n<h3>Kindel ja turvaline kinnituss\u00fcsteem<\/h3>\n<p>See istmepadi on varustatud k\u00fclgedel olevate paeltega, mis v\u00f5imaldavad selle kindlalt pingile kinnitada. T\u00e4nu sellele ei nihku padi paigast ning p\u00fcsib alati oma kohal, tagades maksimaalse kasutusmugavuse.<\/p>\n<h3>Kvaliteetne materjal ja ajatu disain<\/h3>\n<p>Bee\u017e v\u00e4rvitoon loob hubase ja elegantse ilme, mis sobib suurep\u00e4raselt erinevate sisustusstiilidega. Selle padja materjal on hoolikalt valitud, et pakkuda nii vastupidavust kui ka pehmet ja meeldivat istumiskogemust.<\/p>\n<h3>Ideaalne valik igaks olukorraks<\/h3>\n<p>Olenemata sellest, kas kasutad seda aias, r\u00f5dul v\u00f5i siseruumides, tagab <strong>Istmepadi pinkidele Nairobi<\/strong> lisamugavuse ja esteetilise t\u00e4ienduse igale pingile. Tee oma istumiskogemus veelgi nauditavamaks ning loo kutsuv ja l\u00f5\u00f5gastav \u00f5hkkond igas keskkonnas!<\/p>\n","protected":false},"excerpt":{"rendered":"<p>Stiilne ja mugav istmepadi pinkidele Istmepadi pinkidele Nairobi, bee\u017e \u00fchendab funktsionaalsuse ja elegantse disaini, pakkudes ideaalset lahendust nii sise- kui ka v\u00e4litingimustes kasutamiseks. T\u00e4nu oma pehmele polsterdusele lisab see istumisel mugavust ja muudab iga pingi kutsuvamaks. Kindel ja turvaline kinnituss\u00fcsteem See istmepadi on varustatud k\u00fclgedel olevate paeltega, mis v\u00f5imaldavad selle kindlalt pingile kinnitada. T\u00e4nu sellele [&hellip;]<\/p>\n","protected":false},"featured_media":165423,"comment_status":"open","ping_status":"open","template":"","meta":[],"product_brand":[1818],"product_cat":[1776],"product_tag":[],"class_list":{"0":"post-147188","1":"product","2":"type-product","3":"status-publish","4":"has-post-thumbnail","6":"product_brand-venture-design","7":"product_cat-istmepadjad-ja-pehmendused-pinkidele","8":"product_shipping_class-venture-design","9":"pa_kangas-100-poluester","10":"pa_kollektsioon-nairobi","11":"pa_mootmed-405-x-150","12":"pa_varv-beez","14":"first","15":"outofstock","16":"sale","17":"taxable","18":"shipping-taxable","19":"purchasable","20":"product-type-simple"},"_links":{"self":[{"href":"https:\/\/blankpage.ee\/_ruumist-ruumi\/wp-json\/wp\/v2\/product\/147188","targetHints":{"allow":["GET"]}}],"collection":[{"href":"https:\/\/blankpage.ee\/_ruumist-ruumi\/wp-json\/wp\/v2\/product"}],"about":[{"href":"https:\/\/blankpage.ee\/_ruumist-ruumi\/wp-json\/wp\/v2\/types\/product"}],"replies":[{"embeddable":true,"href":"https:\/\/blankpage.ee\/_ruumist-ruumi\/wp-json\/wp\/v2\/comments?post=147188"}],"wp:featuredmedia":[{"embeddable":true,"href":"https:\/\/blankpage.ee\/_ruumist-ruumi\/wp-json\/wp\/v2\/media\/165423"}],"wp:attachment":[{"href":"https:\/\/blankpage.ee\/_ruumist-ruumi\/wp-json\/wp\/v2\/media?parent=147188"}],"wp:term":[{"taxonomy":"product_brand","embeddable":true,"href":"https:\/\/blankpage.ee\/_ruumist-ruumi\/wp-json\/wp\/v2\/product_brand?post=147188"},{"taxonomy":"product_cat","embeddable":true,"href":"https:\/\/blankpage.ee\/_ruumist-ruumi\/wp-json\/wp\/v2\/product_cat?post=147188"},{"taxonomy":"product_tag","embeddable":true,"href":"https:\/\/blankpage.ee\/_ruumist-ruumi\/wp-json\/wp\/v2\/product_tag?post=147188"}],"curies":[{"name":"wp","href":"https:\/\/api.w.org\/{rel}","templated":true}]}}