{"id":147207,"date":"2025-03-06T00:10:41","date_gmt":"2025-03-06T00:10:41","guid":{"rendered":"https:\/\/ruumistruumi.ee\/pood\/istmepadi-ja-pehmendus-aiatoolile-roheline-3102-325\/"},"modified":"2025-08-18T19:16:18","modified_gmt":"2025-08-18T19:16:18","slug":"istmepadjad-ja-pehmendused-aiatoolidele-5pos-roheline-3102-325","status":"publish","type":"product","link":"https:\/\/blankpage.ee\/_ruumist-ruumi\/pood\/istmepadjad-ja-pehmendused-aiatoolidele-5pos-roheline-3102-325\/","title":{"rendered":"Istmepadjad ja pehmendused aiatoolidele 5:pos, roheline, 3102-325"},"content":{"rendered":"<h3>Mugav ja stiilne istmepadi aiatoolile<\/h3>\n<p>Muuda oma aiatoolid veelgi mugavamaks ja stiilsemaks selle kauni <strong>rohelise istmepadja<\/strong> abil. Pehme ja ergonoomiline disain pakub suurep\u00e4rast tuge ning lisab sinu aiam\u00f6\u00f6blile v\u00e4rsket ja kutsuvat ilmet. T\u00e4nu kvaliteetsele materjalile on padi vastupidav ja sobib suurep\u00e4raselt \u00f5ues kasutamiseks.<\/p>\n<h3>Suurep\u00e4rane istumismugavus<\/h3>\n<p>See mitmeasendiline <strong>istmepadi aiatoolile<\/strong> tagab maksimaalse mugavuse, v\u00f5imaldades sul l\u00f5\u00f5gastuda tunde. Sisseehitatud kaelatugi lisab lisamugavust ning aitab hoida \u00f5iget kehahoiakut. Pehme, linast meenutav kangas tundub meeldiv naha vastas ning loob luksusliku tunde.<\/p>\n<h3>Kindlalt paigal p\u00fcsiv disain<\/h3>\n<p>Patja on lihtne kinnitada t\u00e4nu tagak\u00fcljel olevatele rihmadele, mis hoiavad seda kindlalt paigal ka pikemal istumisel. Nii saad muretult nautida suvehommikuid terrassil v\u00f5i hubaseid \u00f5htuid aias, ilma et peaksid patja pidevalt kohendama.<\/p>\n<h3>Ajatu stiil ja vastupidavus<\/h3>\n<p>Oliveeroheline toon lisab elegantsi ja sobib suurep\u00e4raselt erinevate aiam\u00f6\u00f6bli stiilidega. Vastupidav kangas talub h\u00e4sti nii p\u00e4ikesevalgust kui ka niiskust, mist\u00f5ttu on see ideaalne valik nii r\u00f5dule, terrassile kui ka aeda.<\/p>\n<h3>Lisa oma aiam\u00f6\u00f6blile stiili ja mugavust<\/h3>\n<p>Kui soovid oma aiatoolidele pehmemat ja mugavamat istumisalust, siis on see <strong>roheline istmepadi aiatoolile<\/strong> suurep\u00e4rane valik. Loo kutsuv ja hubane \u00f5hkkond igasse \u00f5uealasse ning naudi m\u00f5nusat istumiskogemust igal ajal!<\/p>\n","protected":false},"excerpt":{"rendered":"<p>Mugav ja stiilne istmepadi aiatoolile Muuda oma aiatoolid veelgi mugavamaks ja stiilsemaks selle kauni rohelise istmepadja abil. Pehme ja ergonoomiline disain pakub suurep\u00e4rast tuge ning lisab sinu aiam\u00f6\u00f6blile v\u00e4rsket ja kutsuvat ilmet. T\u00e4nu kvaliteetsele materjalile on padi vastupidav ja sobib suurep\u00e4raselt \u00f5ues kasutamiseks. Suurep\u00e4rane istumismugavus See mitmeasendiline istmepadi aiatoolile tagab maksimaalse mugavuse, v\u00f5imaldades sul l\u00f5\u00f5gastuda [&hellip;]<\/p>\n","protected":false},"featured_media":165375,"comment_status":"open","ping_status":"open","template":"","meta":[],"product_brand":[1818],"product_cat":[1594],"product_tag":[],"class_list":{"0":"post-147207","1":"product","2":"type-product","3":"status-publish","4":"has-post-thumbnail","6":"product_brand-venture-design","7":"product_cat-aed-ja-terrass","8":"product_shipping_class-venture-design","9":"pa_kangas-100-poluester","10":"pa_kollektsioon-olive","11":"pa_mootmed-46-x-116","12":"pa_varv-roheline","14":"first","15":"instock","16":"sale","17":"taxable","18":"shipping-taxable","19":"purchasable","20":"product-type-simple"},"_links":{"self":[{"href":"https:\/\/blankpage.ee\/_ruumist-ruumi\/wp-json\/wp\/v2\/product\/147207","targetHints":{"allow":["GET"]}}],"collection":[{"href":"https:\/\/blankpage.ee\/_ruumist-ruumi\/wp-json\/wp\/v2\/product"}],"about":[{"href":"https:\/\/blankpage.ee\/_ruumist-ruumi\/wp-json\/wp\/v2\/types\/product"}],"replies":[{"embeddable":true,"href":"https:\/\/blankpage.ee\/_ruumist-ruumi\/wp-json\/wp\/v2\/comments?post=147207"}],"wp:featuredmedia":[{"embeddable":true,"href":"https:\/\/blankpage.ee\/_ruumist-ruumi\/wp-json\/wp\/v2\/media\/165375"}],"wp:attachment":[{"href":"https:\/\/blankpage.ee\/_ruumist-ruumi\/wp-json\/wp\/v2\/media?parent=147207"}],"wp:term":[{"taxonomy":"product_brand","embeddable":true,"href":"https:\/\/blankpage.ee\/_ruumist-ruumi\/wp-json\/wp\/v2\/product_brand?post=147207"},{"taxonomy":"product_cat","embeddable":true,"href":"https:\/\/blankpage.ee\/_ruumist-ruumi\/wp-json\/wp\/v2\/product_cat?post=147207"},{"taxonomy":"product_tag","embeddable":true,"href":"https:\/\/blankpage.ee\/_ruumist-ruumi\/wp-json\/wp\/v2\/product_tag?post=147207"}],"curies":[{"name":"wp","href":"https:\/\/api.w.org\/{rel}","templated":true}]}}