{"id":147254,"date":"2025-03-06T00:10:41","date_gmt":"2025-03-06T00:10:41","guid":{"rendered":"https:\/\/ruumistruumi.ee\/pood\/vorkkiik-marbella-must-7211-348\/"},"modified":"2025-08-19T22:03:11","modified_gmt":"2025-08-19T22:03:11","slug":"vorkkiik-marbella-must-7211-348","status":"publish","type":"product","link":"https:\/\/blankpage.ee\/_ruumist-ruumi\/pood\/vorkkiik-marbella-must-7211-348\/","title":{"rendered":"V\u00f5rkkiik Marbella, must, 7211-348"},"content":{"rendered":"<h3>V\u00f5rkkiik Marbella \u2013 stiilne ja mugav l\u00f5\u00f5gastuskoht<\/h3>\n<p><strong>V\u00f5rkkiik Marbella<\/strong> on ideaalne valik neile, kes otsivad mugavat ja stiilset l\u00f5\u00f5gastuspaika oma aeda, terrassile v\u00f5i r\u00f5dule. Selle ajatu disain ja vastupidavad materjalid muudavad selle suurep\u00e4raseks kaaslaseks suvisteks puhkep\u00e4evadeks.<\/p>\n<h3>Vastupidav ja stabiilne konstruktsioon<\/h3>\n<p>V\u00f5rkkiige tugev raam lisab stabiilsust ja suurendab kasutusmugavust. Dekoratiivne puidust raam mitte ainult ei toeta kiike, vaid annab sellele ka elegantse ilme. T\u00e4nu kvaliteetsetele k\u00f6itele saab kiike paindlikult riputada sobivasse asukohta \u2013 kinnita see r\u00f5dule, pergola alla v\u00f5i kahe puu vahele oma lemmikaias.<\/p>\n<h3>Mugav ja pehme kiigepind<\/h3>\n<p>V\u00f5rkkiik Marbella on valmistatud vastupidavast pol\u00fcestrist, mis tagab pehme ja meeldiva lamamispinna. Selle ruumikas disain v\u00f5imaldab mugavalt l\u00f5\u00f5gastuda nii \u00fcksi kui ka koos kaaslasega. Klassi lisavad dekoratiivsed detailid, mis muudavad selle mitte ainult praktiliseks, vaid ka stiilseks aksessuaariks sinu \u00f5uealal.<\/p>\n<h3>Naudi suve t\u00e4iel rinnal<\/h3>\n<p>Muuda oma aed v\u00f5i terrass t\u00f5eliseks rahuoaasiks <strong>V\u00f5rkkiik Marbella<\/strong> abil. See pakub m\u00f5nusat puhkust p\u00e4rast pikka p\u00e4eva ning loob t\u00e4iusliku koha p\u00e4ikeseliste ilmade nautimiseks. T\u00e4nu vastupidavale ja ajatu disainiga konstruktsioonile on see kiik investeering, mis toob r\u00f5\u00f5mu pikkadeks aastateks.<\/p>\n","protected":false},"excerpt":{"rendered":"<p>V\u00f5rkkiik Marbella \u2013 stiilne ja mugav l\u00f5\u00f5gastuskoht V\u00f5rkkiik Marbella on ideaalne valik neile, kes otsivad mugavat ja stiilset l\u00f5\u00f5gastuspaika oma aeda, terrassile v\u00f5i r\u00f5dule. Selle ajatu disain ja vastupidavad materjalid muudavad selle suurep\u00e4raseks kaaslaseks suvisteks puhkep\u00e4evadeks. Vastupidav ja stabiilne konstruktsioon V\u00f5rkkiige tugev raam lisab stabiilsust ja suurendab kasutusmugavust. Dekoratiivne puidust raam mitte ainult ei toeta [&hellip;]<\/p>\n","protected":false},"featured_media":165659,"comment_status":"open","ping_status":"open","template":"","meta":[],"product_brand":[1818],"product_cat":[1793],"product_tag":[],"class_list":{"0":"post-147254","1":"product","2":"type-product","3":"status-publish","4":"has-post-thumbnail","6":"product_brand-venture-design","7":"product_cat-vorkkiiged","8":"product_shipping_class-venture-design","9":"pa_kangas-100-poluester","10":"pa_kollektsioon-marbella","11":"pa_mootmed-140-x-200","12":"pa_varv-must","14":"first","15":"instock","16":"sale","17":"taxable","18":"shipping-taxable","19":"purchasable","20":"product-type-simple"},"_links":{"self":[{"href":"https:\/\/blankpage.ee\/_ruumist-ruumi\/wp-json\/wp\/v2\/product\/147254","targetHints":{"allow":["GET"]}}],"collection":[{"href":"https:\/\/blankpage.ee\/_ruumist-ruumi\/wp-json\/wp\/v2\/product"}],"about":[{"href":"https:\/\/blankpage.ee\/_ruumist-ruumi\/wp-json\/wp\/v2\/types\/product"}],"replies":[{"embeddable":true,"href":"https:\/\/blankpage.ee\/_ruumist-ruumi\/wp-json\/wp\/v2\/comments?post=147254"}],"wp:featuredmedia":[{"embeddable":true,"href":"https:\/\/blankpage.ee\/_ruumist-ruumi\/wp-json\/wp\/v2\/media\/165659"}],"wp:attachment":[{"href":"https:\/\/blankpage.ee\/_ruumist-ruumi\/wp-json\/wp\/v2\/media?parent=147254"}],"wp:term":[{"taxonomy":"product_brand","embeddable":true,"href":"https:\/\/blankpage.ee\/_ruumist-ruumi\/wp-json\/wp\/v2\/product_brand?post=147254"},{"taxonomy":"product_cat","embeddable":true,"href":"https:\/\/blankpage.ee\/_ruumist-ruumi\/wp-json\/wp\/v2\/product_cat?post=147254"},{"taxonomy":"product_tag","embeddable":true,"href":"https:\/\/blankpage.ee\/_ruumist-ruumi\/wp-json\/wp\/v2\/product_tag?post=147254"}],"curies":[{"name":"wp","href":"https:\/\/api.w.org\/{rel}","templated":true}]}}