{"id":147280,"date":"2025-03-06T00:22:00","date_gmt":"2025-03-06T00:22:00","guid":{"rendered":"https:\/\/ruumistruumi.ee\/pood\/istmepadi-aiatoolidele-5pos-punane-3101-304\/"},"modified":"2025-08-14T11:16:54","modified_gmt":"2025-08-14T11:16:54","slug":"istmepadi-aiatoolile-punane-3101-304","status":"publish","type":"product","link":"https:\/\/blankpage.ee\/_ruumist-ruumi\/pood\/istmepadi-aiatoolile-punane-3101-304\/","title":{"rendered":"Istmepadi aiatoolile, punane, 3101-304"},"content":{"rendered":"<h3>Mugav ja stiilne istmepadi aiatoolidele<\/h3>\n<p>Muuda oma aiatoolid veelgi mugavamaks selle kvaliteetse <strong>punase istmepadja<\/strong> abil! Pehme ja vastupidav padi pakub suurep\u00e4rast istumismugavust, aidates sul nautida pikki ja hubaseid \u00f5htus\u00f6\u00f6ke \u00f5ues. Selle elav punane toon lisab sinu terrassile v\u00f5i aianurgale s\u00e4rtsaka aktsendi, muutes kogu \u00f5hkkonna kutsuvamaks.<\/p>\n<h3>P\u00fcsib kindlalt paigal<\/h3>\n<p>See <strong>istmepadi aiatoolidele<\/strong> on spetsiaalselt kohandatud kokkupandavatele aiatoolidele, pakkudes t\u00e4iuslikku sobivust ja tuge. Tagak\u00fcljel olevad kaks paela aitavad patja kindlalt toolile kinnitada, v\u00e4ltides selle libisemist v\u00f5i nihkumist. T\u00e4nu sellele saad nautida veelgi mugavamat istumist ilma pidevalt patja kohendamata.<\/p>\n<h3>Ideaalne valik aiakasutuseks<\/h3>\n<p>Olenemata sellest, kas plaanid hommikukohvi nautimist terrassil v\u00f5i \u00f5htus\u00f6\u00f6ki pere ja s\u00f5pradega, on see istmepadi praktiline ja stiilne t\u00e4iendus sinu aiam\u00f6\u00f6blile. Selle kvaliteetne materjal tagab vastupidavuse ning lihtsa hoolduse, et saaksid seda kaua kasutada.<\/p>\n<p>Lisa oma aiatoolidele nii mugavust kui ka v\u00e4rvi ning naudi iga hetke \u00f5ues maksimaalselt!<\/p>\n","protected":false},"excerpt":{"rendered":"<p>Mugav ja stiilne istmepadi aiatoolidele Muuda oma aiatoolid veelgi mugavamaks selle kvaliteetse punase istmepadja abil! Pehme ja vastupidav padi pakub suurep\u00e4rast istumismugavust, aidates sul nautida pikki ja hubaseid \u00f5htus\u00f6\u00f6ke \u00f5ues. Selle elav punane toon lisab sinu terrassile v\u00f5i aianurgale s\u00e4rtsaka aktsendi, muutes kogu \u00f5hkkonna kutsuvamaks. P\u00fcsib kindlalt paigal See istmepadi aiatoolidele on spetsiaalselt kohandatud kokkupandavatele [&hellip;]<\/p>\n","protected":false},"featured_media":165353,"comment_status":"open","ping_status":"open","template":"","meta":[],"product_brand":[1818],"product_cat":[1775],"product_tag":[],"class_list":{"0":"post-147280","1":"product","2":"type-product","3":"status-publish","4":"has-post-thumbnail","6":"product_brand-venture-design","7":"product_cat-istmepadjad-ja-pehmendused-aiatoolidele","8":"product_shipping_class-venture-design","9":"pa_kangas-100-poluester","10":"pa_kollektsioon-cushion","11":"pa_mootmed-46-x-116","12":"pa_varv-punane","14":"first","15":"instock","16":"sale","17":"taxable","18":"shipping-taxable","19":"purchasable","20":"product-type-simple"},"_links":{"self":[{"href":"https:\/\/blankpage.ee\/_ruumist-ruumi\/wp-json\/wp\/v2\/product\/147280","targetHints":{"allow":["GET"]}}],"collection":[{"href":"https:\/\/blankpage.ee\/_ruumist-ruumi\/wp-json\/wp\/v2\/product"}],"about":[{"href":"https:\/\/blankpage.ee\/_ruumist-ruumi\/wp-json\/wp\/v2\/types\/product"}],"replies":[{"embeddable":true,"href":"https:\/\/blankpage.ee\/_ruumist-ruumi\/wp-json\/wp\/v2\/comments?post=147280"}],"wp:featuredmedia":[{"embeddable":true,"href":"https:\/\/blankpage.ee\/_ruumist-ruumi\/wp-json\/wp\/v2\/media\/165353"}],"wp:attachment":[{"href":"https:\/\/blankpage.ee\/_ruumist-ruumi\/wp-json\/wp\/v2\/media?parent=147280"}],"wp:term":[{"taxonomy":"product_brand","embeddable":true,"href":"https:\/\/blankpage.ee\/_ruumist-ruumi\/wp-json\/wp\/v2\/product_brand?post=147280"},{"taxonomy":"product_cat","embeddable":true,"href":"https:\/\/blankpage.ee\/_ruumist-ruumi\/wp-json\/wp\/v2\/product_cat?post=147280"},{"taxonomy":"product_tag","embeddable":true,"href":"https:\/\/blankpage.ee\/_ruumist-ruumi\/wp-json\/wp\/v2\/product_tag?post=147280"}],"curies":[{"name":"wp","href":"https:\/\/api.w.org\/{rel}","templated":true}]}}