{"id":147304,"date":"2025-03-06T00:22:00","date_gmt":"2025-03-06T00:22:00","guid":{"rendered":"https:\/\/ruumistruumi.ee\/pood\/istmepadi-aiatoolile-5pos-must-3101-303\/"},"modified":"2025-06-11T09:12:29","modified_gmt":"2025-06-11T09:12:29","slug":"istmepadi-aiatoolile-must-3101-303","status":"publish","type":"product","link":"https:\/\/blankpage.ee\/_ruumist-ruumi\/pood\/istmepadi-aiatoolile-must-3101-303\/","title":{"rendered":"Istmepadi aiatoolile, must, 3101-303"},"content":{"rendered":"<h3>Mugav ja stiilne istmepadi aiatoolile<\/h3>\n<p>Muuda oma aiatoolid veelgi mugavamaks selle <strong>mustaga istmepadjaga aiatoolile<\/strong>. Pehme polsterdus tagab meeldiva istumiskogemuse, pakkudes samal ajal stiilset ja ajatult elegantset v\u00e4limust. T\u00e4nu hoolikalt valitud materjalidele on see padi vastupidav ja sobib suurep\u00e4raselt kasutamiseks \u00f5ues.<\/p>\n<h3>Kindlalt paigal p\u00fcsiv disain<\/h3>\n<p>Praktilisuse suurendamiseks on padja tagak\u00fcljel kaks sidumispaela, mis aitavad selle kindlalt aiatooli k\u00fclge kinnitada. See hoiab \u00e4ra nihkumise ja tagab alati mugava istumisasendi. Olgu see siis hommikukohv terrassil v\u00f5i \u00f5htus\u00f6\u00f6k aias \u2013 padi p\u00fcsib paigal ega libise.<\/p>\n<h3>Ideaalne lisand sinu aiatoolidele<\/h3>\n<p>See must <strong>istmepadi aiatoolile<\/strong> on spetsiaalselt kohandatud kokkupandavatele aiatoolidele, pakkudes neile lisamugavust ja esteetilist t\u00e4iendust. Minimalistlik ning stiilne disain sobitub kergesti erinevate aiastiilide ja m\u00f6\u00f6blikomplektidega. Pehme, kuid vastupidav materjal tagab pika kasutusea ning lihtsa hoolduse.<\/p>\n<h3>Lihtne hooldus ja vastupidavus<\/h3>\n<p>Kvaliteetsetest materjalidest valmistatud padi on loodud kestma. Selle puhastamine on lihtne ning vastupidav kangas aitab s\u00e4ilitada kauni v\u00e4limuse ka pideval kasutamisel. Olgu see suvine grill\u00f5htu v\u00f5i rahulik puhkehetk aias \u2013 see padi pakub alati pehmet ja mugavat tuge.<\/p>\n<p>Tee oma aiatoolid veelgi mugavamaks ja stiilsemaks selle praktilise ning elegantse istmepadja abil!<\/p>\n","protected":false},"excerpt":{"rendered":"<p>Mugav ja stiilne istmepadi aiatoolile Muuda oma aiatoolid veelgi mugavamaks selle mustaga istmepadjaga aiatoolile. Pehme polsterdus tagab meeldiva istumiskogemuse, pakkudes samal ajal stiilset ja ajatult elegantset v\u00e4limust. T\u00e4nu hoolikalt valitud materjalidele on see padi vastupidav ja sobib suurep\u00e4raselt kasutamiseks \u00f5ues. Kindlalt paigal p\u00fcsiv disain Praktilisuse suurendamiseks on padja tagak\u00fcljel kaks sidumispaela, mis aitavad selle kindlalt [&hellip;]<\/p>\n","protected":false},"featured_media":165345,"comment_status":"open","ping_status":"open","template":"","meta":[],"product_brand":[1818],"product_cat":[1775],"product_tag":[],"class_list":{"0":"post-147304","1":"product","2":"type-product","3":"status-publish","4":"has-post-thumbnail","6":"product_brand-venture-design","7":"product_cat-istmepadjad-ja-pehmendused-aiatoolidele","8":"product_shipping_class-venture-design","9":"pa_kangas-100-poluester","10":"pa_kollektsioon-hanna","11":"pa_mootmed-46-x-116","12":"pa_varv-must","14":"first","15":"outofstock","16":"sale","17":"taxable","18":"shipping-taxable","19":"purchasable","20":"product-type-simple"},"_links":{"self":[{"href":"https:\/\/blankpage.ee\/_ruumist-ruumi\/wp-json\/wp\/v2\/product\/147304","targetHints":{"allow":["GET"]}}],"collection":[{"href":"https:\/\/blankpage.ee\/_ruumist-ruumi\/wp-json\/wp\/v2\/product"}],"about":[{"href":"https:\/\/blankpage.ee\/_ruumist-ruumi\/wp-json\/wp\/v2\/types\/product"}],"replies":[{"embeddable":true,"href":"https:\/\/blankpage.ee\/_ruumist-ruumi\/wp-json\/wp\/v2\/comments?post=147304"}],"wp:featuredmedia":[{"embeddable":true,"href":"https:\/\/blankpage.ee\/_ruumist-ruumi\/wp-json\/wp\/v2\/media\/165345"}],"wp:attachment":[{"href":"https:\/\/blankpage.ee\/_ruumist-ruumi\/wp-json\/wp\/v2\/media?parent=147304"}],"wp:term":[{"taxonomy":"product_brand","embeddable":true,"href":"https:\/\/blankpage.ee\/_ruumist-ruumi\/wp-json\/wp\/v2\/product_brand?post=147304"},{"taxonomy":"product_cat","embeddable":true,"href":"https:\/\/blankpage.ee\/_ruumist-ruumi\/wp-json\/wp\/v2\/product_cat?post=147304"},{"taxonomy":"product_tag","embeddable":true,"href":"https:\/\/blankpage.ee\/_ruumist-ruumi\/wp-json\/wp\/v2\/product_tag?post=147304"}],"curies":[{"name":"wp","href":"https:\/\/api.w.org\/{rel}","templated":true}]}}