{"id":147359,"date":"2025-03-06T00:22:00","date_gmt":"2025-03-06T00:22:00","guid":{"rendered":"https:\/\/ruumistruumi.ee\/pood\/alumiiniumist-aia-soogilaud-togo-must-200x100-2102-408\/"},"modified":"2025-08-14T11:17:02","modified_gmt":"2025-08-14T11:17:02","slug":"tiigipuust-aia-soogilaud-togo-must-200x100-2102-408","status":"publish","type":"product","link":"https:\/\/blankpage.ee\/_ruumist-ruumi\/pood\/tiigipuust-aia-soogilaud-togo-must-200x100-2102-408\/","title":{"rendered":"Tiigipuust aia s\u00f6\u00f6gilaud Togo, must, 200&#215;100, 2102-408"},"content":{"rendered":"<h3>Ajatu ja stiilne alumiiniumist aia s\u00f6\u00f6gilaud<\/h3>\n<p><strong>Must alumiiniumist aia s\u00f6\u00f6gilaud Togo<\/strong> on ideaalne valik igale terrassile v\u00f5i aeda. Selle ajatu disain ja vastupidavad materjalid muudavad selle m\u00f6\u00f6blieseme kauakestvaks ja stiilseks lahenduseks \u00f5ues einestamiseks. S\u00f6\u00f6gilaua tugev raam on valmistatud ilmastikukindlast alumiiniumist, mis tagab stabiilsuse ja pika eluea ka v\u00e4litingimustes.<\/p>\n<h3>Kvaliteetne ja vastupidav tiigipuust lauaplaat<\/h3>\n<p>Laua pealispind on valmistatud <strong>tiigipuust<\/strong>, mis on tuntud oma erakordse vastupidavuse ja loodusliku \u00f5lisisalduse poolest. T\u00e4nu sellele on materjal ilmastikukindel ja ei vaja sagedast t\u00f6\u00f6tlemist. Aja jooksul omandab tiigipuit kauni h\u00f5behalli patina, kuid soovi korral saab selle loomulikku kuldset tooni s\u00e4ilitada regulaarse \u00f5litamisega.<\/p>\n<h3>Minimalistlik disain ja praktilisus<\/h3>\n<p><strong>Must alumiiniumist aia s\u00f6\u00f6gilaud Togo<\/strong> sobib suurep\u00e4raselt nii modernsesse kui ka klassikalisse aiakeskkonda. Selle 200 x 100 cm suurune lauaplaat pakub piisavalt ruumi mugavaks einestamiseks kuni kuuele inimesele. Sidudes laua oma stiilis toolidega, saad luua tervikliku ja kutsuva \u00f5hkkonna suvisteks \u00f5htus\u00f6\u00f6kideks.<\/p>\n<h3>Hooldusjuhised<\/h3>\n<p>Tiigipuit on v\u00e4ga vastupidav materjal, mis sisaldab loomulikult palju \u00f5lisid, mist\u00f5ttu ei ole see sagedast immutamist vajav. Kui soovid s\u00e4ilitada puitu selle algses soojas toonis, soovitame seda aeg-ajalt spetsiaalse tiigi\u00f5liga t\u00f6\u00f6delda. Alumiiniumraami puhastamiseks piisab niiskest lapist ja \u00f5rnast seebilahusest.<\/p>\n<p>Vali <strong>must alumiiniumist aia s\u00f6\u00f6gilaud Togo<\/strong>, et tuua oma \u00f5uealale ajatu elegants ja praktilisus!<\/p>\n","protected":false},"excerpt":{"rendered":"<p>Ajatu ja stiilne alumiiniumist aia s\u00f6\u00f6gilaud Must alumiiniumist aia s\u00f6\u00f6gilaud Togo on ideaalne valik igale terrassile v\u00f5i aeda. Selle ajatu disain ja vastupidavad materjalid muudavad selle m\u00f6\u00f6blieseme kauakestvaks ja stiilseks lahenduseks \u00f5ues einestamiseks. S\u00f6\u00f6gilaua tugev raam on valmistatud ilmastikukindlast alumiiniumist, mis tagab stabiilsuse ja pika eluea ka v\u00e4litingimustes. Kvaliteetne ja vastupidav tiigipuust lauaplaat Laua pealispind [&hellip;]<\/p>\n","protected":false},"featured_media":164026,"comment_status":"open","ping_status":"open","template":"","meta":[],"product_brand":[1818],"product_cat":[1805],"product_tag":[],"class_list":{"0":"post-147359","1":"product","2":"type-product","3":"status-publish","4":"has-post-thumbnail","6":"product_brand-venture-design","7":"product_cat-kandilised-aia-soogilauad","8":"product_shipping_class-venture-design","9":"pa_jalgade-varv-must","10":"pa_kollektsioon-togo","11":"pa_laua-tasapinna-varvus-must","12":"pa_mootmed-100-x-200","13":"pa_varv-must","15":"first","16":"instock","17":"sale","18":"taxable","19":"shipping-taxable","20":"purchasable","21":"product-type-simple"},"_links":{"self":[{"href":"https:\/\/blankpage.ee\/_ruumist-ruumi\/wp-json\/wp\/v2\/product\/147359","targetHints":{"allow":["GET"]}}],"collection":[{"href":"https:\/\/blankpage.ee\/_ruumist-ruumi\/wp-json\/wp\/v2\/product"}],"about":[{"href":"https:\/\/blankpage.ee\/_ruumist-ruumi\/wp-json\/wp\/v2\/types\/product"}],"replies":[{"embeddable":true,"href":"https:\/\/blankpage.ee\/_ruumist-ruumi\/wp-json\/wp\/v2\/comments?post=147359"}],"wp:featuredmedia":[{"embeddable":true,"href":"https:\/\/blankpage.ee\/_ruumist-ruumi\/wp-json\/wp\/v2\/media\/164026"}],"wp:attachment":[{"href":"https:\/\/blankpage.ee\/_ruumist-ruumi\/wp-json\/wp\/v2\/media?parent=147359"}],"wp:term":[{"taxonomy":"product_brand","embeddable":true,"href":"https:\/\/blankpage.ee\/_ruumist-ruumi\/wp-json\/wp\/v2\/product_brand?post=147359"},{"taxonomy":"product_cat","embeddable":true,"href":"https:\/\/blankpage.ee\/_ruumist-ruumi\/wp-json\/wp\/v2\/product_cat?post=147359"},{"taxonomy":"product_tag","embeddable":true,"href":"https:\/\/blankpage.ee\/_ruumist-ruumi\/wp-json\/wp\/v2\/product_tag?post=147359"}],"curies":[{"name":"wp","href":"https:\/\/api.w.org\/{rel}","templated":true}]}}