{"id":147399,"date":"2025-03-06T00:22:00","date_gmt":"2025-03-06T00:22:00","guid":{"rendered":"https:\/\/ruumistruumi.ee\/pood\/alumiiniumist-aiatool-stina-must-2075-408\/"},"modified":"2025-08-14T11:17:05","modified_gmt":"2025-08-14T11:17:05","slug":"alumiiniumist-aiatool-stina-must-2075-408","status":"publish","type":"product","link":"https:\/\/blankpage.ee\/_ruumist-ruumi\/pood\/alumiiniumist-aiatool-stina-must-2075-408\/","title":{"rendered":"Alumiiniumist aiatool Stina, must, 2075-408"},"content":{"rendered":"<h3>Stiilne ja vastupidav alumiiniumist aiatool<\/h3>\n<p><strong>Alumiiniumist aiatool Stina, must<\/strong> on ideaalne valik sinu aeda, terrassile v\u00f5i r\u00f5dule. Selle elegantne ja kaasaegne disain muudab igasuguse v\u00e4liruumi kutsuvaks ning mugavaks. T\u00e4nu kergele alumiiniumraamile on tooli lihtne liigutada ja \u00fcmber paigutada vastavalt vajadusele.<\/p>\n<h3>Vastupidavad materjalid ja mugav istumiskogemus<\/h3>\n<p>Aiatooli iste ja seljatugi on kaetud kvaliteetse punutisega, mis lisab sellele loodusl\u00e4hedase ilme ning on samal ajal vastupidav ja hooldusvaba. Kunstpunutis on UV-kindel, mis t\u00e4hendab, et see ei tuhmu p\u00e4ikese k\u00e4es ega kaota oma esialgset v\u00e4limust ka aastate jooksul. T\u00e4nu sellele on tool ideaalne meie muutlikus kliimas.<\/p>\n<h3>Lihtne hooldus ja praktiline kasutus<\/h3>\n<p>Alumiiniumist aiatool Stina on loodud kestma ning vajab minimaalset hooldust. Regulaarne puhastamine pehme seebilahuse ja veega aitab eemaldada tolmu ning mustust, hoides m\u00f6\u00f6bli alati v\u00e4rskena. Kuigi tool on ilmastikukindel, soovitame selle eluea pikendamiseks hoiustada seda kuivas ja jahedas kohas v\u00f5i kasutada m\u00f6\u00f6blikatteid.<\/p>\n<h3>Ruumi s\u00e4\u00e4stev ja mitmek\u00fclgne<\/h3>\n<p>See aiatool ei ole mitte ainult stiilne ja mugav, vaid ka praktiline \u2013 t\u00e4nu virnastatavusele saab seda h\u00f5lpsalt hoiustada, kui toolid parasjagu kasutusel ei ole. Sobita tool oma lemmiklauaga ning loo t\u00e4iuslik \u00f5hkkond suvisteks \u00f5htus\u00f6\u00f6kideks koos pere ja s\u00f5pradega.<\/p>\n<p>Muuda oma v\u00e4liala stiilseks ja hubaseks <strong>alumiiniumist aiatooliga<\/strong>, mis \u00fchendab endas modernse disaini, vastupidavuse ja kasutusmugavuse.<\/p>\n","protected":false},"excerpt":{"rendered":"<p>Stiilne ja vastupidav alumiiniumist aiatool Alumiiniumist aiatool Stina, must on ideaalne valik sinu aeda, terrassile v\u00f5i r\u00f5dule. Selle elegantne ja kaasaegne disain muudab igasuguse v\u00e4liruumi kutsuvaks ning mugavaks. T\u00e4nu kergele alumiiniumraamile on tooli lihtne liigutada ja \u00fcmber paigutada vastavalt vajadusele. Vastupidavad materjalid ja mugav istumiskogemus Aiatooli iste ja seljatugi on kaetud kvaliteetse punutisega, mis lisab [&hellip;]<\/p>\n","protected":false},"featured_media":160537,"comment_status":"open","ping_status":"open","template":"","meta":[],"product_brand":[1818],"product_cat":[1683],"product_tag":[],"class_list":{"0":"post-147399","1":"product","2":"type-product","3":"status-publish","4":"has-post-thumbnail","6":"product_brand-venture-design","7":"product_cat-aiatoolid","8":"product_shipping_class-venture-design","9":"pa_istme-materjal-punutis","10":"pa_istme-varvus-must","11":"pa_jalgade-varv-must","12":"pa_kollektsioon-stina","13":"pa_mootmed-49-x-47-x-795","14":"pa_varv-must","16":"first","17":"instock","18":"sale","19":"taxable","20":"shipping-taxable","21":"purchasable","22":"product-type-simple"},"_links":{"self":[{"href":"https:\/\/blankpage.ee\/_ruumist-ruumi\/wp-json\/wp\/v2\/product\/147399","targetHints":{"allow":["GET"]}}],"collection":[{"href":"https:\/\/blankpage.ee\/_ruumist-ruumi\/wp-json\/wp\/v2\/product"}],"about":[{"href":"https:\/\/blankpage.ee\/_ruumist-ruumi\/wp-json\/wp\/v2\/types\/product"}],"replies":[{"embeddable":true,"href":"https:\/\/blankpage.ee\/_ruumist-ruumi\/wp-json\/wp\/v2\/comments?post=147399"}],"wp:featuredmedia":[{"embeddable":true,"href":"https:\/\/blankpage.ee\/_ruumist-ruumi\/wp-json\/wp\/v2\/media\/160537"}],"wp:attachment":[{"href":"https:\/\/blankpage.ee\/_ruumist-ruumi\/wp-json\/wp\/v2\/media?parent=147399"}],"wp:term":[{"taxonomy":"product_brand","embeddable":true,"href":"https:\/\/blankpage.ee\/_ruumist-ruumi\/wp-json\/wp\/v2\/product_brand?post=147399"},{"taxonomy":"product_cat","embeddable":true,"href":"https:\/\/blankpage.ee\/_ruumist-ruumi\/wp-json\/wp\/v2\/product_cat?post=147399"},{"taxonomy":"product_tag","embeddable":true,"href":"https:\/\/blankpage.ee\/_ruumist-ruumi\/wp-json\/wp\/v2\/product_tag?post=147399"}],"curies":[{"name":"wp","href":"https:\/\/api.w.org\/{rel}","templated":true}]}}