{"id":147437,"date":"2025-03-06T00:22:00","date_gmt":"2025-03-06T00:22:00","guid":{"rendered":"https:\/\/ruumistruumi.ee\/pood\/tiigipuust-reguleeritava-seljatoega-aiatool-kenya-naturaalne-9518-244\/"},"modified":"2025-08-14T11:17:09","modified_gmt":"2025-08-14T11:17:09","slug":"tiigipuust-reguleeritava-seljatoega-aiatool-kenya-naturaalne-9518-244","status":"publish","type":"product","link":"https:\/\/blankpage.ee\/_ruumist-ruumi\/pood\/tiigipuust-reguleeritava-seljatoega-aiatool-kenya-naturaalne-9518-244\/","title":{"rendered":"Tiigipuust reguleeritava seljatoega aiatool Kenya, naturaalne, 9518-244"},"content":{"rendered":"<h3>Ajatu disain ja praktilisus sinu aeda<\/h3>\n<p><strong>Tiigipuust reguleeritava seljatoega aiatool Kenya<\/strong> on ideaalne valik suviseks \u00f5uem\u00f6\u00f6bliks. Selle elegantne ja ajatu disain sobib suurep\u00e4raselt igasse aeda v\u00f5i terrassile. Tool on valmistatud kvaliteetsest <strong>tiigipuust<\/strong>, mis on tuntud oma vastupidavuse ja ilmastikukindluse poolest. T\u00e4nu ribistatud disainile ja mugavatele k\u00e4etugedele pakub see suurep\u00e4rast istumismugavust.<\/p>\n<h3>Kohandatav seljatugi maksimaalseks mugavuseks<\/h3>\n<p>Selle aiatooli suurim eelis on <strong>reguleeritav seljatugi<\/strong>, mis v\u00f5imaldab valida erinevate asendite vahel. Nii saad nautida nii l\u00f5\u00f5gastavat hetke kui ka mugavat istumisasendit pikemateks einekordadeks. Lisa juurde sobiv s\u00f6\u00f6gilaud ning loo terviklik aiam\u00f6\u00f6bli komplekt, mis muudab iga suve\u00f5htu eriliseks.<\/p>\n<h3>Tiigipuu \u2013 vastupidav ja hoolduskerge<\/h3>\n<p>Kenya aiatool on valmistatud <strong>sertifitseeritud tiigipuust<\/strong>, mis on spetsiaalselt kasvatatud m\u00f6\u00f6blitootmise eesm\u00e4rgil ega p\u00e4rine h\u00e4vitatavatest vihmametsadest. Tiigipuu on looduslikult \u00f5lirikas, mist\u00f5ttu see ei vaja sagedast immutamist. Aja jooksul v\u00f5ib puit omandada kauni hallika tooni, kuid regulaarse hooldusega on v\u00f5imalik s\u00e4ilitada selle soe ja naturaalne ilme.<\/p>\n<h3>Muuda oma terrass hubaseks<\/h3>\n<p>Kui otsid stiilset ja praktilist lahendust oma aiam\u00f6\u00f6blile, siis <strong>tiigipuust aiatool Kenya<\/strong> on suurep\u00e4rane valik. Selle ajatu disain, k\u00f5rge kvaliteet ja reguleeritav seljatugi teevad sellest suvehooaja lemmiku. Lisa see oma aianurka ning naudi iga hetke v\u00e4rskes \u00f5hus!<\/p>\n","protected":false},"excerpt":{"rendered":"<p>Ajatu disain ja praktilisus sinu aeda Tiigipuust reguleeritava seljatoega aiatool Kenya on ideaalne valik suviseks \u00f5uem\u00f6\u00f6bliks. Selle elegantne ja ajatu disain sobib suurep\u00e4raselt igasse aeda v\u00f5i terrassile. Tool on valmistatud kvaliteetsest tiigipuust, mis on tuntud oma vastupidavuse ja ilmastikukindluse poolest. T\u00e4nu ribistatud disainile ja mugavatele k\u00e4etugedele pakub see suurep\u00e4rast istumismugavust. Kohandatav seljatugi maksimaalseks mugavuseks Selle [&hellip;]<\/p>\n","protected":false},"featured_media":161037,"comment_status":"open","ping_status":"open","template":"","meta":[],"product_brand":[1818],"product_cat":[1803],"product_tag":[],"class_list":{"0":"post-147437","1":"product","2":"type-product","3":"status-publish","4":"has-post-thumbnail","6":"product_brand-venture-design","7":"product_cat-reguleeritava-seljatoega-aiatoolid","8":"product_shipping_class-venture-design","9":"pa_istme-materjal-tiigipuu","10":"pa_istme-varvus-naturaalne","11":"pa_jalgade-varv-naturaalne","12":"pa_kollektsioon-kenya","13":"pa_mootmed-73-x-62-x-105","14":"pa_varv-naturaalne","16":"first","17":"instock","18":"sale","19":"taxable","20":"shipping-taxable","21":"purchasable","22":"product-type-simple"},"_links":{"self":[{"href":"https:\/\/blankpage.ee\/_ruumist-ruumi\/wp-json\/wp\/v2\/product\/147437","targetHints":{"allow":["GET"]}}],"collection":[{"href":"https:\/\/blankpage.ee\/_ruumist-ruumi\/wp-json\/wp\/v2\/product"}],"about":[{"href":"https:\/\/blankpage.ee\/_ruumist-ruumi\/wp-json\/wp\/v2\/types\/product"}],"replies":[{"embeddable":true,"href":"https:\/\/blankpage.ee\/_ruumist-ruumi\/wp-json\/wp\/v2\/comments?post=147437"}],"wp:featuredmedia":[{"embeddable":true,"href":"https:\/\/blankpage.ee\/_ruumist-ruumi\/wp-json\/wp\/v2\/media\/161037"}],"wp:attachment":[{"href":"https:\/\/blankpage.ee\/_ruumist-ruumi\/wp-json\/wp\/v2\/media?parent=147437"}],"wp:term":[{"taxonomy":"product_brand","embeddable":true,"href":"https:\/\/blankpage.ee\/_ruumist-ruumi\/wp-json\/wp\/v2\/product_brand?post=147437"},{"taxonomy":"product_cat","embeddable":true,"href":"https:\/\/blankpage.ee\/_ruumist-ruumi\/wp-json\/wp\/v2\/product_cat?post=147437"},{"taxonomy":"product_tag","embeddable":true,"href":"https:\/\/blankpage.ee\/_ruumist-ruumi\/wp-json\/wp\/v2\/product_tag?post=147437"}],"curies":[{"name":"wp","href":"https:\/\/api.w.org\/{rel}","templated":true}]}}