{"id":147492,"date":"2025-03-06T00:32:00","date_gmt":"2025-03-06T00:32:00","guid":{"rendered":"https:\/\/ruumistruumi.ee\/pood\/paikesevari-palmetto-must-punane-270-cm-2094-489\/"},"modified":"2025-06-25T20:32:01","modified_gmt":"2025-06-25T20:32:01","slug":"paikesevari-palmetto-must-punane-270-cm-2094-489","status":"publish","type":"product","link":"https:\/\/blankpage.ee\/_ruumist-ruumi\/pood\/paikesevari-palmetto-must-punane-270-cm-2094-489\/","title":{"rendered":"P\u00e4ikesevari Palmetto, must\/punane, 270 cm, 2094-489"},"content":{"rendered":"<h3>Stiilne ja praktiline P\u00e4ikesevari Palmetto<\/h3>\n<p>Kaunista oma v\u00e4likeskkonda <strong>P\u00e4ikesevari Palmetto<\/strong> abil, mis \u00fchendab kaasaegse stiili ja praktilisuse. See 270 cm l\u00e4bim\u00f5\u00f5duga p\u00e4ikesevari pakub suurep\u00e4rast kaitset p\u00e4ikese eest ning sobib suurep\u00e4raselt nii terrassile kui ka lamamistooli k\u00f5rvale. T\u00e4nu oma kergesti liigutatavale disainile saad varju paigutada just sinna, kus seda k\u00f5ige rohkem vajad.<\/p>\n<h3>Kvaliteet ja vastupidavus<\/h3>\n<p><strong>P\u00e4ikesevari Palmetto<\/strong> on valmistatud vastupidavatest materjalidest, mis tagavad pika kasutusea. Selle musta ja punase tooniga kangas lisab v\u00e4lim\u00f6\u00f6blile modernset ilmet ning loob meeldiva varjulise ala. Vastupidav konstruktsioon tagab stabiilsuse ka kerge tuulega, kuid soovitame tugeva tuulega p\u00e4ikesevarju kokku panna, et v\u00e4ltida kahjustusi.<\/p>\n<h3>Hooldus ja kasutusmugavus<\/h3>\n<p>Et s\u00e4ilitada p\u00e4ikesevarju hea v\u00e4limus ja pikendada selle eluiga, soovitame kasutada spetsiaalset kaitsekatet. Kata vari, kui seda parasjagu ei kasutata, et v\u00e4hendada p\u00e4ikesekiirguse m\u00f5ju ja v\u00e4ltida pleekimist. Oluline on veenduda, et vari on enne katte peale panemist t\u00e4ielikult kuiv, et v\u00e4ltida hallituse teket.<\/p>\n<h3>Loo t\u00e4iuslik varjuline puhkenurk<\/h3>\n<p>Olgu see hommikukohv terrassil v\u00f5i p\u00e4rastl\u00f5unane puhkus aiatoolil \u2013 <strong>P\u00e4ikesevari Palmetto<\/strong> tagab meeldiva varju ja lisab sinu \u00f5uealale stiili. T\u00e4nu oma ajatu disainiga kombinatsioonile mustast ja punasest sobib see suurep\u00e4raselt erinevate aiam\u00f6\u00f6blikomplektidega.<\/p>\n","protected":false},"excerpt":{"rendered":"<p>Stiilne ja praktiline P\u00e4ikesevari Palmetto Kaunista oma v\u00e4likeskkonda P\u00e4ikesevari Palmetto abil, mis \u00fchendab kaasaegse stiili ja praktilisuse. See 270 cm l\u00e4bim\u00f5\u00f5duga p\u00e4ikesevari pakub suurep\u00e4rast kaitset p\u00e4ikese eest ning sobib suurep\u00e4raselt nii terrassile kui ka lamamistooli k\u00f5rvale. T\u00e4nu oma kergesti liigutatavale disainile saad varju paigutada just sinna, kus seda k\u00f5ige rohkem vajad. Kvaliteet ja vastupidavus P\u00e4ikesevari [&hellip;]<\/p>\n","protected":false},"featured_media":165072,"comment_status":"open","ping_status":"closed","template":"","meta":[],"product_brand":[1818],"product_cat":[1813],"product_tag":[],"class_list":{"0":"post-147492","1":"product","2":"type-product","3":"status-publish","4":"has-post-thumbnail","6":"product_brand-venture-design","7":"product_cat-paikesevarjud","8":"product_shipping_class-venture-design","9":"pa_kangas-100-poluester","10":"pa_kollektsioon-palmetto","11":"pa_mootmed-o270","12":"pa_varv-punane","13":"pa_varv-must","15":"first","16":"outofstock","17":"sale","18":"taxable","19":"shipping-taxable","20":"purchasable","21":"product-type-simple"},"_links":{"self":[{"href":"https:\/\/blankpage.ee\/_ruumist-ruumi\/wp-json\/wp\/v2\/product\/147492","targetHints":{"allow":["GET"]}}],"collection":[{"href":"https:\/\/blankpage.ee\/_ruumist-ruumi\/wp-json\/wp\/v2\/product"}],"about":[{"href":"https:\/\/blankpage.ee\/_ruumist-ruumi\/wp-json\/wp\/v2\/types\/product"}],"replies":[{"embeddable":true,"href":"https:\/\/blankpage.ee\/_ruumist-ruumi\/wp-json\/wp\/v2\/comments?post=147492"}],"wp:featuredmedia":[{"embeddable":true,"href":"https:\/\/blankpage.ee\/_ruumist-ruumi\/wp-json\/wp\/v2\/media\/165072"}],"wp:attachment":[{"href":"https:\/\/blankpage.ee\/_ruumist-ruumi\/wp-json\/wp\/v2\/media?parent=147492"}],"wp:term":[{"taxonomy":"product_brand","embeddable":true,"href":"https:\/\/blankpage.ee\/_ruumist-ruumi\/wp-json\/wp\/v2\/product_brand?post=147492"},{"taxonomy":"product_cat","embeddable":true,"href":"https:\/\/blankpage.ee\/_ruumist-ruumi\/wp-json\/wp\/v2\/product_cat?post=147492"},{"taxonomy":"product_tag","embeddable":true,"href":"https:\/\/blankpage.ee\/_ruumist-ruumi\/wp-json\/wp\/v2\/product_tag?post=147492"}],"curies":[{"name":"wp","href":"https:\/\/api.w.org\/{rel}","templated":true}]}}