{"id":147503,"date":"2025-03-06T00:32:00","date_gmt":"2025-03-06T00:32:00","guid":{"rendered":"https:\/\/ruumistruumi.ee\/pood\/paikesevari-palmetto-must-hall-270-cm-2094-485\/"},"modified":"2025-08-20T11:22:19","modified_gmt":"2025-08-20T11:22:19","slug":"paikesevari-palmetto-must-hall-270-cm-2094-485","status":"publish","type":"product","link":"https:\/\/blankpage.ee\/_ruumist-ruumi\/pood\/paikesevari-palmetto-must-hall-270-cm-2094-485\/","title":{"rendered":"P\u00e4ikesevari Palmetto, must\/hall, 270 cm, 2094-485"},"content":{"rendered":"<h3>Stiilne ja praktiline p\u00e4ikesevari Palmetto<\/h3>\n<p><strong>P\u00e4ikesevari Palmetto<\/strong> on ideaalne lisand sinu terrassile v\u00f5i aianurka, pakkudes vajalikku varju kuumal suvep\u00e4eval. T\u00e4nu oma modernsele disainile sobib see suurep\u00e4raselt nii aiam\u00f6\u00f6bli komplekti k\u00f5rvale kui ka lamamistooli juurde. P\u00e4ikesevarju saab lihtsalt liigutada, et leida just see koht, kus soovid jahedust nautida.<\/p>\n<h3>Vastupidav ja stiilne disain<\/h3>\n<p>Palmetto p\u00e4ikesevari on valmistatud kvaliteetsetest materjalidest, mis tagavad selle pikaealisuse ja vastupidavuse. Suur, 270 cm l\u00e4bim\u00f5\u00f5duga vari pakub laialdast varjualust, aidates kaitsta p\u00e4ikese intensiivse kiirguse eest. Selle elegantne musta ja halli kombinatsioon lisab igale \u00f5uealale maitsekust ja ajatut stiili.<\/p>\n<h3>Hooldussoovitused<\/h3>\n<p>Et tagada <strong>p\u00e4ikesevari Palmetto<\/strong> maksimaalne eluiga, soovitame kasutada spetsiaalset varjukatet. Katet tuleks peale t\u00f5mmata alati siis, kui vari ei ole kasutusel, et v\u00e4hendada UV-kiirguse p\u00f5hjustatud pleekimist. Oluline on katta vari vaid siis, kui see on t\u00e4iesti kuiv, v\u00e4ltimaks hallituse teket. Samuti ei tohiks p\u00e4ikesevarju tugeva tuulega lahtiselt j\u00e4tta, kuna eriti rippuvad variandid on tuule suhtes tundlikumad kui kesksambaga mudelid.<\/p>\n<p>Naudi suve t\u00e4iel rinnal koos usaldusv\u00e4\u00e4rse ja elegantse p\u00e4ikesevarjuga Palmetto, mis pakub nii praktilisust kui ka stiili sinu \u00f5uealale.<\/p>\n","protected":false},"excerpt":{"rendered":"<p>Stiilne ja praktiline p\u00e4ikesevari Palmetto P\u00e4ikesevari Palmetto on ideaalne lisand sinu terrassile v\u00f5i aianurka, pakkudes vajalikku varju kuumal suvep\u00e4eval. T\u00e4nu oma modernsele disainile sobib see suurep\u00e4raselt nii aiam\u00f6\u00f6bli komplekti k\u00f5rvale kui ka lamamistooli juurde. P\u00e4ikesevarju saab lihtsalt liigutada, et leida just see koht, kus soovid jahedust nautida. Vastupidav ja stiilne disain Palmetto p\u00e4ikesevari on valmistatud [&hellip;]<\/p>\n","protected":false},"featured_media":165036,"comment_status":"open","ping_status":"closed","template":"","meta":[],"product_brand":[1818],"product_cat":[1813],"product_tag":[],"class_list":{"0":"post-147503","1":"product","2":"type-product","3":"status-publish","4":"has-post-thumbnail","6":"product_brand-venture-design","7":"product_cat-paikesevarjud","8":"product_shipping_class-venture-design","9":"pa_kangas-100-poluester","10":"pa_kollektsioon-palmetto","11":"pa_mootmed-o270","12":"pa_varv-hall","13":"pa_varv-must","15":"first","16":"instock","17":"sale","18":"taxable","19":"shipping-taxable","20":"purchasable","21":"product-type-simple"},"_links":{"self":[{"href":"https:\/\/blankpage.ee\/_ruumist-ruumi\/wp-json\/wp\/v2\/product\/147503","targetHints":{"allow":["GET"]}}],"collection":[{"href":"https:\/\/blankpage.ee\/_ruumist-ruumi\/wp-json\/wp\/v2\/product"}],"about":[{"href":"https:\/\/blankpage.ee\/_ruumist-ruumi\/wp-json\/wp\/v2\/types\/product"}],"replies":[{"embeddable":true,"href":"https:\/\/blankpage.ee\/_ruumist-ruumi\/wp-json\/wp\/v2\/comments?post=147503"}],"wp:featuredmedia":[{"embeddable":true,"href":"https:\/\/blankpage.ee\/_ruumist-ruumi\/wp-json\/wp\/v2\/media\/165036"}],"wp:attachment":[{"href":"https:\/\/blankpage.ee\/_ruumist-ruumi\/wp-json\/wp\/v2\/media?parent=147503"}],"wp:term":[{"taxonomy":"product_brand","embeddable":true,"href":"https:\/\/blankpage.ee\/_ruumist-ruumi\/wp-json\/wp\/v2\/product_brand?post=147503"},{"taxonomy":"product_cat","embeddable":true,"href":"https:\/\/blankpage.ee\/_ruumist-ruumi\/wp-json\/wp\/v2\/product_cat?post=147503"},{"taxonomy":"product_tag","embeddable":true,"href":"https:\/\/blankpage.ee\/_ruumist-ruumi\/wp-json\/wp\/v2\/product_tag?post=147503"}],"curies":[{"name":"wp","href":"https:\/\/api.w.org\/{rel}","templated":true}]}}