{"id":147553,"date":"2025-03-06T00:32:00","date_gmt":"2025-03-06T00:32:00","guid":{"rendered":"https:\/\/ruumistruumi.ee\/pood\/paikesevari-nyp-must-naturaalne-330-cm-2091-333\/"},"modified":"2025-08-14T21:59:47","modified_gmt":"2025-08-14T21:59:47","slug":"paikesevari-nyp-must-naturaalne-330-cm-2091-333","status":"publish","type":"product","link":"https:\/\/blankpage.ee\/_ruumist-ruumi\/pood\/paikesevari-nyp-must-naturaalne-330-cm-2091-333\/","title":{"rendered":"P\u00e4ikesevari Nyp, must\/naturaalne, 330 cm, 2091-333"},"content":{"rendered":"<h3>Stiilne ja funktsionaalne p\u00e4ikesevari Nyp<\/h3>\n<p><strong>P\u00e4ikesevari Nyp<\/strong> on ideaalne kaaslane suvistele p\u00e4evadele, pakkudes meeldivat varju nii l\u00f5unas\u00f6\u00f6gi ajal kui ka l\u00f5\u00f5gastumiseks \u00f5ues. Selle ajatu disain ja vastupidavad materjalid muudavad selle sobivaks igasse aeda, terrassile v\u00f5i r\u00f5dule.<\/p>\n<h3>Kaasaegne disain ja vastupidavad materjalid<\/h3>\n<p>Selle p\u00e4ikesevarju must kangas loob elegantse kontrasti naturaalse puidust postiga, andes modernse ja ajatu ilme. T\u00e4nu l\u00e4bim\u00f5eldud konstruktsioonile on vari lihtsasti avatav ja suletav, muutes selle kiireks ja mugavaks kasutamiseks igas olukorras.<\/p>\n<h3>Kaitse ja hooldus<\/h3>\n<p>Et <strong>p\u00e4ikesevari Nyp<\/strong> p\u00fcsiks kauem kaunis ja heas seisukorras, soovitame kasutada spetsiaalset kaitsekatet. Kata vari kinni, kui seda ei kasutata \u2013 see v\u00e4hendab p\u00e4ikese pleegitavat m\u00f5ju ja pikendab kasutusiga. Oluline on veenduda, et varjukangas oleks enne katte peale panemist kuiv, et v\u00e4ltida hallituse teket.<\/p>\n<p>Pidage meeles, et rippuvad p\u00e4ikesevarjud on tuule suhtes tundlikumad kui kesksambaga mudelid, seega on soovitatav vari alati sulgeda, kui see parajasti kasutuses ei ole.<\/p>\n<h3>Lisa oma \u00f5uealale praktilisust ja stiili<\/h3>\n<p><strong>P\u00e4ikesevari Nyp<\/strong> \u00fchendab endas funktsionaalsuse ja elegantse v\u00e4limuse, muutes selle t\u00e4iuslikuks lisandiks igasse v\u00e4liruumi. Selle ajatu disain sobib erinevate sisustusstiilidega, pakkudes samal ajal usaldusv\u00e4\u00e4rset kaitset p\u00e4ikese eest.<\/p>\n","protected":false},"excerpt":{"rendered":"<p>Stiilne ja funktsionaalne p\u00e4ikesevari Nyp P\u00e4ikesevari Nyp on ideaalne kaaslane suvistele p\u00e4evadele, pakkudes meeldivat varju nii l\u00f5unas\u00f6\u00f6gi ajal kui ka l\u00f5\u00f5gastumiseks \u00f5ues. Selle ajatu disain ja vastupidavad materjalid muudavad selle sobivaks igasse aeda, terrassile v\u00f5i r\u00f5dule. Kaasaegne disain ja vastupidavad materjalid Selle p\u00e4ikesevarju must kangas loob elegantse kontrasti naturaalse puidust postiga, andes modernse ja ajatu [&hellip;]<\/p>\n","protected":false},"featured_media":164979,"comment_status":"open","ping_status":"open","template":"","meta":[],"product_brand":[1818],"product_cat":[1813],"product_tag":[],"class_list":{"0":"post-147553","1":"product","2":"type-product","3":"status-publish","4":"has-post-thumbnail","6":"product_brand-venture-design","7":"product_cat-paikesevarjud","8":"product_shipping_class-venture-design","9":"pa_kangas-100-poluester","10":"pa_kollektsioon-nypo","11":"pa_mootmed-330-x-330-x-258","12":"pa_varv-naturaalne","13":"pa_varv-must","15":"first","16":"instock","17":"sale","18":"taxable","19":"shipping-taxable","20":"purchasable","21":"product-type-simple"},"_links":{"self":[{"href":"https:\/\/blankpage.ee\/_ruumist-ruumi\/wp-json\/wp\/v2\/product\/147553","targetHints":{"allow":["GET"]}}],"collection":[{"href":"https:\/\/blankpage.ee\/_ruumist-ruumi\/wp-json\/wp\/v2\/product"}],"about":[{"href":"https:\/\/blankpage.ee\/_ruumist-ruumi\/wp-json\/wp\/v2\/types\/product"}],"replies":[{"embeddable":true,"href":"https:\/\/blankpage.ee\/_ruumist-ruumi\/wp-json\/wp\/v2\/comments?post=147553"}],"wp:featuredmedia":[{"embeddable":true,"href":"https:\/\/blankpage.ee\/_ruumist-ruumi\/wp-json\/wp\/v2\/media\/164979"}],"wp:attachment":[{"href":"https:\/\/blankpage.ee\/_ruumist-ruumi\/wp-json\/wp\/v2\/media?parent=147553"}],"wp:term":[{"taxonomy":"product_brand","embeddable":true,"href":"https:\/\/blankpage.ee\/_ruumist-ruumi\/wp-json\/wp\/v2\/product_brand?post=147553"},{"taxonomy":"product_cat","embeddable":true,"href":"https:\/\/blankpage.ee\/_ruumist-ruumi\/wp-json\/wp\/v2\/product_cat?post=147553"},{"taxonomy":"product_tag","embeddable":true,"href":"https:\/\/blankpage.ee\/_ruumist-ruumi\/wp-json\/wp\/v2\/product_tag?post=147553"}],"curies":[{"name":"wp","href":"https:\/\/api.w.org\/{rel}","templated":true}]}}