{"id":147609,"date":"2025-03-06T00:32:00","date_gmt":"2025-03-06T00:32:00","guid":{"rendered":"https:\/\/ruumistruumi.ee\/pood\/paikesevari-corypho-must-naturaalne-250-cm-2098-333\/"},"modified":"2025-08-14T11:16:46","modified_gmt":"2025-08-14T11:16:46","slug":"paikesevari-corypho-must-naturaalne-250-cm-2098-333","status":"publish","type":"product","link":"https:\/\/blankpage.ee\/_ruumist-ruumi\/pood\/paikesevari-corypho-must-naturaalne-250-cm-2098-333\/","title":{"rendered":"P\u00e4ikesevari Corypho, must\/naturaalne, 250 cm, 2098-333"},"content":{"rendered":"<h3>Stiilne ja praktiline p\u00e4ikesevari Corypho<\/h3>\n<p><strong>P\u00e4ikesevari Corypho<\/strong> on ideaalne lahendus, kui soovid nautida sooja suveilma, kuid samal ajal kaitsta end liigse p\u00e4ikese eest. Selle elegantne disain ja must kangas sobivad suurep\u00e4raselt igasse aeda, terrassile v\u00f5i r\u00f5dule. T\u00e4nu kallutusfunktsioonile saad vari h\u00f5lpsalt oma vajadustele vastavalt reguleerida, pakkudes varju just sinna, kus seda k\u00f5ige rohkem vajad.<\/p>\n<h3>Kvaliteetne ja vastupidav konstruktsioon<\/h3>\n<p>See p\u00e4ikesevari on valmistatud vastupidavatest ja hoolikalt valitud materjalidest, mis tagavad pikaajalise kasutuse. Metallist raam pakub tugevat ja stabiilset konstruktsiooni, samas kui kvaliteetne kangas kaitseb nii p\u00e4ikesevalguse kui ka kerge vihmasaju eest. T\u00e4nu oma 250 cm l\u00e4bim\u00f5\u00f5dule pakub Corypho p\u00e4ikesevari rohkelt varju, muutes sinu \u00f5ueala veelgi mugavamaks ja nauditavamaks.<\/p>\n<h3>Hooldussoovitused<\/h3>\n<p>Et hoida <strong>p\u00e4ikesevari Corypho<\/strong> kaunina aastaid, soovitame kasutada spetsiaalset kaitsekatet. Kata vari alati, kui seda ei kasutata, et v\u00e4hendada p\u00e4ikesest p\u00f5hjustatud pleekimist. Veendu, et vari oleks enne katmist t\u00e4iesti kuiv, et v\u00e4ltida hallituse teket. Samuti ei ole soovitatav j\u00e4tta p\u00e4ikesevarju tuulise ilmaga avatuks, kuna rippt\u00fc\u00fcpi varjud on tuulele tundlikumad kui keskpostiga variandid.<\/p>\n<h3>Elegantne valik sinu \u00f5uealale<\/h3>\n<p><strong>P\u00e4ikesevari Corypho<\/strong> \u00fchendab endas stiili ja funktsionaalsuse, pakkudes t\u00f5husat kaitset p\u00e4ikese eest ning t\u00e4iustades sinu v\u00e4liala esteetikat. See on ideaalne valik neile, kes hindavad kvaliteeti ja mugavust oma aias v\u00f5i terrassil.<\/p>\n","protected":false},"excerpt":{"rendered":"<p>Stiilne ja praktiline p\u00e4ikesevari Corypho P\u00e4ikesevari Corypho on ideaalne lahendus, kui soovid nautida sooja suveilma, kuid samal ajal kaitsta end liigse p\u00e4ikese eest. Selle elegantne disain ja must kangas sobivad suurep\u00e4raselt igasse aeda, terrassile v\u00f5i r\u00f5dule. T\u00e4nu kallutusfunktsioonile saad vari h\u00f5lpsalt oma vajadustele vastavalt reguleerida, pakkudes varju just sinna, kus seda k\u00f5ige rohkem vajad. Kvaliteetne [&hellip;]<\/p>\n","protected":false},"featured_media":165082,"comment_status":"open","ping_status":"open","template":"","meta":[],"product_brand":[1818],"product_cat":[1813],"product_tag":[],"class_list":{"0":"post-147609","1":"product","2":"type-product","3":"status-publish","4":"has-post-thumbnail","6":"product_brand-venture-design","7":"product_cat-paikesevarjud","8":"product_shipping_class-venture-design","9":"pa_kangas-100-poluester","10":"pa_kollektsioon-corypho","11":"pa_mootmed-o250","12":"pa_varv-naturaalne","13":"pa_varv-must","15":"first","16":"instock","17":"sale","18":"taxable","19":"shipping-taxable","20":"purchasable","21":"product-type-simple"},"_links":{"self":[{"href":"https:\/\/blankpage.ee\/_ruumist-ruumi\/wp-json\/wp\/v2\/product\/147609","targetHints":{"allow":["GET"]}}],"collection":[{"href":"https:\/\/blankpage.ee\/_ruumist-ruumi\/wp-json\/wp\/v2\/product"}],"about":[{"href":"https:\/\/blankpage.ee\/_ruumist-ruumi\/wp-json\/wp\/v2\/types\/product"}],"replies":[{"embeddable":true,"href":"https:\/\/blankpage.ee\/_ruumist-ruumi\/wp-json\/wp\/v2\/comments?post=147609"}],"wp:featuredmedia":[{"embeddable":true,"href":"https:\/\/blankpage.ee\/_ruumist-ruumi\/wp-json\/wp\/v2\/media\/165082"}],"wp:attachment":[{"href":"https:\/\/blankpage.ee\/_ruumist-ruumi\/wp-json\/wp\/v2\/media?parent=147609"}],"wp:term":[{"taxonomy":"product_brand","embeddable":true,"href":"https:\/\/blankpage.ee\/_ruumist-ruumi\/wp-json\/wp\/v2\/product_brand?post=147609"},{"taxonomy":"product_cat","embeddable":true,"href":"https:\/\/blankpage.ee\/_ruumist-ruumi\/wp-json\/wp\/v2\/product_cat?post=147609"},{"taxonomy":"product_tag","embeddable":true,"href":"https:\/\/blankpage.ee\/_ruumist-ruumi\/wp-json\/wp\/v2\/product_tag?post=147609"}],"curies":[{"name":"wp","href":"https:\/\/api.w.org\/{rel}","templated":true}]}}