{"id":147662,"date":"2025-03-06T00:32:00","date_gmt":"2025-03-06T00:32:00","guid":{"rendered":"https:\/\/ruumistruumi.ee\/pood\/puidust-paikesevari-cerox-must-naturaalne-270-cm-2092-313\/"},"modified":"2025-08-14T11:16:51","modified_gmt":"2025-08-14T11:16:51","slug":"puidust-paikesevari-cerox-must-naturaalne-270cm-2092-313","status":"publish","type":"product","link":"https:\/\/blankpage.ee\/_ruumist-ruumi\/pood\/puidust-paikesevari-cerox-must-naturaalne-270cm-2092-313\/","title":{"rendered":"Puidust p\u00e4ikesevari Cerox, must\/naturaalne, 270cm, 2092-313"},"content":{"rendered":"<h3>Stiilne ja praktiline puidust p\u00e4ikesevari<\/h3>\n<p><strong>Puidust p\u00e4ikesevari Cerox<\/strong> pakub nii elegantset v\u00e4limust kui ka funktsionaalset kaitset p\u00e4ikese eest. Selle ajatu musta v\u00e4rvi kangas ja naturaalsest puidust raam loovad stiilse koosluse, mis t\u00e4iendab iga aiam\u00f6\u00f6bli komplekti. T\u00e4nu oma suuremale ja k\u00f5rgemale disainile pakub see vari rohkelt varju ning sobib suurep\u00e4raselt nii s\u00f6\u00f6giala kohale kui ka istumisnurka.<\/p>\n<h3>Paindlik ja lihtsasti kasutatav<\/h3>\n<p>See p\u00e4ikesevari on varustatud mugava kokkuvolditava mehhanismiga, mis v\u00f5imaldab seda h\u00f5lpsalt avada ja sulgeda. Lisaks saab varju vastavalt vajadusele reguleerida, et leida parim nurk p\u00e4ikese eest kaitsmiseks. Olgu tegemist hommikukohvi nautimise v\u00f5i kuumal suvep\u00e4eval l\u00f5\u00f5gastumisega \u2013 see vari loob meeldiva atmosf\u00e4\u00e4ri igal ajal.<\/p>\n<h3>Kvaliteetne ja vastupidav materjal<\/h3>\n<p>P\u00e4ikesevarju kangas on musta v\u00e4rvi ning valmistatud mustust ja vett h\u00fclgavast materjalist. See t\u00e4hendab, et vari peab h\u00e4sti vastu igap\u00e4evasele kasutusele ning on lihtsasti hooldatav. Kangast saab puhastada \u00f5rna k\u00e4sipesu ja tilkkuivatusmeetodiga. Kuigi kangas on veekindel, ei ole see t\u00e4ielikult veekindel \u2013 vari talub kuni 180 g vett laes ja 160 g seintel.<\/p>\n<h3>Ideaalne t\u00e4iendus sinu \u00f5uealale<\/h3>\n<p><strong>Puidust p\u00e4ikesevari Cerox<\/strong> on suurep\u00e4rane valik neile, kes hindavad kvaliteeti ja stiili. Selle l\u00e4bim\u00f5eldud disain ja looduslikud materjalid loovad \u00f5dusat meeleolu ning pakuvad vajaliku kaitse ereda p\u00e4ikese eest. Paiguta see oma terrassile, r\u00f5dule v\u00f5i aeda ning naudi suve t\u00e4iel rinnal!<\/p>\n","protected":false},"excerpt":{"rendered":"<p>Stiilne ja praktiline puidust p\u00e4ikesevari Puidust p\u00e4ikesevari Cerox pakub nii elegantset v\u00e4limust kui ka funktsionaalset kaitset p\u00e4ikese eest. Selle ajatu musta v\u00e4rvi kangas ja naturaalsest puidust raam loovad stiilse koosluse, mis t\u00e4iendab iga aiam\u00f6\u00f6bli komplekti. T\u00e4nu oma suuremale ja k\u00f5rgemale disainile pakub see vari rohkelt varju ning sobib suurep\u00e4raselt nii s\u00f6\u00f6giala kohale kui ka istumisnurka. [&hellip;]<\/p>\n","protected":false},"featured_media":165000,"comment_status":"open","ping_status":"open","template":"","meta":[],"product_brand":[1818],"product_cat":[1813],"product_tag":[],"class_list":{"0":"post-147662","1":"product","2":"type-product","3":"status-publish","4":"has-post-thumbnail","6":"product_brand-venture-design","7":"product_cat-paikesevarjud","8":"product_shipping_class-venture-design","9":"pa_kangas-100-poluester","10":"pa_kollektsioon-cerox","11":"pa_mootmed-o270","12":"pa_varv-naturaalne","13":"pa_varv-must","15":"first","16":"instock","17":"sale","18":"taxable","19":"shipping-taxable","20":"purchasable","21":"product-type-simple"},"_links":{"self":[{"href":"https:\/\/blankpage.ee\/_ruumist-ruumi\/wp-json\/wp\/v2\/product\/147662","targetHints":{"allow":["GET"]}}],"collection":[{"href":"https:\/\/blankpage.ee\/_ruumist-ruumi\/wp-json\/wp\/v2\/product"}],"about":[{"href":"https:\/\/blankpage.ee\/_ruumist-ruumi\/wp-json\/wp\/v2\/types\/product"}],"replies":[{"embeddable":true,"href":"https:\/\/blankpage.ee\/_ruumist-ruumi\/wp-json\/wp\/v2\/comments?post=147662"}],"wp:featuredmedia":[{"embeddable":true,"href":"https:\/\/blankpage.ee\/_ruumist-ruumi\/wp-json\/wp\/v2\/media\/165000"}],"wp:attachment":[{"href":"https:\/\/blankpage.ee\/_ruumist-ruumi\/wp-json\/wp\/v2\/media?parent=147662"}],"wp:term":[{"taxonomy":"product_brand","embeddable":true,"href":"https:\/\/blankpage.ee\/_ruumist-ruumi\/wp-json\/wp\/v2\/product_brand?post=147662"},{"taxonomy":"product_cat","embeddable":true,"href":"https:\/\/blankpage.ee\/_ruumist-ruumi\/wp-json\/wp\/v2\/product_cat?post=147662"},{"taxonomy":"product_tag","embeddable":true,"href":"https:\/\/blankpage.ee\/_ruumist-ruumi\/wp-json\/wp\/v2\/product_tag?post=147662"}],"curies":[{"name":"wp","href":"https:\/\/api.w.org\/{rel}","templated":true}]}}