{"id":147674,"date":"2025-03-06T00:45:41","date_gmt":"2025-03-06T00:45:41","guid":{"rendered":"https:\/\/ruumistruumi.ee\/pood\/metallist-lokkease-bastian-rusty-2020-112\/"},"modified":"2025-08-17T03:17:35","modified_gmt":"2025-08-17T03:17:35","slug":"metallist-lokkease-bastian-rusty-2020-112","status":"publish","type":"product","link":"https:\/\/blankpage.ee\/_ruumist-ruumi\/pood\/metallist-lokkease-bastian-rusty-2020-112\/","title":{"rendered":"Metallist l\u00f5kkease Bastian, rusty, 2020-112"},"content":{"rendered":"<h3>Metallist l\u00f5kkease Bastian \u2013 hubasust igasse \u00f5ue<\/h3>\n<p><strong>Metallist l\u00f5kkease Bastian<\/strong> loob sinu terrassile v\u00f5i aeda sooja ja kutsuva atmosf\u00e4\u00e4ri. Kui \u00f5htud jahedamaks muutuvad, saab sellest ideaalne koht, kus pere ja s\u00f5pradega aega veeta. Naudi l\u00f5kketule praksumist ja hubast valgust, mis loob erilise meeleolu igal \u00f5htul.<\/p>\n<h3>Vastupidav ja stiilne disain<\/h3>\n<p>Bastian l\u00f5kkease on valmistatud vastupidavast metallist, mis tagab pika kasutusea ja stabiilsuse. Selle rustikaalne roostev\u00e4rvi viimistlus lisab iseloomu ning sobib suurep\u00e4raselt nii modernsesse kui ka klassikalisse \u00f5uekujundusse. Aja jooksul muutub metallist pind veelgi unikaalsemaks, tuues esile naturaalse ilme.<\/p>\n<h3>Naudi soojust ja koosviibimisi<\/h3>\n<p>Suve\u00f5htud venivad pikemaks, kui keskel s\u00e4rab elav tuli. <strong>Metallist l\u00f5kkease Bastian<\/strong> pakub t\u00e4iuslikku v\u00f5imalust nautida \u00f5ues olemist ka jahedamatel p\u00e4evadel. See on suurep\u00e4rane lisa terrassile, aeda v\u00f5i suvilasse, pakkudes soojust ja romantilist atmosf\u00e4\u00e4ri. <\/p>\n<h3>Lihtne kasutada ja hooldada<\/h3>\n<p>Bastiani l\u00f5kkeaset on lihtne paigaldada ja kasutada. T\u00e4nu tugevale konstruktsioonile p\u00fcsib see kindlalt paigal ning v\u00f5imaldab turvalist tule tegemist. P\u00e4rast kasutamist lase l\u00f5kkel t\u00e4ielikult jahtuda ning puhasta vajadusel tuhk. T\u00e4nu vastupidavatele materjalidele vajab see minimaalset hooldust.<\/p>\n<p>Too oma \u00f5uealale rohkem soojust ja iseloomu \u2013 vali <strong>metallist l\u00f5kkease Bastian<\/strong> ning naudi l\u00f5kketule meeleolu igal hooajal!<\/p>\n","protected":false},"excerpt":{"rendered":"<p>Metallist l\u00f5kkease Bastian \u2013 hubasust igasse \u00f5ue Metallist l\u00f5kkease Bastian loob sinu terrassile v\u00f5i aeda sooja ja kutsuva atmosf\u00e4\u00e4ri. Kui \u00f5htud jahedamaks muutuvad, saab sellest ideaalne koht, kus pere ja s\u00f5pradega aega veeta. Naudi l\u00f5kketule praksumist ja hubast valgust, mis loob erilise meeleolu igal \u00f5htul. Vastupidav ja stiilne disain Bastian l\u00f5kkease on valmistatud vastupidavast metallist, [&hellip;]<\/p>\n","protected":false},"featured_media":147675,"comment_status":"open","ping_status":"open","template":"","meta":[],"product_brand":[1818],"product_cat":[1785],"product_tag":[],"class_list":{"0":"post-147674","1":"product","2":"type-product","3":"status-publish","4":"has-post-thumbnail","6":"product_brand-venture-design","7":"product_cat-lokke-ja-tuleasemed","8":"product_shipping_class-venture-design","9":"pa_kollektsioon-bastian","10":"pa_mootmed-50-x-20-x-120","11":"pa_varv-rusty","13":"first","14":"instock","15":"sale","16":"taxable","17":"shipping-taxable","18":"purchasable","19":"product-type-simple"},"_links":{"self":[{"href":"https:\/\/blankpage.ee\/_ruumist-ruumi\/wp-json\/wp\/v2\/product\/147674","targetHints":{"allow":["GET"]}}],"collection":[{"href":"https:\/\/blankpage.ee\/_ruumist-ruumi\/wp-json\/wp\/v2\/product"}],"about":[{"href":"https:\/\/blankpage.ee\/_ruumist-ruumi\/wp-json\/wp\/v2\/types\/product"}],"replies":[{"embeddable":true,"href":"https:\/\/blankpage.ee\/_ruumist-ruumi\/wp-json\/wp\/v2\/comments?post=147674"}],"wp:featuredmedia":[{"embeddable":true,"href":"https:\/\/blankpage.ee\/_ruumist-ruumi\/wp-json\/wp\/v2\/media\/147675"}],"wp:attachment":[{"href":"https:\/\/blankpage.ee\/_ruumist-ruumi\/wp-json\/wp\/v2\/media?parent=147674"}],"wp:term":[{"taxonomy":"product_brand","embeddable":true,"href":"https:\/\/blankpage.ee\/_ruumist-ruumi\/wp-json\/wp\/v2\/product_brand?post=147674"},{"taxonomy":"product_cat","embeddable":true,"href":"https:\/\/blankpage.ee\/_ruumist-ruumi\/wp-json\/wp\/v2\/product_cat?post=147674"},{"taxonomy":"product_tag","embeddable":true,"href":"https:\/\/blankpage.ee\/_ruumist-ruumi\/wp-json\/wp\/v2\/product_tag?post=147674"}],"curies":[{"name":"wp","href":"https:\/\/api.w.org\/{rel}","templated":true}]}}