{"id":147735,"date":"2025-03-06T00:45:41","date_gmt":"2025-03-06T00:45:41","guid":{"rendered":"https:\/\/ruumistruumi.ee\/pood\/alumiiniumist-aiadiivani-komplekt-break-2072-408\/"},"modified":"2025-08-17T16:33:07","modified_gmt":"2025-08-17T16:33:07","slug":"alumiiniumist-aiadiivani-komplekt-break-2072-408","status":"publish","type":"product","link":"https:\/\/blankpage.ee\/_ruumist-ruumi\/pood\/alumiiniumist-aiadiivani-komplekt-break-2072-408\/","title":{"rendered":"Alumiiniumist aiadiivani komplekt Break,, 2072-408"},"content":{"rendered":"<h3>Stiilne ja vastupidav aiadiivani komplekt Break<\/h3>\n<p>Too oma terrassile v\u00f5i r\u00f5dule kaasaegset P\u00f5hjamaade disaini <strong>aiadiivani komplektiga Break<\/strong>. Selle elegantne ja \u00f5huline konstruktsioon sobib suurep\u00e4raselt igasse v\u00e4lim\u00f6\u00f6bli lahendusse, pakkudes nii mugavust kui ka stiili. Must metallraam annab komplektile modernse ilme, samas kui kvaliteetsest tekstileenist iste tagab hea hingavuse ja vastupidavuse.<\/p>\n<h3>Mugav ja ilmastikukindel lahendus<\/h3>\n<p>Break aiadiivanil on s\u00fcgav ja avar iste, mis kutsub l\u00f5\u00f5gastuma. Tekstiileni materjal on spetsiaalselt t\u00f6\u00f6deldud UV-kindlaks, et v\u00e4ltida pleekimist ja tagada pikaajaline kasutus. Lisaks on see vett h\u00fclgav, mist\u00f5ttu peab vastu ka muutlikes ilmastikutingimustes.<\/p>\n<h3>Praktiline kohvilaud klaasplaadiga<\/h3>\n<p>Komplekti kuulub ka modernse disainiga kohvilaud, mille pealispinda katab stiilne klaasplaat. See lisab elegantsi ja on samas ka praktiline \u2013 lihtne puhastada ning sobib ideaalselt joogiklaaside, suupistete v\u00f5i dekoratiivsete elementide paigutamiseks.<\/p>\n<h3>Hooldusjuhised<\/h3>\n<p>Tekstiileni ja metallist valmistatud m\u00f6\u00f6bel vajab minimaalset hooldust. Soovitame puhastada pinda pehme lapiga ning vajadusel kasutada neutraalset puhastusvahendit. Pikema eluea tagamiseks katke m\u00f6\u00f6bel vihmase ja k\u00fclma ilmaga v\u00f5i hoidke seda kuivas ja varjulises kohas.<\/p>\n<p><strong>Aiadiivani komplekt Break<\/strong> on ideaalne valik neile, kes otsivad vastupidavat, kaasaegset ja mugavat v\u00e4lim\u00f6\u00f6blit. Lisa oma aeda v\u00f5i r\u00f5dule stiili ja naudi suviseid hetki t\u00e4iuslikus mugavuses!<\/p>\n","protected":false},"excerpt":{"rendered":"<p>Stiilne ja vastupidav aiadiivani komplekt Break Too oma terrassile v\u00f5i r\u00f5dule kaasaegset P\u00f5hjamaade disaini aiadiivani komplektiga Break. Selle elegantne ja \u00f5huline konstruktsioon sobib suurep\u00e4raselt igasse v\u00e4lim\u00f6\u00f6bli lahendusse, pakkudes nii mugavust kui ka stiili. Must metallraam annab komplektile modernse ilme, samas kui kvaliteetsest tekstileenist iste tagab hea hingavuse ja vastupidavuse. Mugav ja ilmastikukindel lahendus Break aiadiivanil [&hellip;]<\/p>\n","protected":false},"featured_media":162046,"comment_status":"open","ping_status":"open","template":"","meta":[],"product_brand":[1818],"product_cat":[1808],"product_tag":[],"class_list":{"0":"post-147735","1":"product","2":"type-product","3":"status-publish","4":"has-post-thumbnail","6":"product_brand-venture-design","7":"product_cat-aiadiivani-komplektid","8":"product_shipping_class-venture-design","9":"pa_diivani-sofa-materjal-alumiinium","10":"pa_kollektsioon-break","11":"pa_laua-materjal-alumiinium","12":"pa_laua-materjal-klaas","13":"pa_laua-tasapinna-varvus-must","14":"pa_mootmed-laud-korgus-43-pikkus-90-laius-55-tool-sugavus-58-korgus-81-laius-65-diivan-sugavus-65-korgus-81-laius-105","15":"pa_tooli-materjal-alumiinium","17":"first","18":"instock","19":"sale","20":"taxable","21":"shipping-taxable","22":"purchasable","23":"product-type-simple"},"_links":{"self":[{"href":"https:\/\/blankpage.ee\/_ruumist-ruumi\/wp-json\/wp\/v2\/product\/147735","targetHints":{"allow":["GET"]}}],"collection":[{"href":"https:\/\/blankpage.ee\/_ruumist-ruumi\/wp-json\/wp\/v2\/product"}],"about":[{"href":"https:\/\/blankpage.ee\/_ruumist-ruumi\/wp-json\/wp\/v2\/types\/product"}],"replies":[{"embeddable":true,"href":"https:\/\/blankpage.ee\/_ruumist-ruumi\/wp-json\/wp\/v2\/comments?post=147735"}],"wp:featuredmedia":[{"embeddable":true,"href":"https:\/\/blankpage.ee\/_ruumist-ruumi\/wp-json\/wp\/v2\/media\/162046"}],"wp:attachment":[{"href":"https:\/\/blankpage.ee\/_ruumist-ruumi\/wp-json\/wp\/v2\/media?parent=147735"}],"wp:term":[{"taxonomy":"product_brand","embeddable":true,"href":"https:\/\/blankpage.ee\/_ruumist-ruumi\/wp-json\/wp\/v2\/product_brand?post=147735"},{"taxonomy":"product_cat","embeddable":true,"href":"https:\/\/blankpage.ee\/_ruumist-ruumi\/wp-json\/wp\/v2\/product_cat?post=147735"},{"taxonomy":"product_tag","embeddable":true,"href":"https:\/\/blankpage.ee\/_ruumist-ruumi\/wp-json\/wp\/v2\/product_tag?post=147735"}],"curies":[{"name":"wp","href":"https:\/\/api.w.org\/{rel}","templated":true}]}}