{"id":147831,"date":"2025-03-06T00:45:41","date_gmt":"2025-03-06T00:45:41","guid":{"rendered":"https:\/\/ruumistruumi.ee\/pood\/alumiiniumist-aia-soogilaua-komplekt-brekki-2051-408\/"},"modified":"2025-08-17T03:17:39","modified_gmt":"2025-08-17T03:17:39","slug":"alumiiniumist-aia-soogilaua-komplekt-brekki-2051-408","status":"publish","type":"product","link":"https:\/\/blankpage.ee\/_ruumist-ruumi\/pood\/alumiiniumist-aia-soogilaua-komplekt-brekki-2051-408\/","title":{"rendered":"Aiam\u00f6\u00f6bli komplekt, aialaud, 6 tooli ja p\u00e4ikesevari Brekki, 2051-408"},"content":{"rendered":"<h3>Aiam\u00f6\u00f6bli komplekt: aialaud, 6 tooli ja p\u00e4ikesevari Brekki, 2051-408<\/h3>\n<p>Naudi m\u00f5nusat \u00f5htus\u00f6\u00f6ki v\u00e4rskes \u00f5hus koos <strong>alumiiniumist aiam\u00f6\u00f6bli komplektiga Brekki<\/strong>. See modernne ja vastupidav aiam\u00f6\u00f6bli komplekt \u00fchendab elegantsi ning funktsionaalsuse, olles ideaalne valik igasse aeda v\u00f5i terrassile.<\/p>\n<h3>Kvaliteetsed materjalid ja vastupidav disain<\/h3>\n<p>Brekki s\u00f6\u00f6gilaud on varustatud vastupidava klaasist lauaplaadiga, mis lisab stiili ja on lihtsasti puhastatav. Laua sirged jalad on valmistatud mustast alumiiniumist, tagades stabiilsuse ja kaasaegse v\u00e4limuse. Komplekti kuuluvad ka mugavad kokkupandavad s\u00f6\u00f6gitoolid, mille raam on alumiiniumist ning iste ja seljatugi vastupidavast mustast tekstiilienist. Need materjalid tagavad toolide vastupidavuse ja ilmastikukindluse, sobides suurep\u00e4raselt v\u00e4litingimustesse.<\/p>\n<h3>Integreeritud p\u00e4ikesevari mugavaks einestamiseks<\/h3>\n<p>Komplekti kuulub ka praktiline p\u00e4ikesevari, mis kinnitub otse laua keskele. See kaitseb sind tugeva p\u00e4ikese eest ja loob meeldiva varju, et saaksid nautida s\u00f6\u00f6ki ilma liigse kuumuseta. P\u00e4ikesevarjul on must kangas ja alumiiniumist raam, mis sobib suurep\u00e4raselt komplekti \u00fcldise disainiga.<\/p>\n<h3>Aiam\u00f6\u00f6bli komplekt sisaldab:<\/h3>\n<ul>\n<li>Alumiinium raamiga ja klaasist tasapinnaga aialaud<\/li>\n<li>6 alumiiniumist ja Texteline kangast aiatooli<\/li>\n<li>suur p\u00e4ikesevari<\/li>\n<\/ul>\n<p><strong>Aiam\u00f6\u00f6bli komplekt Brekki<\/strong> on suurep\u00e4rane valik nii peredele kui ka s\u00f5pruskondadele, kes hindavad mugavust ja stiili. Kergekaalulised, kuid vastupidavad materjalid muudavad selle komplekti lihtsasti liigutatavaks ja hooldatavaks. Lisa oma aeda v\u00f5i terrassile praktiline ja elegantne lahendus ning naudi suviseid hetki maksimaalselt!<\/p>\n","protected":false},"excerpt":{"rendered":"<p>Aiam\u00f6\u00f6bli komplekt: aialaud, 6 tooli ja p\u00e4ikesevari Brekki, 2051-408 Naudi m\u00f5nusat \u00f5htus\u00f6\u00f6ki v\u00e4rskes \u00f5hus koos alumiiniumist aiam\u00f6\u00f6bli komplektiga Brekki. See modernne ja vastupidav aiam\u00f6\u00f6bli komplekt \u00fchendab elegantsi ning funktsionaalsuse, olles ideaalne valik igasse aeda v\u00f5i terrassile. Kvaliteetsed materjalid ja vastupidav disain Brekki s\u00f6\u00f6gilaud on varustatud vastupidava klaasist lauaplaadiga, mis lisab stiili ja on lihtsasti puhastatav. [&hellip;]<\/p>\n","protected":false},"featured_media":162601,"comment_status":"open","ping_status":"closed","template":"","meta":[],"product_brand":[1818],"product_cat":[1781],"product_tag":[],"class_list":{"0":"post-147831","1":"product","2":"type-product","3":"status-publish","4":"has-post-thumbnail","6":"product_brand-venture-design","7":"product_cat-aia-soogilaua-komplektid","8":"product_shipping_class-venture-design","9":"pa_kollektsioon-brekki","10":"pa_laua-materjal-alumiinium","11":"pa_laua-materjal-klaas","12":"pa_laua-tasapinna-varvus-must","13":"pa_mootmed-laud-korgus-73-pikkus-150-laius-90-tool-sugavus-62-korgus-108-laius-55","14":"pa_tooli-materjal-alumiinium","15":"pa_tooli-materjal-textilene","17":"first","18":"instock","19":"sale","20":"taxable","21":"shipping-taxable","22":"purchasable","23":"product-type-simple"},"_links":{"self":[{"href":"https:\/\/blankpage.ee\/_ruumist-ruumi\/wp-json\/wp\/v2\/product\/147831","targetHints":{"allow":["GET"]}}],"collection":[{"href":"https:\/\/blankpage.ee\/_ruumist-ruumi\/wp-json\/wp\/v2\/product"}],"about":[{"href":"https:\/\/blankpage.ee\/_ruumist-ruumi\/wp-json\/wp\/v2\/types\/product"}],"replies":[{"embeddable":true,"href":"https:\/\/blankpage.ee\/_ruumist-ruumi\/wp-json\/wp\/v2\/comments?post=147831"}],"wp:featuredmedia":[{"embeddable":true,"href":"https:\/\/blankpage.ee\/_ruumist-ruumi\/wp-json\/wp\/v2\/media\/162601"}],"wp:attachment":[{"href":"https:\/\/blankpage.ee\/_ruumist-ruumi\/wp-json\/wp\/v2\/media?parent=147831"}],"wp:term":[{"taxonomy":"product_brand","embeddable":true,"href":"https:\/\/blankpage.ee\/_ruumist-ruumi\/wp-json\/wp\/v2\/product_brand?post=147831"},{"taxonomy":"product_cat","embeddable":true,"href":"https:\/\/blankpage.ee\/_ruumist-ruumi\/wp-json\/wp\/v2\/product_cat?post=147831"},{"taxonomy":"product_tag","embeddable":true,"href":"https:\/\/blankpage.ee\/_ruumist-ruumi\/wp-json\/wp\/v2\/product_tag?post=147831"}],"curies":[{"name":"wp","href":"https:\/\/api.w.org\/{rel}","templated":true}]}}