{"id":147863,"date":"2025-03-06T00:45:41","date_gmt":"2025-03-06T00:45:41","guid":{"rendered":"https:\/\/ruumistruumi.ee\/pood\/istmepadi-aiatoolile-lina-beez-2125-329\/"},"modified":"2025-08-17T03:17:42","modified_gmt":"2025-08-17T03:17:42","slug":"istmepadi-aiatoolile-lina-beez-2125-329","status":"publish","type":"product","link":"https:\/\/blankpage.ee\/_ruumist-ruumi\/pood\/istmepadi-aiatoolile-lina-beez-2125-329\/","title":{"rendered":"Istmepadi aiatoolile Lina, bee\u017e, 2125-329"},"content":{"rendered":"<h3>Mugav ja stiilne istmepadi aiatoolile<\/h3>\n<p>Naudi oma aiatooli pehmet ja mugavat istumist <strong>istmepadja aiatoolile Lina<\/strong> abil. Selle kvaliteetne polsterdus tagab suurep\u00e4rase istumismugavuse, muutes pikad s\u00f6\u00f6gikorrad ja aiapeod veelgi nauditavamaks. Minimalistlik disain ja bee\u017e v\u00e4rv sobivad ideaalselt erinevate aiam\u00f6\u00f6blikomplektidega, luues stiilse ja hubase atmosf\u00e4\u00e4ri.<\/p>\n<h3>Kvaliteetne ja vastupidav materjal<\/h3>\n<p>See istmepadi on valmistatud vastupidavast materjalist, mis tagab pika kasutusea. Pehme, kuid toetav polsterdus s\u00e4ilitab oma kuju ka sagedasel kasutamisel. J\u00e4rgides hooldussoovitusi, p\u00fcsib padi kaua kaunina ja mugavana.<\/p>\n<h3>Lihtne hooldus ja mitmek\u00fclgne kasutus<\/h3>\n<p>Bee\u017e <strong>istmepadi aiatoolile<\/strong> on lihtsasti hooldatav, tagades selle v\u00e4rske ja puhta v\u00e4limuse ka p\u00e4rast mitmeid hooaegu. Sobib suurep\u00e4raselt nii aiatoolidele, verandale kui ka r\u00f5dule, pakkudes lisamugavust igas keskkonnas.<\/p>\n<p>Lisa oma aiam\u00f6\u00f6blile stiili ja mugavust selle kvaliteetse istmepadjaga ning naudi iga hetke \u00f5ues veedetud ajast!<\/p>\n","protected":false},"excerpt":{"rendered":"<p>Mugav ja stiilne istmepadi aiatoolile Naudi oma aiatooli pehmet ja mugavat istumist istmepadja aiatoolile Lina abil. Selle kvaliteetne polsterdus tagab suurep\u00e4rase istumismugavuse, muutes pikad s\u00f6\u00f6gikorrad ja aiapeod veelgi nauditavamaks. Minimalistlik disain ja bee\u017e v\u00e4rv sobivad ideaalselt erinevate aiam\u00f6\u00f6blikomplektidega, luues stiilse ja hubase atmosf\u00e4\u00e4ri. Kvaliteetne ja vastupidav materjal See istmepadi on valmistatud vastupidavast materjalist, mis tagab [&hellip;]<\/p>\n","protected":false},"featured_media":165332,"comment_status":"open","ping_status":"open","template":"","meta":[],"product_brand":[1818],"product_cat":[1775],"product_tag":[],"class_list":{"0":"post-147863","1":"product","2":"type-product","3":"status-publish","4":"has-post-thumbnail","6":"product_brand-venture-design","7":"product_cat-istmepadjad-ja-pehmendused-aiatoolidele","8":"product_shipping_class-venture-design","9":"pa_kangas-100-poluester","10":"pa_kollektsioon-lina","11":"pa_mootmed-42-x-45","12":"pa_varv-beez","14":"first","15":"instock","16":"sale","17":"taxable","18":"shipping-taxable","19":"purchasable","20":"product-type-simple"},"_links":{"self":[{"href":"https:\/\/blankpage.ee\/_ruumist-ruumi\/wp-json\/wp\/v2\/product\/147863","targetHints":{"allow":["GET"]}}],"collection":[{"href":"https:\/\/blankpage.ee\/_ruumist-ruumi\/wp-json\/wp\/v2\/product"}],"about":[{"href":"https:\/\/blankpage.ee\/_ruumist-ruumi\/wp-json\/wp\/v2\/types\/product"}],"replies":[{"embeddable":true,"href":"https:\/\/blankpage.ee\/_ruumist-ruumi\/wp-json\/wp\/v2\/comments?post=147863"}],"wp:featuredmedia":[{"embeddable":true,"href":"https:\/\/blankpage.ee\/_ruumist-ruumi\/wp-json\/wp\/v2\/media\/165332"}],"wp:attachment":[{"href":"https:\/\/blankpage.ee\/_ruumist-ruumi\/wp-json\/wp\/v2\/media?parent=147863"}],"wp:term":[{"taxonomy":"product_brand","embeddable":true,"href":"https:\/\/blankpage.ee\/_ruumist-ruumi\/wp-json\/wp\/v2\/product_brand?post=147863"},{"taxonomy":"product_cat","embeddable":true,"href":"https:\/\/blankpage.ee\/_ruumist-ruumi\/wp-json\/wp\/v2\/product_cat?post=147863"},{"taxonomy":"product_tag","embeddable":true,"href":"https:\/\/blankpage.ee\/_ruumist-ruumi\/wp-json\/wp\/v2\/product_tag?post=147863"}],"curies":[{"name":"wp","href":"https:\/\/api.w.org\/{rel}","templated":true}]}}