{"id":147914,"date":"2025-03-06T00:58:52","date_gmt":"2025-03-06T00:58:52","guid":{"rendered":"https:\/\/ruumistruumi.ee\/pood\/aiatool-spoga-must-tumehall-2076-408\/"},"modified":"2025-08-14T11:15:45","modified_gmt":"2025-08-14T11:15:45","slug":"aiatool-spoga-must-tumehall-2076-408","status":"publish","type":"product","link":"https:\/\/blankpage.ee\/_ruumist-ruumi\/pood\/aiatool-spoga-must-tumehall-2076-408\/","title":{"rendered":"aiatool Spoga, must\/tumehall, 2076-408"},"content":{"rendered":"<h3>Stiilne ja mugav aiatool Spoga<\/h3>\n<p><strong>Aiatool Spoga<\/strong> on maitsekas ja vastupidav valik igale terrassile v\u00f5i r\u00f5dule. Selle ajatu disain ning neutraalsed toonid muudavad tooli sobivaks erinevate lauakomplektidega, v\u00f5imaldades luua harmoonilise ja stiilse \u00f5hkkonna \u00f5ues einestamiseks.<\/p>\n<h3>Kvaliteetsed materjalid ja vastupidav konstruktsioon<\/h3>\n<p>Tooli raam on valmistatud kergest, kuid tugevast <strong>alumiiniumist<\/strong>, mis tagab selle vastupidavuse ja lihtsa hoolduse. Istme ja seljatoe kate on valmistatud vastupidavast <strong>v\u00f5rgust<\/strong> ja <strong>pol\u00fcestrist<\/strong>, mis on hingavad ja kergesti puhastatavad. T\u00e4nu nendele materjalidele sobib tool suurep\u00e4raselt v\u00e4litingimustesse, taludes h\u00e4sti nii p\u00e4ikesevalgust kui ka niiskust.<\/p>\n<h3>Mugav ja praktiline disain<\/h3>\n<p><strong>Aiatool Spoga<\/strong> \u00fchendab endas stiili ja funktsionaalsuse. Selle ergonoomiline kuju pakub suurep\u00e4rast istumismugavust, mist\u00f5ttu on see ideaalne pikkadeks \u00f5htus\u00f6\u00f6kideks v\u00f5i l\u00f5\u00f5gastavateks hetkeks v\u00e4rskes \u00f5hus. Mustad jalad lisavad toolile modernse ilme, samas kui tumehall istmeosa hoiab \u00fcldilme ajatu ja mitmek\u00fclgsena.<\/p>\n<h3>Lihtne kombineerida ja hooldada<\/h3>\n<p>Aiatool on loodud nii, et see sobiks erinevate aiam\u00f6\u00f6bli komplektidega. Olgu see siis puidust, metallist v\u00f5i klaasist laud, <strong>aiatool Spoga<\/strong> t\u00e4iendab seda stiilselt. Lisaks on tool kerge, mist\u00f5ttu on seda lihtne \u00fcmber paigutada vastavalt vajadusele. T\u00e4nu vastupidavatele materjalidele on hooldus minimaalne \u2013 lihtsalt p\u00fchi niiske lapiga ja tool n\u00e4eb taas v\u00e4lja nagu uus.<\/p>\n<p>Kui otsid elegantset, kuid vastupidavat aiatooli, mis sobib nii igap\u00e4evaseks kasutamiseks kui ka pidulikeks \u00f5htus\u00f6\u00f6kideks, siis <strong>aiatool Spoga<\/strong> on suurep\u00e4rane valik!<\/p>\n","protected":false},"excerpt":{"rendered":"<p>Stiilne ja mugav aiatool Spoga Aiatool Spoga on maitsekas ja vastupidav valik igale terrassile v\u00f5i r\u00f5dule. Selle ajatu disain ning neutraalsed toonid muudavad tooli sobivaks erinevate lauakomplektidega, v\u00f5imaldades luua harmoonilise ja stiilse \u00f5hkkonna \u00f5ues einestamiseks. Kvaliteetsed materjalid ja vastupidav konstruktsioon Tooli raam on valmistatud kergest, kuid tugevast alumiiniumist, mis tagab selle vastupidavuse ja lihtsa hoolduse. [&hellip;]<\/p>\n","protected":false},"featured_media":160553,"comment_status":"open","ping_status":"open","template":"","meta":[],"product_brand":[1818],"product_cat":[1683],"product_tag":[],"class_list":{"0":"post-147914","1":"product","2":"type-product","3":"status-publish","4":"has-post-thumbnail","6":"product_brand-venture-design","7":"product_cat-aiatoolid","8":"product_shipping_class-venture-design","9":"pa_istme-materjal-alumiinium","10":"pa_istme-materjal-poluester","11":"pa_istme-materjal-vork","12":"pa_istme-varvus-hall","13":"pa_jalgade-varv-must","14":"pa_kangas-40-vork-60-poluester","15":"pa_kollektsioon-spoga","16":"pa_mootmed-62-x-60-x-81","17":"pa_pehmenduste-materjal-olefin","18":"pa_varv-tumehall","19":"pa_varv-must","21":"first","22":"instock","23":"sale","24":"taxable","25":"shipping-taxable","26":"purchasable","27":"product-type-simple"},"_links":{"self":[{"href":"https:\/\/blankpage.ee\/_ruumist-ruumi\/wp-json\/wp\/v2\/product\/147914","targetHints":{"allow":["GET"]}}],"collection":[{"href":"https:\/\/blankpage.ee\/_ruumist-ruumi\/wp-json\/wp\/v2\/product"}],"about":[{"href":"https:\/\/blankpage.ee\/_ruumist-ruumi\/wp-json\/wp\/v2\/types\/product"}],"replies":[{"embeddable":true,"href":"https:\/\/blankpage.ee\/_ruumist-ruumi\/wp-json\/wp\/v2\/comments?post=147914"}],"wp:featuredmedia":[{"embeddable":true,"href":"https:\/\/blankpage.ee\/_ruumist-ruumi\/wp-json\/wp\/v2\/media\/160553"}],"wp:attachment":[{"href":"https:\/\/blankpage.ee\/_ruumist-ruumi\/wp-json\/wp\/v2\/media?parent=147914"}],"wp:term":[{"taxonomy":"product_brand","embeddable":true,"href":"https:\/\/blankpage.ee\/_ruumist-ruumi\/wp-json\/wp\/v2\/product_brand?post=147914"},{"taxonomy":"product_cat","embeddable":true,"href":"https:\/\/blankpage.ee\/_ruumist-ruumi\/wp-json\/wp\/v2\/product_cat?post=147914"},{"taxonomy":"product_tag","embeddable":true,"href":"https:\/\/blankpage.ee\/_ruumist-ruumi\/wp-json\/wp\/v2\/product_tag?post=147914"}],"curies":[{"name":"wp","href":"https:\/\/api.w.org\/{rel}","templated":true}]}}