{"id":147922,"date":"2025-03-06T00:58:52","date_gmt":"2025-03-06T00:58:52","guid":{"rendered":"https:\/\/ruumistruumi.ee\/pood\/tiigipuust-terrassilaud-ghana-naturaalne-70x70-2035-444\/"},"modified":"2025-08-19T22:03:01","modified_gmt":"2025-08-19T22:03:01","slug":"tiigipuust-terrassilaud-ghana-naturaalne-70x70-2035-444","status":"publish","type":"product","link":"https:\/\/blankpage.ee\/_ruumist-ruumi\/pood\/tiigipuust-terrassilaud-ghana-naturaalne-70x70-2035-444\/","title":{"rendered":"Tiigipuust terrassilaud Ghana, naturaalne, 70&#215;70, 2035-444"},"content":{"rendered":"<h3>Tiigipuust terrassilaud Ghana \u2013 stiilne ja praktiline valik<\/h3>\n<p><strong>Tiigipuust terrassilaud Ghana<\/strong> on maitsekas ja ajatu disainiga s\u00f6\u00f6gilaud, mis sobib suurep\u00e4raselt nii r\u00f5dule, terrassile kui ka aeda. Selle kompaktne suurus (70&#215;70 cm) muudab selle ideaalseks v\u00e4iksematele v\u00e4lialadele, pakkudes samas piisavalt ruumi mugavaks einestamiseks. T\u00e4nu kokkupandavale mehhanismile on laud \u00e4\u00e4rmiselt praktiline \u2013 seda saab h\u00f5lpsalt hoiustada v\u00f5i transportida vastavalt vajadusele.<\/p>\n<h3>Kvaliteetne ja vastupidav tiigipuit<\/h3>\n<p>Laud on valmistatud <strong>sertifitseeritud tiigipuust<\/strong>, mis on tuntud oma erakordse vastupidavuse ja ilmastikukindluse poolest. Tiigipuit sisaldab looduslikke \u00f5lisid, mis aitavad materjalil s\u00e4ilitada niiskuskindluse, v\u00e4hendades pragunemise riski. Selle tulemusena ei vaja tiigipuidust m\u00f6\u00f6bel sagedast immutamist, kuid regulaarne hooldus tagab selle kauni v\u00e4limuse aastateks.<\/p>\n<h3>Hooldusjuhised pikaajaliseks kasutamiseks<\/h3>\n<p>Et hoida <strong>tiigipuust terrassilaud<\/strong> Ghana v\u00f5imalikult heas seisukorras, soovitame seda aeg-ajalt t\u00f6\u00f6delda spetsiaalse tiigi\u00f5liga. Enne \u00f5litamist veendu, et pind oleks puhas ja kuiv, et v\u00e4ltida tolmu ning mustuse kinnij\u00e4\u00e4mist. Esmakordsel hooldamisel tuleks \u00f5litada ka lauaplaadi alumine k\u00fclg, et v\u00e4hendada deformatsiooniriski. Lisaks on soovitatav v\u00e4ltida vedelike pikemat kokkupuudet puiduga \u2013 puhasta plekid koheselt. Kui laud on suvel \u00f5ues, v\u00f5ib see kokku puutuda ilmastikum\u00f5judega, mis v\u00f5ivad p\u00f5hjustada musta hallitust. Regulaarne puhastamine ja hooldus aitavad seda v\u00e4ltida.<\/p>\n<p>Kui otsid vastupidavat ja stiilset lahendust oma terrassile v\u00f5i aeda, siis <strong>tiigipuust terrassilaud Ghana<\/strong> on ideaalne valik. Selle ajatu disain ja praktilisus teevad sellest m\u00f6\u00f6blieseme, mida naudid aastaid!<\/p>\n","protected":false},"excerpt":{"rendered":"<p>Tiigipuust terrassilaud Ghana \u2013 stiilne ja praktiline valik Tiigipuust terrassilaud Ghana on maitsekas ja ajatu disainiga s\u00f6\u00f6gilaud, mis sobib suurep\u00e4raselt nii r\u00f5dule, terrassile kui ka aeda. Selle kompaktne suurus (70&#215;70 cm) muudab selle ideaalseks v\u00e4iksematele v\u00e4lialadele, pakkudes samas piisavalt ruumi mugavaks einestamiseks. T\u00e4nu kokkupandavale mehhanismile on laud \u00e4\u00e4rmiselt praktiline \u2013 seda saab h\u00f5lpsalt hoiustada v\u00f5i [&hellip;]<\/p>\n","protected":false},"featured_media":163935,"comment_status":"open","ping_status":"open","template":"","meta":[],"product_brand":[1818],"product_cat":[1686],"product_tag":[],"class_list":{"0":"post-147922","1":"product","2":"type-product","3":"status-publish","4":"has-post-thumbnail","6":"product_brand-venture-design","7":"product_cat-kohvilauad-ja-lisalauad-terrassile","8":"product_shipping_class-venture-design","9":"pa_jalgade-varv-naturaalne","10":"pa_kollektsioon-ghana","11":"pa_laua-tasapinna-varvus-naturaalne","12":"pa_mootmed-70-x-70","13":"pa_varv-naturaalne","15":"first","16":"instock","17":"taxable","18":"shipping-taxable","19":"purchasable","20":"product-type-simple"},"_links":{"self":[{"href":"https:\/\/blankpage.ee\/_ruumist-ruumi\/wp-json\/wp\/v2\/product\/147922","targetHints":{"allow":["GET"]}}],"collection":[{"href":"https:\/\/blankpage.ee\/_ruumist-ruumi\/wp-json\/wp\/v2\/product"}],"about":[{"href":"https:\/\/blankpage.ee\/_ruumist-ruumi\/wp-json\/wp\/v2\/types\/product"}],"replies":[{"embeddable":true,"href":"https:\/\/blankpage.ee\/_ruumist-ruumi\/wp-json\/wp\/v2\/comments?post=147922"}],"wp:featuredmedia":[{"embeddable":true,"href":"https:\/\/blankpage.ee\/_ruumist-ruumi\/wp-json\/wp\/v2\/media\/163935"}],"wp:attachment":[{"href":"https:\/\/blankpage.ee\/_ruumist-ruumi\/wp-json\/wp\/v2\/media?parent=147922"}],"wp:term":[{"taxonomy":"product_brand","embeddable":true,"href":"https:\/\/blankpage.ee\/_ruumist-ruumi\/wp-json\/wp\/v2\/product_brand?post=147922"},{"taxonomy":"product_cat","embeddable":true,"href":"https:\/\/blankpage.ee\/_ruumist-ruumi\/wp-json\/wp\/v2\/product_cat?post=147922"},{"taxonomy":"product_tag","embeddable":true,"href":"https:\/\/blankpage.ee\/_ruumist-ruumi\/wp-json\/wp\/v2\/product_tag?post=147922"}],"curies":[{"name":"wp","href":"https:\/\/api.w.org\/{rel}","templated":true}]}}