{"id":148022,"date":"2025-03-06T00:58:52","date_gmt":"2025-03-06T00:58:52","guid":{"rendered":"https:\/\/ruumistruumi.ee\/pood\/punutisest-aia-lounge-komplekt-quad-2052-001\/"},"modified":"2025-08-16T14:05:18","modified_gmt":"2025-08-16T14:05:18","slug":"punutisest-aia-lounge-komplekt-quad-2052-001","status":"publish","type":"product","link":"https:\/\/blankpage.ee\/_ruumist-ruumi\/pood\/punutisest-aia-lounge-komplekt-quad-2052-001\/","title":{"rendered":"Punutisest aia lounge komplekt Quad,, 2052-001"},"content":{"rendered":"<h3>Loo oma aeda t\u00e4iuslik puhkenurk<\/h3>\n<p><strong>Punutisest aia lounge komplekt Quad<\/strong> pakub suurep\u00e4rast v\u00f5imalust nautida sooje suvep\u00e4evi ja hubaseid \u00f5htuid oma terrassil v\u00f5i aias. Komplekt koosneb kahest mugavast tugitoolist, kahest jalatoest, praktilisest lauast ning pehmetest mustadest patjadest, mis tagavad maksimaalse istumismugavuse.<\/p>\n<h3>Ajatu disain ja vastupidavad materjalid<\/h3>\n<p>See elegantne aia lounge komplekt on valmistatud kvaliteetsest mustast kunstpunutisest, mis on mitte ainult stiilne, vaid ka vastupidav. Kunstpunutis on UV-kindel, mist\u00f5ttu p\u00fcsib see ka p\u00e4ikese k\u00e4es pleekimata ning s\u00e4ilitab oma kauni v\u00e4limuse aastaid. Lisaks on materjal ilmastikukindel, mis teeb sellest ideaalse valiku meie muutlikus kliimas.<\/p>\n<h3>Lihtne hooldus ja pikaealisus<\/h3>\n<p>Kunstpunutisest m\u00f6\u00f6bel on v\u00e4ga lihtsasti hooldatav \u2013 piisab vaid niiske lapiga puhastamisest, et s\u00e4ilitada selle kaunis v\u00e4limus. Kuigi materjal on vastupidav erinevatele ilmastikutingimustele, soovitame m\u00f6\u00f6blit hoiustada kuivas ja jahedas kohas v\u00f5i katta see m\u00f6\u00f6blikattega, et pikendada selle eluiga veelgi.<\/p>\n<h3>Naudi suve stiilselt ja mugavalt<\/h3>\n<p>Kui otsid elegantset ja praktilist lahendust oma aianurka, on <strong>punutisest aia lounge komplekt Quad<\/strong> suurep\u00e4rane valik. Selle pehmed padjad toetavad keha optimaalselt, pakkudes l\u00f5\u00f5gastavat istumiskogemust. Lisa oma \u00f5uealale luksuslik puudutus ning naudi suve t\u00e4iel rinnal!<\/p>\n","protected":false},"excerpt":{"rendered":"<p>Loo oma aeda t\u00e4iuslik puhkenurk Punutisest aia lounge komplekt Quad pakub suurep\u00e4rast v\u00f5imalust nautida sooje suvep\u00e4evi ja hubaseid \u00f5htuid oma terrassil v\u00f5i aias. Komplekt koosneb kahest mugavast tugitoolist, kahest jalatoest, praktilisest lauast ning pehmetest mustadest patjadest, mis tagavad maksimaalse istumismugavuse. Ajatu disain ja vastupidavad materjalid See elegantne aia lounge komplekt on valmistatud kvaliteetsest mustast kunstpunutisest, [&hellip;]<\/p>\n","protected":false},"featured_media":162613,"comment_status":"open","ping_status":"open","template":"","meta":[],"product_brand":[1818],"product_cat":[1796],"product_tag":[],"class_list":{"0":"post-148022","1":"product","2":"type-product","3":"status-publish","4":"has-post-thumbnail","6":"product_brand-venture-design","7":"product_cat-aia-lounge-komplektid","8":"product_shipping_class-venture-design","9":"pa_kangas-100-poluester","10":"pa_kollektsioon-quad","11":"pa_laua-materjal-metall","12":"pa_laua-materjal-punutis","13":"pa_laua-tasapinna-varvus-must","14":"pa_mootmed-laud-korgus-51-pikkus-63-laius-42-tool-sugavus-63-korgus-64-laius-66-diivan-sugavus-63-korgus-64-laius-655","15":"pa_pehmenduste-materjal-poluester","16":"pa_tooli-materjal-poluester","17":"pa_tooli-materjal-kiud","18":"pa_tooli-materjal-metall","19":"pa_tooli-materjal-punutis","20":"pa_tooli-materjal-vaht","22":"first","23":"instock","24":"sale","25":"taxable","26":"shipping-taxable","27":"purchasable","28":"product-type-simple"},"_links":{"self":[{"href":"https:\/\/blankpage.ee\/_ruumist-ruumi\/wp-json\/wp\/v2\/product\/148022","targetHints":{"allow":["GET"]}}],"collection":[{"href":"https:\/\/blankpage.ee\/_ruumist-ruumi\/wp-json\/wp\/v2\/product"}],"about":[{"href":"https:\/\/blankpage.ee\/_ruumist-ruumi\/wp-json\/wp\/v2\/types\/product"}],"replies":[{"embeddable":true,"href":"https:\/\/blankpage.ee\/_ruumist-ruumi\/wp-json\/wp\/v2\/comments?post=148022"}],"wp:featuredmedia":[{"embeddable":true,"href":"https:\/\/blankpage.ee\/_ruumist-ruumi\/wp-json\/wp\/v2\/media\/162613"}],"wp:attachment":[{"href":"https:\/\/blankpage.ee\/_ruumist-ruumi\/wp-json\/wp\/v2\/media?parent=148022"}],"wp:term":[{"taxonomy":"product_brand","embeddable":true,"href":"https:\/\/blankpage.ee\/_ruumist-ruumi\/wp-json\/wp\/v2\/product_brand?post=148022"},{"taxonomy":"product_cat","embeddable":true,"href":"https:\/\/blankpage.ee\/_ruumist-ruumi\/wp-json\/wp\/v2\/product_cat?post=148022"},{"taxonomy":"product_tag","embeddable":true,"href":"https:\/\/blankpage.ee\/_ruumist-ruumi\/wp-json\/wp\/v2\/product_tag?post=148022"}],"curies":[{"name":"wp","href":"https:\/\/api.w.org\/{rel}","templated":true}]}}