{"id":148048,"date":"2025-03-06T00:58:52","date_gmt":"2025-03-06T00:58:52","guid":{"rendered":"https:\/\/ruumistruumi.ee\/pood\/tiigipuust-ratikuhoidja-terrassile-naturaalne-90x45-2124-444\/"},"modified":"2025-08-21T00:43:18","modified_gmt":"2025-08-21T00:43:18","slug":"tiigipuust-ratikuhoidja-terrassile-naturaalne-90x45-2124-444","status":"publish","type":"product","link":"https:\/\/blankpage.ee\/_ruumist-ruumi\/pood\/tiigipuust-ratikuhoidja-terrassile-naturaalne-90x45-2124-444\/","title":{"rendered":"Tiigipuust r\u00e4tikuhoidja terrassile, naturaalne, 90&#215;45, 2124-444"},"content":{"rendered":"<h3>Tiigipuust r\u00e4tikuhoidja \u2013 stiilne ja praktiline lahendus<\/h3>\n<p><strong>Tiigipuust r\u00e4tikuhoidja<\/strong> on ideaalne valik nii sise- kui ka v\u00e4litingimustes kasutamiseks. Selle naturaalsest tiigipuust valmistatud raam lisab igale ruumile soojust ja elegantsi. Sobides suurep\u00e4raselt vannituppa, spaasse v\u00f5i terrassile, v\u00f5imaldab see nutikas lahendus hoida r\u00e4tikud ja muud tekstiilid alati k\u00e4ep\u00e4rast.<\/p>\n<h3>Kvaliteetne materjal ja vastupidav disain<\/h3>\n<p>Tiigipuu on tuntud oma erakordse vastupidavuse ja niiskuskindluse poolest, mist\u00f5ttu on see materjal ideaalne m\u00f6\u00f6bli ja aksessuaaride valmistamiseks. Kuna <strong>tiigipuust r\u00e4tikuhoidja<\/strong> sisaldab naturaalseid \u00f5lisid, ei vaja see sagedast hooldust ega impregneerimist. Aja jooksul v\u00f5ib puidu pind omandada kauni h\u00f5behalli tooni, kuid soovi korral saab selle algset sooja v\u00e4rvi s\u00e4ilitada spetsiaalsete tiigipuu\u00f5lide abil.<\/p>\n<h3>Kerge hoiustada ja mugav kasutada<\/h3>\n<p>See r\u00e4tikuhoidja on loodud praktilisust silmas pidades \u2013 lihtsasti kokkupandav konstruktsioon v\u00f5imaldab seda h\u00f5lpsalt hoiustada, kui seda parasjagu ei kasutata. T\u00e4nu oma minimalistlikule ja ajatu disainiga v\u00e4limusele sobib see sujuvalt erinevatesse interj\u00f6\u00f6ridesse, pakkudes nii esteetilist ilu kui ka funktsionaalsust.<\/p>\n<h3>Keskkonnas\u00f5bralik valik<\/h3>\n<p>Meie tiigipuutooteid valmistatakse vastutustundlikult kasvatatud ja sertifitseeritud tiigipuust, mis tagab nii materjali kvaliteedi kui ka looduss\u00f5bralikkuse. Valides selle <strong>tiigipuust r\u00e4tikuhoidja<\/strong>, saad nautida looduse ilu ja samal ajal teha teadliku valiku kestva ning j\u00e4tkusuutliku m\u00f6\u00f6bli kasuks.<\/p>\n<p>Lisa oma koju v\u00f5i terrassile elegantne ja praktiline lahendus, mis pakub nii ilu kui ka kasutusmugavust!<\/p>\n","protected":false},"excerpt":{"rendered":"<p>Tiigipuust r\u00e4tikuhoidja \u2013 stiilne ja praktiline lahendus Tiigipuust r\u00e4tikuhoidja on ideaalne valik nii sise- kui ka v\u00e4litingimustes kasutamiseks. Selle naturaalsest tiigipuust valmistatud raam lisab igale ruumile soojust ja elegantsi. Sobides suurep\u00e4raselt vannituppa, spaasse v\u00f5i terrassile, v\u00f5imaldab see nutikas lahendus hoida r\u00e4tikud ja muud tekstiilid alati k\u00e4ep\u00e4rast. Kvaliteetne materjal ja vastupidav disain Tiigipuu on tuntud oma [&hellip;]<\/p>\n","protected":false},"featured_media":148049,"comment_status":"open","ping_status":"open","template":"","meta":[],"product_brand":[1818],"product_cat":[1794],"product_tag":[],"class_list":{"0":"post-148048","1":"product","2":"type-product","3":"status-publish","4":"has-post-thumbnail","6":"product_brand-venture-design","7":"product_cat-ratikuhoidjad-terrassile","8":"product_shipping_class-venture-design","9":"pa_jalgade-varv-naturaalne","10":"pa_kollektsioon-kenya","11":"pa_mootmed-30-x-82","12":"pa_varv-naturaalne","14":"first","15":"instock","16":"sale","17":"taxable","18":"shipping-taxable","19":"purchasable","20":"product-type-simple"},"_links":{"self":[{"href":"https:\/\/blankpage.ee\/_ruumist-ruumi\/wp-json\/wp\/v2\/product\/148048","targetHints":{"allow":["GET"]}}],"collection":[{"href":"https:\/\/blankpage.ee\/_ruumist-ruumi\/wp-json\/wp\/v2\/product"}],"about":[{"href":"https:\/\/blankpage.ee\/_ruumist-ruumi\/wp-json\/wp\/v2\/types\/product"}],"replies":[{"embeddable":true,"href":"https:\/\/blankpage.ee\/_ruumist-ruumi\/wp-json\/wp\/v2\/comments?post=148048"}],"wp:featuredmedia":[{"embeddable":true,"href":"https:\/\/blankpage.ee\/_ruumist-ruumi\/wp-json\/wp\/v2\/media\/148049"}],"wp:attachment":[{"href":"https:\/\/blankpage.ee\/_ruumist-ruumi\/wp-json\/wp\/v2\/media?parent=148048"}],"wp:term":[{"taxonomy":"product_brand","embeddable":true,"href":"https:\/\/blankpage.ee\/_ruumist-ruumi\/wp-json\/wp\/v2\/product_brand?post=148048"},{"taxonomy":"product_cat","embeddable":true,"href":"https:\/\/blankpage.ee\/_ruumist-ruumi\/wp-json\/wp\/v2\/product_cat?post=148048"},{"taxonomy":"product_tag","embeddable":true,"href":"https:\/\/blankpage.ee\/_ruumist-ruumi\/wp-json\/wp\/v2\/product_tag?post=148048"}],"curies":[{"name":"wp","href":"https:\/\/api.w.org\/{rel}","templated":true}]}}