{"id":148121,"date":"2025-03-06T01:09:22","date_gmt":"2025-03-06T01:09:22","guid":{"rendered":"https:\/\/ruumistruumi.ee\/pood\/punutisest-nurgadiivani-komplekt-aeda-brentwood-5811-001\/"},"modified":"2025-08-14T11:15:27","modified_gmt":"2025-08-14T11:15:27","slug":"punutisest-nurgadiivani-komplekt-aeda-brentwood-5811-001","status":"publish","type":"product","link":"https:\/\/blankpage.ee\/_ruumist-ruumi\/pood\/punutisest-nurgadiivani-komplekt-aeda-brentwood-5811-001\/","title":{"rendered":"Punutisest nurgadiivani komplekt aeda Brentwood, 5811-001"},"content":{"rendered":"<h3>Stiilne ja mugav punutisest nurgadiivani komplekt aeda<\/h3>\n<p>Naudi suve\u00f5htuid oma terrassil v\u00f5i r\u00f5dul koos <strong>punutisest nurgadiivani komplektiga Brentwood<\/strong>. Selle elegantne ja l\u00e4bim\u00f5eldud disain loob hubase atmosf\u00e4\u00e4ri, kus on m\u00f5nus l\u00f5\u00f5gastuda ning veeta aega pere ja s\u00f5pradega. Komplekt on ideaalne nii v\u00e4iksemale r\u00f5dule kui ka avaramale aianurgale, pakkudes nii stiili kui ka praktilisust.<\/p>\n<h3>Kvaliteetsed materjalid ja vastupidav konstruktsioon<\/h3>\n<p>Nurgadiivan ja laud on valmistatud vastupidavast hallist\/mustast tehispunutisest, mis mitte ainult ei n\u00e4e naturaalne v\u00e4lja, vaid on ka ilmastikukindel. Laua pealispind on kaetud kvaliteetse Aintwood-materjaliga, mis meenutab puitu, kuid on hooldusvabam ja vastupidav niiskusele ning UV-kiirgusele. See tagab, et m\u00f6\u00f6bel s\u00e4ilitab oma kauni v\u00e4limuse ka aastate jooksul.<\/p>\n<h3>Lihtne hooldus ja ilmastikukindlus<\/h3>\n<p>Tehispunutis on ideaalne materjal meie muutlikus kliimas \u2013 see on UV-kindel ja talub h\u00e4sti nii vihma kui ka tuult. Kuigi materjal ei tuhmu otsese p\u00e4ikesevalguse k\u00e4es, soovitame m\u00f6\u00f6blit kaitsta katte all v\u00f5i hoiustada seda kuivas ja jahedas kohas, et pikendada selle eluiga veelgi.<\/p>\n<h3>Lihtne kokku panna ja kohe nautimiseks valmis<\/h3>\n<p>Komplekt vajab kerget monteerimist, kuid on kiiresti kasutusvalmis. Nii saad mugavalt ja vaevata luua oma aeda v\u00f5i r\u00f5dule t\u00e4iusliku istumisala, kus nautida suveilmasid ja m\u00f5nusat seltskonda.<\/p>\n<p>Kui otsid vastupidavat, stiilset ja mugavat lahendust oma \u00f5uealale, on <strong>punutisest nurgadiivani komplekt Brentwood<\/strong> ideaalne valik!<\/p>\n","protected":false},"excerpt":{"rendered":"<p>Stiilne ja mugav punutisest nurgadiivani komplekt aeda Naudi suve\u00f5htuid oma terrassil v\u00f5i r\u00f5dul koos punutisest nurgadiivani komplektiga Brentwood. Selle elegantne ja l\u00e4bim\u00f5eldud disain loob hubase atmosf\u00e4\u00e4ri, kus on m\u00f5nus l\u00f5\u00f5gastuda ning veeta aega pere ja s\u00f5pradega. Komplekt on ideaalne nii v\u00e4iksemale r\u00f5dule kui ka avaramale aianurgale, pakkudes nii stiili kui ka praktilisust. Kvaliteetsed materjalid ja [&hellip;]<\/p>\n","protected":false},"featured_media":162152,"comment_status":"open","ping_status":"open","template":"","meta":[],"product_brand":[1818],"product_cat":[1594],"product_tag":[],"class_list":{"0":"post-148121","1":"product","2":"type-product","3":"status-publish","4":"has-post-thumbnail","6":"product_brand-venture-design","7":"product_cat-aed-ja-terrass","8":"product_shipping_class-venture-design","9":"pa_diivani-sofa-materjal-poluester","10":"pa_diivani-sofa-materjal-puitplastkomposiit","11":"pa_diivani-sofa-materjal-punutis","12":"pa_kangas-100-poluester","13":"pa_kollektsioon-bentwood","14":"pa_laua-materjal-puitplastkomposiit","15":"pa_laua-materjal-punutis","16":"pa_mootmed-laud-korgus-67-pikkus-145-laius-75-diivan-sugavus-67-korgus-73-laius-176x167","17":"pa_pehmenduste-materjal-poluester","19":"first","20":"instock","21":"sale","22":"taxable","23":"shipping-taxable","24":"purchasable","25":"product-type-simple"},"_links":{"self":[{"href":"https:\/\/blankpage.ee\/_ruumist-ruumi\/wp-json\/wp\/v2\/product\/148121","targetHints":{"allow":["GET"]}}],"collection":[{"href":"https:\/\/blankpage.ee\/_ruumist-ruumi\/wp-json\/wp\/v2\/product"}],"about":[{"href":"https:\/\/blankpage.ee\/_ruumist-ruumi\/wp-json\/wp\/v2\/types\/product"}],"replies":[{"embeddable":true,"href":"https:\/\/blankpage.ee\/_ruumist-ruumi\/wp-json\/wp\/v2\/comments?post=148121"}],"wp:featuredmedia":[{"embeddable":true,"href":"https:\/\/blankpage.ee\/_ruumist-ruumi\/wp-json\/wp\/v2\/media\/162152"}],"wp:attachment":[{"href":"https:\/\/blankpage.ee\/_ruumist-ruumi\/wp-json\/wp\/v2\/media?parent=148121"}],"wp:term":[{"taxonomy":"product_brand","embeddable":true,"href":"https:\/\/blankpage.ee\/_ruumist-ruumi\/wp-json\/wp\/v2\/product_brand?post=148121"},{"taxonomy":"product_cat","embeddable":true,"href":"https:\/\/blankpage.ee\/_ruumist-ruumi\/wp-json\/wp\/v2\/product_cat?post=148121"},{"taxonomy":"product_tag","embeddable":true,"href":"https:\/\/blankpage.ee\/_ruumist-ruumi\/wp-json\/wp\/v2\/product_tag?post=148121"}],"curies":[{"name":"wp","href":"https:\/\/api.w.org\/{rel}","templated":true}]}}