{"id":148132,"date":"2025-03-06T01:09:22","date_gmt":"2025-03-06T01:09:22","guid":{"rendered":"https:\/\/ruumistruumi.ee\/pood\/punutisest-nurgadiivani-komplekt-aeda-knock-2047-201\/"},"modified":"2025-08-14T11:15:28","modified_gmt":"2025-08-14T11:15:28","slug":"punutisest-nurgadiivani-komplekt-knock-2047-201","status":"publish","type":"product","link":"https:\/\/blankpage.ee\/_ruumist-ruumi\/pood\/punutisest-nurgadiivani-komplekt-knock-2047-201\/","title":{"rendered":"Punutisest nurgadiivani komplekt Knock, 2047-201"},"content":{"rendered":"<h3>Punutisest nurgadiivani komplekt aeda Knock \u2013 stiilne ja mugav valik<\/h3>\n<p><strong>Knock nurgadiivani komplekt<\/strong> on ideaalne valik sinu aeda v\u00f5i terrassile, pakkudes nii stiili kui ka mugavust. Ajatu disain ja kvaliteetne materjal tagavad, et see m\u00f6\u00f6blikomplekt sobib suurep\u00e4raselt igasse v\u00e4liruumi. Komplekt koosneb mustast kunstpunutisest nurgadiivanist, millel on neli istet ja \u00fcks nurgamoodul, kahest tumbast ning k\u00f5rgemast klaasplaadiga lauast.<\/p>\n<h3>Vastupidav ja ilmastikukindel materjal<\/h3>\n<p>Kunstpunutis on praktiline ja ilmastikukindel materjal, mis sobib suurep\u00e4raselt meie p\u00f5hjamaistesse tingimustesse. See on UV-kindel, mis t\u00e4hendab, et m\u00f6\u00f6bel ei pleeku p\u00e4ikese k\u00e4es ning talub h\u00e4sti nii vihma kui ka tuult. Siiski soovitame m\u00f6\u00f6blit hoiustada kuivas ja jahedas kohas v\u00f5i kasutada katet, et pikendada selle eluiga.<\/p>\n<h3>Mugavus ja funktsionaalsus<\/h3>\n<p>Komplektiga on kaasas hallid pehmed istmepadjad, mis lisavad hubasust ja tagavad suurep\u00e4rase istumismugavuse. K\u00f5rgem kunstpunutisest laud klaasplaadiga pakub praktilist pinda suupistete, jookide v\u00f5i dekoratsioonide asetamiseks. T\u00e4nu modulaarsele disainile saad diivanit ja tumbasid paigutada vastavalt oma ruumi vajadustele.<\/p>\n<h3>Hooldusjuhised<\/h3>\n<p>Et s\u00e4ilitada m\u00f6\u00f6bli v\u00e4limus ja vastupidavus, soovitame seda regulaarselt puhastada. Kasuta pehmet seebilahust ja vett, et eemaldada tolm ja mustus. V\u00e4ltida tuleks tugevaid kemikaale, mis v\u00f5ivad materjali kahjustada.<\/p>\n<p>Kui otsid stiilset, vastupidavat ja mugavat lahendust oma aeda, siis <strong>Knock punutisest nurgadiivani komplekt<\/strong> on suurep\u00e4rane valik, mis loob sinu v\u00e4liruumis meeldiva ja kutsuva atmosf\u00e4\u00e4ri.<\/p>\n","protected":false},"excerpt":{"rendered":"<p>Punutisest nurgadiivani komplekt aeda Knock \u2013 stiilne ja mugav valik Knock nurgadiivani komplekt on ideaalne valik sinu aeda v\u00f5i terrassile, pakkudes nii stiili kui ka mugavust. Ajatu disain ja kvaliteetne materjal tagavad, et see m\u00f6\u00f6blikomplekt sobib suurep\u00e4raselt igasse v\u00e4liruumi. Komplekt koosneb mustast kunstpunutisest nurgadiivanist, millel on neli istet ja \u00fcks nurgamoodul, kahest tumbast ning k\u00f5rgemast [&hellip;]<\/p>\n","protected":false},"featured_media":162024,"comment_status":"open","ping_status":"open","template":"","meta":[],"product_brand":[1818],"product_cat":[1769],"product_tag":[],"class_list":{"0":"post-148132","1":"product","2":"type-product","3":"status-publish","4":"has-post-thumbnail","6":"product_brand-venture-design","7":"product_cat-nurgadiivani-komplektid-aeda","8":"product_shipping_class-venture-design","9":"pa_diivani-sofa-materjal-metall","10":"pa_diivani-sofa-materjal-poluester","11":"pa_diivani-sofa-materjal-punutis","12":"pa_kangas-100-poluester","13":"pa_kollektsioon-knock","14":"pa_laua-materjal-klaas","15":"pa_laua-materjal-metall","16":"pa_laua-materjal-punutis","17":"pa_laua-tasapinna-varvus-clear","18":"pa_mootmed-laud-korgus-65-pikkus-110-laius-70-diivan-sugavus-56-korgus-73-laius-145x135","19":"pa_pehmenduste-materjal-poluester","21":"first","22":"instock","23":"sale","24":"taxable","25":"shipping-taxable","26":"purchasable","27":"product-type-simple"},"_links":{"self":[{"href":"https:\/\/blankpage.ee\/_ruumist-ruumi\/wp-json\/wp\/v2\/product\/148132","targetHints":{"allow":["GET"]}}],"collection":[{"href":"https:\/\/blankpage.ee\/_ruumist-ruumi\/wp-json\/wp\/v2\/product"}],"about":[{"href":"https:\/\/blankpage.ee\/_ruumist-ruumi\/wp-json\/wp\/v2\/types\/product"}],"replies":[{"embeddable":true,"href":"https:\/\/blankpage.ee\/_ruumist-ruumi\/wp-json\/wp\/v2\/comments?post=148132"}],"wp:featuredmedia":[{"embeddable":true,"href":"https:\/\/blankpage.ee\/_ruumist-ruumi\/wp-json\/wp\/v2\/media\/162024"}],"wp:attachment":[{"href":"https:\/\/blankpage.ee\/_ruumist-ruumi\/wp-json\/wp\/v2\/media?parent=148132"}],"wp:term":[{"taxonomy":"product_brand","embeddable":true,"href":"https:\/\/blankpage.ee\/_ruumist-ruumi\/wp-json\/wp\/v2\/product_brand?post=148132"},{"taxonomy":"product_cat","embeddable":true,"href":"https:\/\/blankpage.ee\/_ruumist-ruumi\/wp-json\/wp\/v2\/product_cat?post=148132"},{"taxonomy":"product_tag","embeddable":true,"href":"https:\/\/blankpage.ee\/_ruumist-ruumi\/wp-json\/wp\/v2\/product_tag?post=148132"}],"curies":[{"name":"wp","href":"https:\/\/api.w.org\/{rel}","templated":true}]}}