{"id":148142,"date":"2025-03-06T01:09:22","date_gmt":"2025-03-06T01:09:22","guid":{"rendered":"https:\/\/ruumistruumi.ee\/pood\/punutisest-nurgadiivani-komplekt-aeda-knock-2046-201\/"},"modified":"2025-08-14T11:15:29","modified_gmt":"2025-08-14T11:15:29","slug":"punutisest-nurgadiivani-komplekt-aeda-knock-2046-201","status":"publish","type":"product","link":"https:\/\/blankpage.ee\/_ruumist-ruumi\/pood\/punutisest-nurgadiivani-komplekt-aeda-knock-2046-201\/","title":{"rendered":"Punutisest nurgadiivani komplekt aeda Knock, 2046-201"},"content":{"rendered":"<h3>Stiilne ja vastupidav punutisest nurgadiivan aeda<\/h3>\n<p><strong>Punutisest nurgadiivani komplekt aeda Knock<\/strong> \u00fchendab endas ajatu disaini ja suurep\u00e4rase mugavuse, pakkudes ideaalset lahendust sinu terrassile v\u00f5i aianurgale. Komplekt koosneb mustast kunstpunutisest valmistatud nurgadiivanist, millel on neli istekohta ja \u00fcks nurgamoodul. Lisaks kuuluvad komplekti kaks tumbat ning k\u00f5rgem klaaslauaga laud, mis muudab istumise veelgi praktilisemaks ja mugavamaks.<\/p>\n<h3>Kvaliteetsed materjalid ja vastupidav konstruktsioon<\/h3>\n<p>Knock nurgadiivan on valmistatud ilmastikukindlast kunstpunutisest, mis on ideaalne materjal meie p\u00f5hjamaisele kliimale. See on UV-kindel, mis t\u00e4hendab, et m\u00f6\u00f6bel ei tuhmu p\u00e4ikese k\u00e4es ning peab vastu nii vihmale kui ka tuulele. Tugev raam tagab stabiilsuse ja pika kasutusea, samas kui pehmed mustad istmepadjad lisavad lisamugavust ja kutsuvad l\u00f5\u00f5gastuma.<\/p>\n<h3>Lihtne hooldus ja pikaajaline kasutus<\/h3>\n<p>Et sinu <strong>punutisest nurgadiivan<\/strong> p\u00fcsiks kaunina aastaid, soovitame seda regulaarselt puhastada kerge seebilahuse ja veega. See aitab eemaldada tolmu ja mustuse ning s\u00e4ilitada m\u00f6\u00f6bli esialgse ilme. Pikema eluea tagamiseks on soovitatav hoida m\u00f6\u00f6blit kaitsekatte all v\u00f5i kuivas ja jahedas kohas, kui seda parasjagu ei kasutata.<\/p>\n<p>Kui otsid stiilset ja praktilist lahendust oma aeda, siis Knock nurgadiivanikomplekt on suurep\u00e4rane valik. Selle vastupidav konstruktsioon, ilmastikukindlad materjalid ja ajatult elegantne disain muudavad selle ideaalseks kaaslaseks suvisteks \u00f5htuteks ja m\u00f5nusateks hetkedeks v\u00e4rskes \u00f5hus.<\/p>\n","protected":false},"excerpt":{"rendered":"<p>Stiilne ja vastupidav punutisest nurgadiivan aeda Punutisest nurgadiivani komplekt aeda Knock \u00fchendab endas ajatu disaini ja suurep\u00e4rase mugavuse, pakkudes ideaalset lahendust sinu terrassile v\u00f5i aianurgale. Komplekt koosneb mustast kunstpunutisest valmistatud nurgadiivanist, millel on neli istekohta ja \u00fcks nurgamoodul. Lisaks kuuluvad komplekti kaks tumbat ning k\u00f5rgem klaaslauaga laud, mis muudab istumise veelgi praktilisemaks ja mugavamaks. Kvaliteetsed [&hellip;]<\/p>\n","protected":false},"featured_media":162015,"comment_status":"open","ping_status":"open","template":"","meta":[],"product_brand":[1818],"product_cat":[1769],"product_tag":[],"class_list":{"0":"post-148142","1":"product","2":"type-product","3":"status-publish","4":"has-post-thumbnail","6":"product_brand-venture-design","7":"product_cat-nurgadiivani-komplektid-aeda","8":"product_shipping_class-venture-design","9":"pa_diivani-sofa-materjal-metall","10":"pa_diivani-sofa-materjal-poluester","11":"pa_diivani-sofa-materjal-punutis","12":"pa_kangas-100-poluester","13":"pa_kollektsioon-knock","14":"pa_laua-materjal-klaas","15":"pa_laua-materjal-metall","16":"pa_laua-materjal-punutis","17":"pa_laua-tasapinna-varvus-clear","18":"pa_mootmed-laud-korgus-65-pikkus-110-laius-70-diivan-sugavus-56-korgus-73-laius-145x200","19":"pa_pehmenduste-materjal-poluester","21":"first","22":"instock","23":"sale","24":"taxable","25":"shipping-taxable","26":"purchasable","27":"product-type-simple"},"_links":{"self":[{"href":"https:\/\/blankpage.ee\/_ruumist-ruumi\/wp-json\/wp\/v2\/product\/148142","targetHints":{"allow":["GET"]}}],"collection":[{"href":"https:\/\/blankpage.ee\/_ruumist-ruumi\/wp-json\/wp\/v2\/product"}],"about":[{"href":"https:\/\/blankpage.ee\/_ruumist-ruumi\/wp-json\/wp\/v2\/types\/product"}],"replies":[{"embeddable":true,"href":"https:\/\/blankpage.ee\/_ruumist-ruumi\/wp-json\/wp\/v2\/comments?post=148142"}],"wp:featuredmedia":[{"embeddable":true,"href":"https:\/\/blankpage.ee\/_ruumist-ruumi\/wp-json\/wp\/v2\/media\/162015"}],"wp:attachment":[{"href":"https:\/\/blankpage.ee\/_ruumist-ruumi\/wp-json\/wp\/v2\/media?parent=148142"}],"wp:term":[{"taxonomy":"product_brand","embeddable":true,"href":"https:\/\/blankpage.ee\/_ruumist-ruumi\/wp-json\/wp\/v2\/product_brand?post=148142"},{"taxonomy":"product_cat","embeddable":true,"href":"https:\/\/blankpage.ee\/_ruumist-ruumi\/wp-json\/wp\/v2\/product_cat?post=148142"},{"taxonomy":"product_tag","embeddable":true,"href":"https:\/\/blankpage.ee\/_ruumist-ruumi\/wp-json\/wp\/v2\/product_tag?post=148142"}],"curies":[{"name":"wp","href":"https:\/\/api.w.org\/{rel}","templated":true}]}}