{"id":148161,"date":"2025-03-06T01:09:22","date_gmt":"2025-03-06T01:09:22","guid":{"rendered":"https:\/\/ruumistruumi.ee\/pood\/punutisest-aiamoobli-komplekt-kohvinurka-savanna-2037-004\/"},"modified":"2025-08-18T19:15:52","modified_gmt":"2025-08-18T19:15:52","slug":"punutisest-aiamoobli-komplekt-kohvinurka-savanna-2037-004","status":"publish","type":"product","link":"https:\/\/blankpage.ee\/_ruumist-ruumi\/pood\/punutisest-aiamoobli-komplekt-kohvinurka-savanna-2037-004\/","title":{"rendered":"Punutisest aiam\u00f6\u00f6bli komplekt kohvinurka Savanna, 2037-004"},"content":{"rendered":"<h3>Elegantne ja vastupidav punutisest aiam\u00f6\u00f6bli komplekt<\/h3>\n<p><strong>Punutisest aiam\u00f6\u00f6bli komplekt kohvinurka Savanna<\/strong> on stiilne ja praktiline valik v\u00e4iksemale terrassile v\u00f5i r\u00f5dule. Selle elegantne disain ja vastupidav materjal tagavad, et m\u00f6\u00f6bel sulandub sujuvalt igasse v\u00e4liruumi, pakkudes samal ajal mugavust ja funktsionaalsust.<\/p>\n<h3>Kvaliteetsed materjalid ja nutikas disain<\/h3>\n<p>Komplekt koosneb kahest mugavast toolist ja vastupidavast lauast, millel on stiilne klaasist plaat. Toolid on valmistatud ilmastikukindlast kunstpunutisest, mis talub nii p\u00e4ikest kui ka vihma, s\u00e4ilitades samas oma kauni v\u00e4limuse. Pehmed istmepadjad lisavad istumismugavust, muutes kohvinurgas veedetud hetked veelgi nauditavamaks. Nutikas disain v\u00f5imaldab toole laua alla l\u00fckata, s\u00e4\u00e4stes ruumi ja hoides terrassi korras.<\/p>\n<h3>Lihtne hooldus ja vastupidavus<\/h3>\n<p>Kunstpunutis on ideaalne materjal meie muutlikesse ilmastikutingimustesse. See on UV-kindel, mis t\u00e4hendab, et m\u00f6\u00f6bel ei tuhmu p\u00e4ikese k\u00e4es. Vaatamata vastupidavusele soovitame m\u00f6\u00f6blit hoiustada kuivas ja jahedas kohas v\u00f5i katta see spetsiaalse m\u00f6\u00f6blikaitsega, et pikendada selle eluiga.<\/p>\n<p>Kui otsid praktilist ja kaunist lahendust oma terrassile v\u00f5i r\u00f5dule, siis <strong>punutisest aiam\u00f6\u00f6bli komplekt kohvinurka Savanna<\/strong> on ideaalne valik. Selle vastupidavus, ajatu disain ja nutikas ruumis\u00e4\u00e4stlik lahendus loovad t\u00e4iusliku keskkonna l\u00f5\u00f5gastumiseks ja kohvi nautimiseks v\u00e4rskes \u00f5hus.<\/p>\n","protected":false},"excerpt":{"rendered":"<p>Elegantne ja vastupidav punutisest aiam\u00f6\u00f6bli komplekt Punutisest aiam\u00f6\u00f6bli komplekt kohvinurka Savanna on stiilne ja praktiline valik v\u00e4iksemale terrassile v\u00f5i r\u00f5dule. Selle elegantne disain ja vastupidav materjal tagavad, et m\u00f6\u00f6bel sulandub sujuvalt igasse v\u00e4liruumi, pakkudes samal ajal mugavust ja funktsionaalsust. Kvaliteetsed materjalid ja nutikas disain Komplekt koosneb kahest mugavast toolist ja vastupidavast lauast, millel on stiilne [&hellip;]<\/p>\n","protected":false},"featured_media":162573,"comment_status":"open","ping_status":"open","template":"","meta":[],"product_brand":[1818],"product_cat":[1773],"product_tag":[],"class_list":{"0":"post-148161","1":"product","2":"type-product","3":"status-publish","4":"has-post-thumbnail","6":"product_brand-venture-design","7":"product_cat-aiamoobli-komplektid-kohvinurka","8":"product_shipping_class-venture-design","9":"pa_kangas-100-poluester","10":"pa_kollektsioon-savanna","11":"pa_laua-materjal-klaas","12":"pa_laua-materjal-metall","13":"pa_laua-materjal-punutis","14":"pa_laua-tasapinna-varvus-must","15":"pa_mootmed-laud-korgus-75-pikkus-66-laius-50-tool-sugavus-55-korgus-71-laius-45","16":"pa_pehmenduste-materjal-poluester","17":"pa_tooli-materjal-poluester","18":"pa_tooli-materjal-metall","19":"pa_tooli-materjal-punutis","20":"pa_tooli-materjal-vaht","22":"first","23":"instock","24":"sale","25":"taxable","26":"shipping-taxable","27":"purchasable","28":"product-type-simple"},"_links":{"self":[{"href":"https:\/\/blankpage.ee\/_ruumist-ruumi\/wp-json\/wp\/v2\/product\/148161","targetHints":{"allow":["GET"]}}],"collection":[{"href":"https:\/\/blankpage.ee\/_ruumist-ruumi\/wp-json\/wp\/v2\/product"}],"about":[{"href":"https:\/\/blankpage.ee\/_ruumist-ruumi\/wp-json\/wp\/v2\/types\/product"}],"replies":[{"embeddable":true,"href":"https:\/\/blankpage.ee\/_ruumist-ruumi\/wp-json\/wp\/v2\/comments?post=148161"}],"wp:featuredmedia":[{"embeddable":true,"href":"https:\/\/blankpage.ee\/_ruumist-ruumi\/wp-json\/wp\/v2\/media\/162573"}],"wp:attachment":[{"href":"https:\/\/blankpage.ee\/_ruumist-ruumi\/wp-json\/wp\/v2\/media?parent=148161"}],"wp:term":[{"taxonomy":"product_brand","embeddable":true,"href":"https:\/\/blankpage.ee\/_ruumist-ruumi\/wp-json\/wp\/v2\/product_brand?post=148161"},{"taxonomy":"product_cat","embeddable":true,"href":"https:\/\/blankpage.ee\/_ruumist-ruumi\/wp-json\/wp\/v2\/product_cat?post=148161"},{"taxonomy":"product_tag","embeddable":true,"href":"https:\/\/blankpage.ee\/_ruumist-ruumi\/wp-json\/wp\/v2\/product_tag?post=148161"}],"curies":[{"name":"wp","href":"https:\/\/api.w.org\/{rel}","templated":true}]}}