{"id":148209,"date":"2025-03-06T01:09:22","date_gmt":"2025-03-06T01:09:22","guid":{"rendered":"https:\/\/ruumistruumi.ee\/pood\/rotangist-2-kohalised-aiadiivanid-nella-naturaalne-valge-2135-101\/"},"modified":"2025-08-14T11:15:35","modified_gmt":"2025-08-14T11:15:35","slug":"rotangist-2-kohaline-aiadiivan-nella-naturaalne-valge-2135-101","status":"publish","type":"product","link":"https:\/\/blankpage.ee\/_ruumist-ruumi\/pood\/rotangist-2-kohaline-aiadiivan-nella-naturaalne-valge-2135-101\/","title":{"rendered":"Rotangist 2-kohaline aiadiivan Nella, naturaalne\/valge, 2135-101"},"content":{"rendered":"<h3>Stiilsed ja mugavad rotangist aiadiivanid<\/h3>\n<p><strong>Rotangist 2-kohalised aiadiivanid Nella<\/strong> on ideaalne valik neile, kes soovivad oma terrassile v\u00f5i r\u00f5dule lisada nii stiili kui ka mugavust. Diivanid on valmistatud kvaliteetsest rotangist, mis annab neile ajatu ja elegantse v\u00e4limuse. Komplekti kuuluvad ka pehmed ja mugavad valget v\u00e4rvi istmepadjad, mis tagavad suurep\u00e4rase istumismugavuse.<\/p>\n<h3>Kerge ja praktiline aiam\u00f6\u00f6bel<\/h3>\n<p>Nella aiadiivanid on kerged ja neid on lihtne \u00fchelt pinnalt teisele liigutada. T\u00e4nu oma kompaktsusele sobivad need suurep\u00e4raselt nii v\u00e4ikesele r\u00f5dule kui ka avarale terrassile. Rotangist m\u00f6\u00f6bel lisab igale \u00f5uealale hubasust ja elegantsi, pakkudes ideaalset kohta l\u00f5\u00f5gastumiseks.<\/p>\n<h3>Hooldus ja vastupidavus<\/h3>\n<p>Kuigi rotang on kaunis ja trendikas materjal, ei ole see ilmastikukindel. Seet\u00f5ttu soovitame hoida <strong>rotangist aiadiivanid<\/strong> katuse all, et kaitsta neid niiskuse ja liigse kuivamise eest. Suured temperatuurierinevused v\u00f5ivad materjali kahjustada, seega on soovitatav m\u00f6\u00f6blit hoida kuivas ja stabiilse temperatuuriga ruumis. Puhastamiseks piisab niiskest lapist, mis aitab eemaldada tolmu ja mustuse.<\/p>\n<h3>Looduslik ja mugav disain<\/h3>\n<p>Nella aiadiivanite naturaalne v\u00e4rv ja valged istmepadjad loovad maal\u00e4hedase, kuid samas modernse ilme. See m\u00f6\u00f6bliese on suurep\u00e4rane t\u00e4iendus igale aianurgale, pakkudes nii esteetilist ilu kui ka praktilisust. Kui otsid vastupidavat ja stiilset lahendust, on <strong>rotangist aiadiivanid<\/strong> Nella just see, mida vajad.<\/p>\n","protected":false},"excerpt":{"rendered":"<p>Stiilsed ja mugavad rotangist aiadiivanid Rotangist 2-kohalised aiadiivanid Nella on ideaalne valik neile, kes soovivad oma terrassile v\u00f5i r\u00f5dule lisada nii stiili kui ka mugavust. Diivanid on valmistatud kvaliteetsest rotangist, mis annab neile ajatu ja elegantse v\u00e4limuse. Komplekti kuuluvad ka pehmed ja mugavad valget v\u00e4rvi istmepadjad, mis tagavad suurep\u00e4rase istumismugavuse. Kerge ja praktiline aiam\u00f6\u00f6bel Nella [&hellip;]<\/p>\n","protected":false},"featured_media":162105,"comment_status":"open","ping_status":"open","template":"","meta":[],"product_brand":[1818],"product_cat":[1764],"product_tag":[],"class_list":{"0":"post-148209","1":"product","2":"type-product","3":"status-publish","4":"has-post-thumbnail","6":"product_brand-venture-design","7":"product_cat-2-kohalised-aiadiivanid","8":"product_shipping_class-venture-design","9":"pa_istme-materjal-poluester","10":"pa_istme-varvus-naturaalne","11":"pa_jalgade-varv-naturaalne","12":"pa_kangas-100-poluester","13":"pa_kollektsioon-nella","14":"pa_mootmed-130-x-82","15":"pa_pehmenduste-materjal-poluester","16":"pa_varv-naturaalne","17":"pa_varv-valge","19":"first","20":"instock","21":"sale","22":"taxable","23":"shipping-taxable","24":"purchasable","25":"product-type-simple"},"_links":{"self":[{"href":"https:\/\/blankpage.ee\/_ruumist-ruumi\/wp-json\/wp\/v2\/product\/148209","targetHints":{"allow":["GET"]}}],"collection":[{"href":"https:\/\/blankpage.ee\/_ruumist-ruumi\/wp-json\/wp\/v2\/product"}],"about":[{"href":"https:\/\/blankpage.ee\/_ruumist-ruumi\/wp-json\/wp\/v2\/types\/product"}],"replies":[{"embeddable":true,"href":"https:\/\/blankpage.ee\/_ruumist-ruumi\/wp-json\/wp\/v2\/comments?post=148209"}],"wp:featuredmedia":[{"embeddable":true,"href":"https:\/\/blankpage.ee\/_ruumist-ruumi\/wp-json\/wp\/v2\/media\/162105"}],"wp:attachment":[{"href":"https:\/\/blankpage.ee\/_ruumist-ruumi\/wp-json\/wp\/v2\/media?parent=148209"}],"wp:term":[{"taxonomy":"product_brand","embeddable":true,"href":"https:\/\/blankpage.ee\/_ruumist-ruumi\/wp-json\/wp\/v2\/product_brand?post=148209"},{"taxonomy":"product_cat","embeddable":true,"href":"https:\/\/blankpage.ee\/_ruumist-ruumi\/wp-json\/wp\/v2\/product_cat?post=148209"},{"taxonomy":"product_tag","embeddable":true,"href":"https:\/\/blankpage.ee\/_ruumist-ruumi\/wp-json\/wp\/v2\/product_tag?post=148209"}],"curies":[{"name":"wp","href":"https:\/\/api.w.org\/{rel}","templated":true}]}}