{"id":148243,"date":"2025-03-06T01:09:22","date_gmt":"2025-03-06T01:09:22","guid":{"rendered":"https:\/\/ruumistruumi.ee\/pood\/tiigipuust-aiatool-kenya-naturaalne-2117-444\/"},"modified":"2025-08-14T11:15:38","modified_gmt":"2025-08-14T11:15:38","slug":"tiigipuust-aiatool-kenya-naturaalne-2117-444","status":"publish","type":"product","link":"https:\/\/blankpage.ee\/_ruumist-ruumi\/pood\/tiigipuust-aiatool-kenya-naturaalne-2117-444\/","title":{"rendered":"Tiigipuust aiatool Kenya, naturaalne, 2117-444"},"content":{"rendered":"<h3>Stiilne ja vastupidav tiigipuust aiatool<\/h3>\n<p><strong>Tiigipuust aiatool Kenya<\/strong> on ideaalne valik neile, kes hindavad kvaliteeti ja ajatut disaini. Selle naturaalsest tiigipuust valmistatud tool \u00fchendab endas vastupidavuse ja elegantse v\u00e4limuse, muutes selle suurep\u00e4raseks t\u00e4ienduseks igale aianurgale v\u00f5i terrassile.<\/p>\n<h3>Kvaliteetne materjal ja funktsionaalne disain<\/h3>\n<p>Tiigipuu on tuntud oma erakordse ilmastikukindluse ja vastupidavuse poolest, mist\u00f5ttu sobib see suurep\u00e4raselt v\u00e4lim\u00f6\u00f6bliks. <strong>Tiigipuust aiatool Kenya<\/strong> ei vaja palju hooldust ning s\u00e4ilitab oma kauni loodusliku tooni pikka aega. T\u00e4nu hoolikalt viimistletud pinnale on tool meeldiv katsuda ning selle ajatu disain sobib h\u00f5lpsasti erinevate aiam\u00f6\u00f6blikomplektidega.<\/p>\n<h3>Lihtne hoiustada ja kombineerida<\/h3>\n<p>See aiatool on virnastatav, mis teeb selle hoiustamise lihtsaks ja mugavaks. Kui tooli parasjagu ei kasutata, saab selle h\u00f5lpsasti teiste samasuguste toolidega kokku panna, s\u00e4\u00e4stes nii ruumi. Sobita see kauni s\u00f6\u00f6gilauaga ning loo ideaalne koht l\u00f5\u00f5gastavateks hetkedeks pere ja s\u00f5prade seltsis.<\/p>\n<h3>Looduslik ilu ja praktilisus<\/h3>\n<p>Naturaalse tooni ja ainulaadse puidutekstuuriga <strong>tiigipuust aiatool<\/strong> toob sinu aeda soojust ja looduse l\u00e4hedust. Selle tugev konstruktsioon tagab kindla ja mugava istumiskogemuse, olles samas piisavalt kerge, et seda vajadusel h\u00f5lpsasti \u00fcmber paigutada.<\/p>\n<p>Too oma \u00f5uealale ajatu elegants ja praktilisus ning naudi kvaliteetset v\u00e4lim\u00f6\u00f6blit aastateks!<\/p>\n","protected":false},"excerpt":{"rendered":"<p>Stiilne ja vastupidav tiigipuust aiatool Tiigipuust aiatool Kenya on ideaalne valik neile, kes hindavad kvaliteeti ja ajatut disaini. Selle naturaalsest tiigipuust valmistatud tool \u00fchendab endas vastupidavuse ja elegantse v\u00e4limuse, muutes selle suurep\u00e4raseks t\u00e4ienduseks igale aianurgale v\u00f5i terrassile. Kvaliteetne materjal ja funktsionaalne disain Tiigipuu on tuntud oma erakordse ilmastikukindluse ja vastupidavuse poolest, mist\u00f5ttu sobib see suurep\u00e4raselt [&hellip;]<\/p>\n","protected":false},"featured_media":160570,"comment_status":"open","ping_status":"open","template":"","meta":[],"product_brand":[1818],"product_cat":[1683],"product_tag":[],"class_list":{"0":"post-148243","1":"product","2":"type-product","3":"status-publish","4":"has-post-thumbnail","6":"product_brand-venture-design","7":"product_cat-aiatoolid","8":"product_shipping_class-venture-design","9":"pa_istme-materjal-tiigipuu","10":"pa_istme-varvus-naturaalne","11":"pa_jalgade-varv-naturaalne","12":"pa_kollektsioon-kenya","13":"pa_mootmed-52-x-50-x-80","14":"pa_varv-naturaalne","16":"first","17":"instock","18":"sale","19":"taxable","20":"shipping-taxable","21":"purchasable","22":"product-type-simple"},"_links":{"self":[{"href":"https:\/\/blankpage.ee\/_ruumist-ruumi\/wp-json\/wp\/v2\/product\/148243","targetHints":{"allow":["GET"]}}],"collection":[{"href":"https:\/\/blankpage.ee\/_ruumist-ruumi\/wp-json\/wp\/v2\/product"}],"about":[{"href":"https:\/\/blankpage.ee\/_ruumist-ruumi\/wp-json\/wp\/v2\/types\/product"}],"replies":[{"embeddable":true,"href":"https:\/\/blankpage.ee\/_ruumist-ruumi\/wp-json\/wp\/v2\/comments?post=148243"}],"wp:featuredmedia":[{"embeddable":true,"href":"https:\/\/blankpage.ee\/_ruumist-ruumi\/wp-json\/wp\/v2\/media\/160570"}],"wp:attachment":[{"href":"https:\/\/blankpage.ee\/_ruumist-ruumi\/wp-json\/wp\/v2\/media?parent=148243"}],"wp:term":[{"taxonomy":"product_brand","embeddable":true,"href":"https:\/\/blankpage.ee\/_ruumist-ruumi\/wp-json\/wp\/v2\/product_brand?post=148243"},{"taxonomy":"product_cat","embeddable":true,"href":"https:\/\/blankpage.ee\/_ruumist-ruumi\/wp-json\/wp\/v2\/product_cat?post=148243"},{"taxonomy":"product_tag","embeddable":true,"href":"https:\/\/blankpage.ee\/_ruumist-ruumi\/wp-json\/wp\/v2\/product_tag?post=148243"}],"curies":[{"name":"wp","href":"https:\/\/api.w.org\/{rel}","templated":true}]}}