{"id":148293,"date":"2025-03-06T01:21:48","date_gmt":"2025-03-06T01:21:48","guid":{"rendered":"https:\/\/ruumistruumi.ee\/pood\/rotangist-nurgadiivani-komplekt-aeda-amazon-9340-001\/"},"modified":"2025-08-14T11:14:57","modified_gmt":"2025-08-14T11:14:57","slug":"punutisest-nurgadiivani-komplekt-aeda-amazon-9340-001","status":"publish","type":"product","link":"https:\/\/blankpage.ee\/_ruumist-ruumi\/pood\/punutisest-nurgadiivani-komplekt-aeda-amazon-9340-001\/","title":{"rendered":"Punutisest nurgadiivani komplekt aeda Amazon, 9340-001"},"content":{"rendered":"<h3>Rotangist nurgadiivani komplekt aeda Amazon \u2013 stiilne ja mugav valik sinu \u00f5uealale<\/h3>\n<p>Naudi suve\u00f5htuid <strong>rotangist nurgadiivaniga<\/strong>, mis \u00fchendab endas kaasaegse disaini ja suurep\u00e4rase mugavuse. See aiam\u00f6\u00f6bli komplekt pakub ideaalset lahendust terrassile v\u00f5i aeda, luues elegantse ja hubase istumisala.<\/p>\n<h3>Paindlik ja praktiline disain<\/h3>\n<p>Komplekt sisaldab modulaarset nurgadiivanit, mille nelja istumiskoha ja nurgamooduli saab h\u00f5lpsasti soovitud viisil kokku seada. T\u00e4nu sellele saad kohandada diivani paigutust vastavalt oma ruumi erip\u00e4radele ja vajadustele.<\/p>\n<h3>Vastupidavad materjalid ja pehmed padjad<\/h3>\n<p>Diivan on valmistatud <strong>mustast kunstrotangist<\/strong>, mis on ilmastikukindel ja sobib suurep\u00e4raselt v\u00e4listingimustesse. Tugev <strong>metallraam<\/strong> tagab stabiilsuse ja pikaajalise vastupidavuse. Pehmust lisavad komplekti kuuluvad hallid istumis- ja seljatoepadjad, mis muudavad istumise eriti mugavaks.<\/p>\n<h3>Stiilne ja praktiline kohvilaud<\/h3>\n<p>Komplektiga on kaasas madal kohvilaud, millel on reljeefne riiul ja <strong>tume klaasist lauaplaat<\/strong>. See lisab elegantsi ning pakub praktilist hoiuruumi ajakirjadele, jookidele v\u00f5i dekoratsioonidele.<\/p>\n<h3>Ideaalne valik igale terrassile<\/h3>\n<p>Kui otsid vastupidavat ja stiilset lahendust oma \u00f5uealale, on see <strong>rotangist nurgadiivan<\/strong> suurep\u00e4rane valik. Kaasaegne disain, vastupidavad materjalid ja mugav istumiskogemus teevad sellest komplektist ideaalse kaaslase suvisteks koosviibimisteks.<\/p>\n","protected":false},"excerpt":{"rendered":"<p>Rotangist nurgadiivani komplekt aeda Amazon \u2013 stiilne ja mugav valik sinu \u00f5uealale Naudi suve\u00f5htuid rotangist nurgadiivaniga, mis \u00fchendab endas kaasaegse disaini ja suurep\u00e4rase mugavuse. See aiam\u00f6\u00f6bli komplekt pakub ideaalset lahendust terrassile v\u00f5i aeda, luues elegantse ja hubase istumisala. Paindlik ja praktiline disain Komplekt sisaldab modulaarset nurgadiivanit, mille nelja istumiskoha ja nurgamooduli saab h\u00f5lpsasti soovitud viisil [&hellip;]<\/p>\n","protected":false},"featured_media":162399,"comment_status":"open","ping_status":"open","template":"","meta":[],"product_brand":[1818],"product_cat":[1769],"product_tag":[],"class_list":{"0":"post-148293","1":"product","2":"type-product","3":"status-publish","4":"has-post-thumbnail","6":"product_brand-venture-design","7":"product_cat-nurgadiivani-komplektid-aeda","8":"product_shipping_class-venture-design","9":"pa_diivani-sofa-materjal-alumiinium","10":"pa_diivani-sofa-materjal-poluester","11":"pa_diivani-sofa-materjal-klaas","12":"pa_diivani-sofa-materjal-plast","13":"pa_diivani-sofa-materjal-punutis","14":"pa_diivani-sofa-materjal-vaht","15":"pa_kangas-100-poluester","16":"pa_kollektsioon-amazon","17":"pa_laua-materjal-alumiinium","18":"pa_laua-materjal-klaas","19":"pa_laua-materjal-punutis","20":"pa_laua-tasapinna-varvus-hall","21":"pa_mootmed-laud-korgus-46-pikkus-110-laius-60-diivan-sugavus-87-korgus-65-laius-237x237","22":"pa_pehmenduste-materjal-poluester","24":"first","25":"instock","26":"sale","27":"taxable","28":"shipping-taxable","29":"purchasable","30":"product-type-simple"},"_links":{"self":[{"href":"https:\/\/blankpage.ee\/_ruumist-ruumi\/wp-json\/wp\/v2\/product\/148293","targetHints":{"allow":["GET"]}}],"collection":[{"href":"https:\/\/blankpage.ee\/_ruumist-ruumi\/wp-json\/wp\/v2\/product"}],"about":[{"href":"https:\/\/blankpage.ee\/_ruumist-ruumi\/wp-json\/wp\/v2\/types\/product"}],"replies":[{"embeddable":true,"href":"https:\/\/blankpage.ee\/_ruumist-ruumi\/wp-json\/wp\/v2\/comments?post=148293"}],"wp:featuredmedia":[{"embeddable":true,"href":"https:\/\/blankpage.ee\/_ruumist-ruumi\/wp-json\/wp\/v2\/media\/162399"}],"wp:attachment":[{"href":"https:\/\/blankpage.ee\/_ruumist-ruumi\/wp-json\/wp\/v2\/media?parent=148293"}],"wp:term":[{"taxonomy":"product_brand","embeddable":true,"href":"https:\/\/blankpage.ee\/_ruumist-ruumi\/wp-json\/wp\/v2\/product_brand?post=148293"},{"taxonomy":"product_cat","embeddable":true,"href":"https:\/\/blankpage.ee\/_ruumist-ruumi\/wp-json\/wp\/v2\/product_cat?post=148293"},{"taxonomy":"product_tag","embeddable":true,"href":"https:\/\/blankpage.ee\/_ruumist-ruumi\/wp-json\/wp\/v2\/product_tag?post=148293"}],"curies":[{"name":"wp","href":"https:\/\/api.w.org\/{rel}","templated":true}]}}