{"id":148297,"date":"2025-03-06T01:21:48","date_gmt":"2025-03-06T01:21:48","guid":{"rendered":"https:\/\/ruumistruumi.ee\/pood\/punutisest-nurgadiivani-komplekt-aeda-amazon-9140-010\/"},"modified":"2025-08-14T11:14:58","modified_gmt":"2025-08-14T11:14:58","slug":"punutisest-nurgadiivani-komplekt-aeda-amazon-9140-010","status":"publish","type":"product","link":"https:\/\/blankpage.ee\/_ruumist-ruumi\/pood\/punutisest-nurgadiivani-komplekt-aeda-amazon-9140-010\/","title":{"rendered":"Punutisest nurgadiivani komplekt aeda Amazon, 9140-010"},"content":{"rendered":"<h3>Stiilne ja vastupidav punutisest nurgadiivani komplekt aeda Amazon<\/h3>\n<p>Naudi suviseid hetki oma terrassil v\u00f5i aias koos <strong>punutisest nurgadiivani komplektiga aeda Amazon<\/strong>. See modernse disainiga komplekt pakub nii mugavust kui ka vastupidavust, sobides suurep\u00e4raselt v\u00e4listingimustesse. Komplekt koosneb modulaarse lahendusega nurgadiivanist, mis sisaldab nelja istet ja \u00fchte nurgamoodulit. T\u00e4nu sellele saad diivani h\u00f5lpsalt oma vajaduste j\u00e4rgi kohandada.<\/p>\n<h3>Kvaliteetsed materjalid ja mugav istumiskogemus<\/h3>\n<p>Diivani vastupidav raam on valmistatud tugevast <strong>metallist<\/strong>, mis tagab m\u00f6\u00f6bli stabiilsuse ja pikaealisuse. Pealispinna moodustab valge kunstpunutis, mis on ilmastikukindel ja UV-kaitsega, mist\u00f5ttu see ei pleeku p\u00e4ikese k\u00e4es. Pehme ja luksuslik istumismugavus on tagatud tumedashallide patjadega, mis on m\u00f5nusalt paksud ning pakuvad suurep\u00e4rast tuge.<\/p>\n<h3>Praktiline ja elegantne kohvilaud<\/h3>\n<p>Komplektiga on kaasas sobiv madal kohvilaud, mille klaasist lauaplaat lisab stiili ja muudab selle lihtsasti hooldatavaks. Klaaspind on vastupidav ja kergesti puhastatav, v\u00f5imaldades nautida suviseid suupisteid ja jooke ilma muretsemata.<\/p>\n<h3>Hooldus ja vastupidavus<\/h3>\n<p>Kunstpunutis on ideaalne materjal v\u00e4litingimustesse, kuna see on UV-kindel ja talub erinevaid ilmastikutingimusi. Kuigi materjal ei pleeku p\u00e4ikese k\u00e4es, soovitame m\u00f6\u00f6blit hoida katte all v\u00f5i kuivas ja jahedas kohas, et pikendada selle eluiga.<\/p>\n<p>Lisa oma aeda v\u00f5i terrassile stiili ja mugavust selle kauni <strong>punutisest nurgadiivani komplektiga<\/strong> ning naudi suve t\u00e4iel rinnal!<\/p>\n","protected":false},"excerpt":{"rendered":"<p>Stiilne ja vastupidav punutisest nurgadiivani komplekt aeda Amazon Naudi suviseid hetki oma terrassil v\u00f5i aias koos punutisest nurgadiivani komplektiga aeda Amazon. See modernse disainiga komplekt pakub nii mugavust kui ka vastupidavust, sobides suurep\u00e4raselt v\u00e4listingimustesse. Komplekt koosneb modulaarse lahendusega nurgadiivanist, mis sisaldab nelja istet ja \u00fchte nurgamoodulit. T\u00e4nu sellele saad diivani h\u00f5lpsalt oma vajaduste j\u00e4rgi kohandada. [&hellip;]<\/p>\n","protected":false},"featured_media":162288,"comment_status":"open","ping_status":"closed","template":"","meta":[],"product_brand":[1818],"product_cat":[1769],"product_tag":[],"class_list":{"0":"post-148297","1":"product","2":"type-product","3":"status-publish","4":"has-post-thumbnail","6":"product_brand-venture-design","7":"product_cat-nurgadiivani-komplektid-aeda","8":"product_shipping_class-venture-design","9":"pa_diivani-sofa-materjal-alumiinium","10":"pa_diivani-sofa-materjal-poluester","11":"pa_diivani-sofa-materjal-klaas","12":"pa_diivani-sofa-materjal-plast","13":"pa_diivani-sofa-materjal-punutis","14":"pa_diivani-sofa-materjal-vaht","15":"pa_kangas-100-poluester","16":"pa_kollektsioon-amazon","17":"pa_laua-materjal-alumiinium","18":"pa_laua-materjal-klaas","19":"pa_laua-materjal-punutis","20":"pa_laua-tasapinna-varvus-valge","21":"pa_mootmed-laud-korgus-46-pikkus-110-laius-60-diivan-sugavus-87-korgus-65-laius-249x249","22":"pa_pehmenduste-materjal-poluester","24":"first","25":"instock","26":"sale","27":"taxable","28":"shipping-taxable","29":"purchasable","30":"product-type-simple"},"_links":{"self":[{"href":"https:\/\/blankpage.ee\/_ruumist-ruumi\/wp-json\/wp\/v2\/product\/148297","targetHints":{"allow":["GET"]}}],"collection":[{"href":"https:\/\/blankpage.ee\/_ruumist-ruumi\/wp-json\/wp\/v2\/product"}],"about":[{"href":"https:\/\/blankpage.ee\/_ruumist-ruumi\/wp-json\/wp\/v2\/types\/product"}],"replies":[{"embeddable":true,"href":"https:\/\/blankpage.ee\/_ruumist-ruumi\/wp-json\/wp\/v2\/comments?post=148297"}],"wp:featuredmedia":[{"embeddable":true,"href":"https:\/\/blankpage.ee\/_ruumist-ruumi\/wp-json\/wp\/v2\/media\/162288"}],"wp:attachment":[{"href":"https:\/\/blankpage.ee\/_ruumist-ruumi\/wp-json\/wp\/v2\/media?parent=148297"}],"wp:term":[{"taxonomy":"product_brand","embeddable":true,"href":"https:\/\/blankpage.ee\/_ruumist-ruumi\/wp-json\/wp\/v2\/product_brand?post=148297"},{"taxonomy":"product_cat","embeddable":true,"href":"https:\/\/blankpage.ee\/_ruumist-ruumi\/wp-json\/wp\/v2\/product_cat?post=148297"},{"taxonomy":"product_tag","embeddable":true,"href":"https:\/\/blankpage.ee\/_ruumist-ruumi\/wp-json\/wp\/v2\/product_tag?post=148297"}],"curies":[{"name":"wp","href":"https:\/\/api.w.org\/{rel}","templated":true}]}}