{"id":148308,"date":"2025-03-06T01:21:48","date_gmt":"2025-03-06T01:21:48","guid":{"rendered":"https:\/\/ruumistruumi.ee\/pood\/punutisest-aiadiivani-komplekt-vikelund-9306-046\/"},"modified":"2025-08-14T11:14:59","modified_gmt":"2025-08-14T11:14:59","slug":"punutisest-aiadiivani-komplekt-vikelund-9306-046","status":"publish","type":"product","link":"https:\/\/blankpage.ee\/_ruumist-ruumi\/pood\/punutisest-aiadiivani-komplekt-vikelund-9306-046\/","title":{"rendered":"Punutisest aiadiivani komplekt Vikelund, 9306-046"},"content":{"rendered":"<h3>Punutisest aiadiivan Vikelund \u2013 stiilne ja vastupidav valik sinu aeda<\/h3>\n<p><strong>Punutisest aiadiivani komplekt Vikelund<\/strong> \u00fchendab ajatu disaini ja suurep\u00e4rase mugavuse, pakkudes ideaalset lahendust sinu terrassile v\u00f5i aianurka. Komplekti kuuluvad kolmekohaline diivan, kaks k\u00e4etugedega tugitooli ning madal kohvilaud klaasist lauaplaadiga. Pehmed ja paksud tumehallid padjad tagavad maksimaalse istumismugavuse, muutes selle m\u00f6\u00f6blikomplekti t\u00e4iuslikuks kohaks suvisteks \u00f5htuteks. <\/p>\n<h3>Kvaliteetsed materjalid ja vastupidav konstruktsioon<\/h3>\n<p>Vikelund aiadiivan on valmistatud <strong>heledast kunstpunutisest<\/strong>, mis imiteerib naturaalse rotangi v\u00e4limust, kuid pakub oluliselt suuremat vastupidavust. Tugev <strong>alumiiniumist raam<\/strong> tagab stabiilsuse ja kerge kaalu, mist\u00f5ttu on m\u00f6\u00f6blit lihtne liigutada vastavalt vajadusele. Kunstpunutis on ilmastikukindel ja UV-kaitsega, mis t\u00e4hendab, et m\u00f6\u00f6bel ei tuhmu ega kaota oma kaunist v\u00e4limust ka pikema aja jooksul.<\/p>\n<h3>Hooldus ja pikaealisus<\/h3>\n<p>Kunstpunutis on ideaalne materjal p\u00f5hjamaistesse tingimustesse, kuna see talub h\u00e4sti nii vihma kui ka p\u00e4ikest. Kuigi materjal on UV-kindel ja ilmastikule vastupidav, soovitame m\u00f6\u00f6blit hoida kaitsekatte all v\u00f5i kuivas kohas, kui seda parasjagu ei kasutata. Nii pikendad selle eluiga ja hoiad m\u00f6\u00f6bli kauem kaunina.<\/p>\n<p>Kui otsid kvaliteetset ja stiilset lahendust oma aeda, on <strong>punutisest aiadiivan Vikelund<\/strong> suurep\u00e4rane valik. Selle ajatu disain, mugavad padjad ja vastupidavad materjalid tagavad, et saad nautida m\u00f5nusaid hetki oma \u00f5ues aastaid.<\/p>\n","protected":false},"excerpt":{"rendered":"<p>Punutisest aiadiivan Vikelund \u2013 stiilne ja vastupidav valik sinu aeda Punutisest aiadiivani komplekt Vikelund \u00fchendab ajatu disaini ja suurep\u00e4rase mugavuse, pakkudes ideaalset lahendust sinu terrassile v\u00f5i aianurka. Komplekti kuuluvad kolmekohaline diivan, kaks k\u00e4etugedega tugitooli ning madal kohvilaud klaasist lauaplaadiga. Pehmed ja paksud tumehallid padjad tagavad maksimaalse istumismugavuse, muutes selle m\u00f6\u00f6blikomplekti t\u00e4iuslikuks kohaks suvisteks \u00f5htuteks. Kvaliteetsed [&hellip;]<\/p>\n","protected":false},"featured_media":162320,"comment_status":"open","ping_status":"open","template":"","meta":[],"product_brand":[1818],"product_cat":[1808],"product_tag":[],"class_list":{"0":"post-148308","1":"product","2":"type-product","3":"status-publish","4":"has-post-thumbnail","6":"product_brand-venture-design","7":"product_cat-aiadiivani-komplektid","8":"product_shipping_class-venture-design","9":"pa_diivani-sofa-materjal-poluester","10":"pa_diivani-sofa-materjal-punutis","11":"pa_kangas-100-poluester","12":"pa_kollektsioon-vikelund","13":"pa_laua-materjal-klaas","14":"pa_laua-materjal-punutis","15":"pa_laua-tasapinna-varvus-hall","16":"pa_mootmed-laud-korgus-46-pikkus-113-laius-63-diivan-sugavus-79-korgus-925-laius-175","17":"pa_pehmenduste-materjal-poluester","18":"pa_tooli-materjal-poluester","19":"pa_tooli-materjal-punutis","21":"first","22":"outofstock","23":"sale","24":"taxable","25":"shipping-taxable","26":"purchasable","27":"product-type-simple"},"_links":{"self":[{"href":"https:\/\/blankpage.ee\/_ruumist-ruumi\/wp-json\/wp\/v2\/product\/148308","targetHints":{"allow":["GET"]}}],"collection":[{"href":"https:\/\/blankpage.ee\/_ruumist-ruumi\/wp-json\/wp\/v2\/product"}],"about":[{"href":"https:\/\/blankpage.ee\/_ruumist-ruumi\/wp-json\/wp\/v2\/types\/product"}],"replies":[{"embeddable":true,"href":"https:\/\/blankpage.ee\/_ruumist-ruumi\/wp-json\/wp\/v2\/comments?post=148308"}],"wp:featuredmedia":[{"embeddable":true,"href":"https:\/\/blankpage.ee\/_ruumist-ruumi\/wp-json\/wp\/v2\/media\/162320"}],"wp:attachment":[{"href":"https:\/\/blankpage.ee\/_ruumist-ruumi\/wp-json\/wp\/v2\/media?parent=148308"}],"wp:term":[{"taxonomy":"product_brand","embeddable":true,"href":"https:\/\/blankpage.ee\/_ruumist-ruumi\/wp-json\/wp\/v2\/product_brand?post=148308"},{"taxonomy":"product_cat","embeddable":true,"href":"https:\/\/blankpage.ee\/_ruumist-ruumi\/wp-json\/wp\/v2\/product_cat?post=148308"},{"taxonomy":"product_tag","embeddable":true,"href":"https:\/\/blankpage.ee\/_ruumist-ruumi\/wp-json\/wp\/v2\/product_tag?post=148308"}],"curies":[{"name":"wp","href":"https:\/\/api.w.org\/{rel}","templated":true}]}}