{"id":148333,"date":"2025-03-06T01:21:48","date_gmt":"2025-03-06T01:21:48","guid":{"rendered":"https:\/\/ruumistruumi.ee\/pood\/metallist-ja-akaatsiapuidust-nurgadiivani-komplekt-andorra-9582-019\/"},"modified":"2025-08-14T11:15:02","modified_gmt":"2025-08-14T11:15:02","slug":"metallist-ja-akaatsiapuidust-nurgadiivani-komplekt-andorra-9582-019","status":"publish","type":"product","link":"https:\/\/blankpage.ee\/_ruumist-ruumi\/pood\/metallist-ja-akaatsiapuidust-nurgadiivani-komplekt-andorra-9582-019\/","title":{"rendered":"Metallist ja akaatsiapuidust nurgadiivani komplekt Andorra, 9582-019"},"content":{"rendered":"<h3>Stiilne metallist ja akaatsiapuidust nurgadiivani komplekt Andorra<\/h3>\n<p><strong>Andorra nurgadiivani komplekt<\/strong> \u00fchendab modernse disaini ja vastupidavad materjalid, luues stiilse ja mugava lahenduse sinu aeda v\u00f5i terrassile. Komplekt koosneb <strong>nurgadiivanist<\/strong> ning <strong>madalast kohvilauast<\/strong>, mis t\u00e4iendavad teineteist t\u00e4iuslikult.<\/p>\n<h3>Kvaliteetsed materjalid ja vastupidav konstruktsioon<\/h3>\n<p>Nurgadiivani raam on valmistatud vastupidavast <strong>musta pulberv\u00e4rvitud metallist<\/strong>, mis tagab stabiilsuse ja pikaealisuse. Seljatoe moodustavad stiilsed <strong>mustast k\u00f6iest punutud detailid<\/strong>, mis lisavad \u00f5hulisust ja kaasaegset ilmet. K\u00e4etugesid ja lauaplaati kaunistab kaunis <strong>akaatsiapuit<\/strong>, mis lisab loodusl\u00e4hedust ja soojust.<\/p>\n<h3>Mugavus ja praktilisus<\/h3>\n<p>Komplekti kuuluvad <strong>pehmed ja paksud tumehallid istme- ja seljatoepadjad<\/strong>, mis tagavad maksimaalse mugavuse. T\u00e4nu hoolikalt valitud materjalidele on need vastupidavad ja sobivad ideaalselt v\u00e4listingimustesse. Madal, stiilne kohvilaud pakub rohkelt ruumi suviste jookide ja suupistete jaoks.<\/p>\n<h3>Hooldusjuhised<\/h3>\n<p>Et s\u00e4ilitada <strong>akaatsiapuidust<\/strong> detailide kaunis v\u00e4limus, soovitame neid aeg-ajalt <strong>\u00f5litada<\/strong>. Kuna akaatsiapuit ei ole loomup\u00e4raselt v\u00e4ga \u00f5lirikas, aitab regulaarne hooldus s\u00e4ilitada selle vastupidavust ja v\u00e4limust.<\/p>\n<p>Kui otsid elegantset ja vastupidavat lahendust oma terrassile, on <strong>Andorra nurgadiivani komplekt<\/strong> ideaalne valik. Naudi suve mugavalt ja stiilselt!<\/p>\n","protected":false},"excerpt":{"rendered":"<p>Stiilne metallist ja akaatsiapuidust nurgadiivani komplekt Andorra Andorra nurgadiivani komplekt \u00fchendab modernse disaini ja vastupidavad materjalid, luues stiilse ja mugava lahenduse sinu aeda v\u00f5i terrassile. Komplekt koosneb nurgadiivanist ning madalast kohvilauast, mis t\u00e4iendavad teineteist t\u00e4iuslikult. Kvaliteetsed materjalid ja vastupidav konstruktsioon Nurgadiivani raam on valmistatud vastupidavast musta pulberv\u00e4rvitud metallist, mis tagab stabiilsuse ja pikaealisuse. Seljatoe moodustavad [&hellip;]<\/p>\n","protected":false},"featured_media":162498,"comment_status":"open","ping_status":"open","template":"","meta":[],"product_brand":[1818],"product_cat":[1769],"product_tag":[],"class_list":{"0":"post-148333","1":"product","2":"type-product","3":"status-publish","4":"has-post-thumbnail","6":"product_brand-venture-design","7":"product_cat-nurgadiivani-komplektid-aeda","8":"product_shipping_class-venture-design","9":"pa_diivani-sofa-materjal-metall","10":"pa_diivani-sofa-materjal-akaatsia","11":"pa_diivani-sofa-materjal-kiud","12":"pa_diivani-sofa-materjal-poluesterkois","13":"pa_diivani-sofa-materjal-vaht","14":"pa_kangas-100-poluester","15":"pa_kollektsioon-andorra","16":"pa_laua-materjal-metall","17":"pa_laua-materjal-akaatsia","18":"pa_laua-tasapinna-varvus-naturaalne","19":"pa_mootmed-laud-korgus-27-pikkus-90-laius-60-tool-sugavus-795-korgus-70-laius-80-diivan-sugavus-795-korgus-70-laius-127x127","20":"pa_pehmenduste-materjal-poluester","22":"first","23":"instock","24":"sale","25":"taxable","26":"shipping-taxable","27":"purchasable","28":"product-type-simple"},"_links":{"self":[{"href":"https:\/\/blankpage.ee\/_ruumist-ruumi\/wp-json\/wp\/v2\/product\/148333","targetHints":{"allow":["GET"]}}],"collection":[{"href":"https:\/\/blankpage.ee\/_ruumist-ruumi\/wp-json\/wp\/v2\/product"}],"about":[{"href":"https:\/\/blankpage.ee\/_ruumist-ruumi\/wp-json\/wp\/v2\/types\/product"}],"replies":[{"embeddable":true,"href":"https:\/\/blankpage.ee\/_ruumist-ruumi\/wp-json\/wp\/v2\/comments?post=148333"}],"wp:featuredmedia":[{"embeddable":true,"href":"https:\/\/blankpage.ee\/_ruumist-ruumi\/wp-json\/wp\/v2\/media\/162498"}],"wp:attachment":[{"href":"https:\/\/blankpage.ee\/_ruumist-ruumi\/wp-json\/wp\/v2\/media?parent=148333"}],"wp:term":[{"taxonomy":"product_brand","embeddable":true,"href":"https:\/\/blankpage.ee\/_ruumist-ruumi\/wp-json\/wp\/v2\/product_brand?post=148333"},{"taxonomy":"product_cat","embeddable":true,"href":"https:\/\/blankpage.ee\/_ruumist-ruumi\/wp-json\/wp\/v2\/product_cat?post=148333"},{"taxonomy":"product_tag","embeddable":true,"href":"https:\/\/blankpage.ee\/_ruumist-ruumi\/wp-json\/wp\/v2\/product_tag?post=148333"}],"curies":[{"name":"wp","href":"https:\/\/api.w.org\/{rel}","templated":true}]}}