{"id":148357,"date":"2025-03-06T01:21:48","date_gmt":"2025-03-06T01:21:48","guid":{"rendered":"https:\/\/ruumistruumi.ee\/pood\/alumiiniumist-aiadiivani-moodul-copacabana-must-hall-9284-408\/"},"modified":"2025-08-19T08:35:52","modified_gmt":"2025-08-19T08:35:52","slug":"alumiiniumist-aiadiivani-moodul-copacabana-must-hall-9284-408","status":"publish","type":"product","link":"https:\/\/blankpage.ee\/_ruumist-ruumi\/pood\/alumiiniumist-aiadiivani-moodul-copacabana-must-hall-9284-408\/","title":{"rendered":"Alumiiniumist aiadiivani moodul Copacabana, must\/hall, 9284-408"},"content":{"rendered":"<h3>Alumiiniumist aiadiivan Copacabana \u2013 paindlik ja stiilne lahendus sinu aeda<\/h3>\n<p><strong>Alumiiniumist aiadiivani moodul Copacabana<\/strong> on ideaalne valik neile, kes soovivad oma terrassile v\u00f5i aeda luua isikup\u00e4rase ja mugava istumisala. T\u00e4nu modulaarsele disainile saad just sellise lahenduse, mis vastab sinu ruumi ja stiili vajadustele. Musta raamiga ja halli pol\u00fcestrist kattega moodul \u00fchendab endas vastupidavuse ning modernse v\u00e4limuse.<\/p>\n<h3>Kvaliteetsed materjalid ja vastupidav konstruktsioon<\/h3>\n<p>Diivani raam on valmistatud vastupidavast <strong>alumiiniumist<\/strong>, mis tagab kerge kaalu ja ilmastikukindluse. See ei roosteta ega vaja keerulist hooldust, mist\u00f5ttu sobib suurep\u00e4raselt kasutamiseks v\u00e4litingimustes. Pehmendused on kaetud <strong>kvaliteetse pol\u00fcestriga<\/strong>, mis on vastupidav pleekimisele ja niiskusele.<\/p>\n<h3>Paindlik ja laiendatav lahendus<\/h3>\n<p>Copacabana seeria mooduleid saab omavahel kombineerida, et luua just sellise suuruse ja kujuga aiadiivan, nagu soovid. Lisa juurde nurga- v\u00f5i otsamooduleid ning muuda oma puhkenurk veelgi mugavamaks ja funktsionaalsemaks. Kas soovid avarat istumisala pere ja s\u00f5pradega aja veetmiseks v\u00f5i kompaktset lahendust v\u00e4iksemale r\u00f5dule? See moodul v\u00f5imaldab m\u00f5lemat.<\/p>\n<h3>Modernne ja ajatu disain<\/h3>\n<p>Minimalistlik musta ja halli v\u00e4rvikombinatsiooniga disain sobib igasse aeda v\u00f5i terrassile. T\u00e4nu neutraalsetele toonidele on seda lihtne kombineerida teiste aiam\u00f6\u00f6bli detailidega, luues harmoonilise ja stiilse v\u00e4liruumi.<\/p>\n<p>Kui otsid kvaliteetset, vastupidavat ja kohandatavat lahendust, siis <strong>alumiiniumist aiadiivani moodul Copacabana<\/strong> on ideaalne valik sinu aeda!<\/p>\n","protected":false},"excerpt":{"rendered":"<p>Alumiiniumist aiadiivan Copacabana \u2013 paindlik ja stiilne lahendus sinu aeda Alumiiniumist aiadiivani moodul Copacabana on ideaalne valik neile, kes soovivad oma terrassile v\u00f5i aeda luua isikup\u00e4rase ja mugava istumisala. T\u00e4nu modulaarsele disainile saad just sellise lahenduse, mis vastab sinu ruumi ja stiili vajadustele. Musta raamiga ja halli pol\u00fcestrist kattega moodul \u00fchendab endas vastupidavuse ning modernse [&hellip;]<\/p>\n","protected":false},"featured_media":162313,"comment_status":"open","ping_status":"open","template":"","meta":[],"product_brand":[1818],"product_cat":[1771],"product_tag":[],"class_list":{"0":"post-148357","1":"product","2":"type-product","3":"status-publish","4":"has-post-thumbnail","6":"product_brand-venture-design","7":"product_cat-aiadiivani-moodulid","8":"product_shipping_class-venture-design","9":"pa_istme-materjal-poluester","10":"pa_istme-varvus-hall","11":"pa_jalgade-varv-must","12":"pa_kangas-100-poluester","13":"pa_kollektsioon-copacabana","14":"pa_mootmed-70-x-74","15":"pa_pehmenduste-materjal-poluester","16":"pa_varv-hall","17":"pa_varv-must","19":"first","20":"instock","21":"sale","22":"taxable","23":"shipping-taxable","24":"purchasable","25":"product-type-simple"},"_links":{"self":[{"href":"https:\/\/blankpage.ee\/_ruumist-ruumi\/wp-json\/wp\/v2\/product\/148357","targetHints":{"allow":["GET"]}}],"collection":[{"href":"https:\/\/blankpage.ee\/_ruumist-ruumi\/wp-json\/wp\/v2\/product"}],"about":[{"href":"https:\/\/blankpage.ee\/_ruumist-ruumi\/wp-json\/wp\/v2\/types\/product"}],"replies":[{"embeddable":true,"href":"https:\/\/blankpage.ee\/_ruumist-ruumi\/wp-json\/wp\/v2\/comments?post=148357"}],"wp:featuredmedia":[{"embeddable":true,"href":"https:\/\/blankpage.ee\/_ruumist-ruumi\/wp-json\/wp\/v2\/media\/162313"}],"wp:attachment":[{"href":"https:\/\/blankpage.ee\/_ruumist-ruumi\/wp-json\/wp\/v2\/media?parent=148357"}],"wp:term":[{"taxonomy":"product_brand","embeddable":true,"href":"https:\/\/blankpage.ee\/_ruumist-ruumi\/wp-json\/wp\/v2\/product_brand?post=148357"},{"taxonomy":"product_cat","embeddable":true,"href":"https:\/\/blankpage.ee\/_ruumist-ruumi\/wp-json\/wp\/v2\/product_cat?post=148357"},{"taxonomy":"product_tag","embeddable":true,"href":"https:\/\/blankpage.ee\/_ruumist-ruumi\/wp-json\/wp\/v2\/product_tag?post=148357"}],"curies":[{"name":"wp","href":"https:\/\/api.w.org\/{rel}","templated":true}]}}