{"id":148420,"date":"2025-03-06T01:21:48","date_gmt":"2025-03-06T01:21:48","guid":{"rendered":"https:\/\/ruumistruumi.ee\/pood\/alumiiniumist-nurgadiivani-komplekt-chania-9329-022\/"},"modified":"2025-08-21T00:43:03","modified_gmt":"2025-08-21T00:43:03","slug":"akaatsiapuidust-nurgadiivani-komplekt-chania-9329-022","status":"publish","type":"product","link":"https:\/\/blankpage.ee\/_ruumist-ruumi\/pood\/akaatsiapuidust-nurgadiivani-komplekt-chania-9329-022\/","title":{"rendered":"Akaatsiapuidust nurgadiivani komplekt Chania, 9329-022"},"content":{"rendered":"<h3>Stiilne ja vastupidav alumiiniumist nurgadiivan Chania<\/h3>\n<p><strong>Alumiiniumist nurgadiivani komplekt Chania<\/strong> \u00fchendab modernse disaini ja suurep\u00e4rase mugavuse. See stiilne aiam\u00f6\u00f6bli komplekt on ideaalne lahendus, kui soovid oma terrassi v\u00f5i r\u00f5du muuta elegantseks ja hubaseks puhkealaks. Komplekt koosneb nurgadiivanist, millel on neli istekohta ja nurgamoodul, ning madalast kohvilauast, mis on valmistatud kvaliteetsest akaatsiapuidust.<\/p>\n<h3>Eksklusiivne disain ja kvaliteetsed materjalid<\/h3>\n<p>Nurgadiivani raam on valmistatud vastupidavast <strong>alumiiniumist<\/strong>, mis tagab kerge kaalu ja ilmastikukindluse. Jalad ja nurgamooduli pealisplaat on valmistatud <strong>akaatsiapuidust<\/strong>, mis lisab m\u00f6\u00f6blile naturaalset ja sooja ilmet. Diivani selja- ja k\u00fclgtoed on kaetud stiilse <strong>mustast k\u00f6iest punutisega<\/strong>, mis loob modernse ja eksklusiivse v\u00e4limuse.<\/p>\n<p>Komplektis on ka paksud ja vastupidavad <strong>tumedahallid istme- ja seljatoepadjad<\/strong>, mis pakuvad suurep\u00e4rast istumismugavust. Pehmendused on valmistatud kvaliteetsest materjalist, mis talub v\u00e4listingimusi ja tagab pikaajalise kasutuse.<\/p>\n<h3>Hooldusjuhised akaatsiapuidust m\u00f6\u00f6blile<\/h3>\n<p>Selleks, et <strong>akaatsiapuidust<\/strong> m\u00f6\u00f6bel s\u00e4ilitaks oma kauni viimistluse, tuleks seda regulaarselt \u00f5litada. Kuna akaatsiapuit ei ole loomulikult rasvane, vajab see aeg-ajalt hooldust ka kasutusperioodil. Uus m\u00f6\u00f6bel tuleks enne kasutamist korralikult \u00f5litada \u2013 soovitatav on kanda peale mitu kihti j\u00e4rjest, et puit imaks maksimaalselt \u00f5li.<\/p>\n<p><strong>Alumiiniumist nurgadiivani komplekt Chania<\/strong> on ideaalne valik, kui soovid kombineerida vastupidavust, ajatut disaini ja mugavust. Selle ainulaadne materjalide kooslus ning kvaliteetsed viimistlused teevad sellest pilkup\u00fc\u00fcdva ja praktilise lahenduse igale terrassile v\u00f5i aianurgale.<\/p>\n","protected":false},"excerpt":{"rendered":"<p>Stiilne ja vastupidav alumiiniumist nurgadiivan Chania Alumiiniumist nurgadiivani komplekt Chania \u00fchendab modernse disaini ja suurep\u00e4rase mugavuse. See stiilne aiam\u00f6\u00f6bli komplekt on ideaalne lahendus, kui soovid oma terrassi v\u00f5i r\u00f5du muuta elegantseks ja hubaseks puhkealaks. Komplekt koosneb nurgadiivanist, millel on neli istekohta ja nurgamoodul, ning madalast kohvilauast, mis on valmistatud kvaliteetsest akaatsiapuidust. Eksklusiivne disain ja kvaliteetsed [&hellip;]<\/p>\n","protected":false},"featured_media":162376,"comment_status":"open","ping_status":"closed","template":"","meta":[],"product_brand":[1818],"product_cat":[1769],"product_tag":[],"class_list":{"0":"post-148420","1":"product","2":"type-product","3":"status-publish","4":"has-post-thumbnail","6":"product_brand-venture-design","7":"product_cat-nurgadiivani-komplektid-aeda","8":"product_shipping_class-venture-design","9":"pa_diivani-sofa-materjal-akaatsia","10":"pa_diivani-sofa-materjal-kiud","11":"pa_diivani-sofa-materjal-poluesterkois","12":"pa_diivani-sofa-materjal-vaht","13":"pa_kangas-100-poluester","14":"pa_kollektsioon-chania","15":"pa_laua-materjal-akaatsia","16":"pa_laua-tasapinna-varvus-naturaalne","17":"pa_mootmed-laud-korgus-45-pikkus-110-laius-60-tool-sugavus-75-korgus-76-laius-213-diivan-sugavus-75-korgus-76-laius-210x160","18":"pa_pehmenduste-materjal-poluester","20":"first","21":"outofstock","22":"sale","23":"taxable","24":"shipping-taxable","25":"purchasable","26":"product-type-simple"},"_links":{"self":[{"href":"https:\/\/blankpage.ee\/_ruumist-ruumi\/wp-json\/wp\/v2\/product\/148420","targetHints":{"allow":["GET"]}}],"collection":[{"href":"https:\/\/blankpage.ee\/_ruumist-ruumi\/wp-json\/wp\/v2\/product"}],"about":[{"href":"https:\/\/blankpage.ee\/_ruumist-ruumi\/wp-json\/wp\/v2\/types\/product"}],"replies":[{"embeddable":true,"href":"https:\/\/blankpage.ee\/_ruumist-ruumi\/wp-json\/wp\/v2\/comments?post=148420"}],"wp:featuredmedia":[{"embeddable":true,"href":"https:\/\/blankpage.ee\/_ruumist-ruumi\/wp-json\/wp\/v2\/media\/162376"}],"wp:attachment":[{"href":"https:\/\/blankpage.ee\/_ruumist-ruumi\/wp-json\/wp\/v2\/media?parent=148420"}],"wp:term":[{"taxonomy":"product_brand","embeddable":true,"href":"https:\/\/blankpage.ee\/_ruumist-ruumi\/wp-json\/wp\/v2\/product_brand?post=148420"},{"taxonomy":"product_cat","embeddable":true,"href":"https:\/\/blankpage.ee\/_ruumist-ruumi\/wp-json\/wp\/v2\/product_cat?post=148420"},{"taxonomy":"product_tag","embeddable":true,"href":"https:\/\/blankpage.ee\/_ruumist-ruumi\/wp-json\/wp\/v2\/product_tag?post=148420"}],"curies":[{"name":"wp","href":"https:\/\/api.w.org\/{rel}","templated":true}]}}