{"id":148443,"date":"2025-03-06T01:21:48","date_gmt":"2025-03-06T01:21:48","guid":{"rendered":"https:\/\/ruumistruumi.ee\/pood\/akaatsiast-aiadiivani-komplekt-chania-9326-027\/"},"modified":"2025-08-21T00:43:04","modified_gmt":"2025-08-21T00:43:04","slug":"akaatsiapuidust-aiadiivani-komplekt-chania-9326-027","status":"publish","type":"product","link":"https:\/\/blankpage.ee\/_ruumist-ruumi\/pood\/akaatsiapuidust-aiadiivani-komplekt-chania-9326-027\/","title":{"rendered":"Akaatsiapuidust aiadiivani komplekt Chania, 9326-027"},"content":{"rendered":"<h3>Stiilne ja vastupidav akaatsia aiadiivani komplekt<\/h3>\n<p><strong>Akaatsia aiadiivani komplekt Chania<\/strong> \u00fchendab endas modernse disaini ja suurep\u00e4rase mugavuse. See elegantne aiam\u00f6\u00f6blikomplekt koosneb kahekohalisest diivanist, kahest raamiga tugitoolist ning madalast kohvilauast. Komplekti kuuluvad ka paksud ja vastupidavad bee\u017eid istmepadjad, mis tagavad maksimaalse istumismugavuse.<\/p>\n<h3>Kvaliteetsed materjalid ja luksuslik v\u00e4limus<\/h3>\n<p>Diivani ja tugitoolide raam on valmistatud vastupidavast alumiiniumist, samas kui jalad ja lauaplaat on kaunist akaatsiapuidust. Selja- ja k\u00fclgtoed on p\u00f5imitud naturaalse tooni k\u00f6iega, mis lisab m\u00f6\u00f6blile eksklusiivse ilme. Akaatsiapuidust detailid koos kohvilauaga loovad elegantse ja hubase atmosf\u00e4\u00e4ri igas aianurgas.<\/p>\n<h3>M\u00f5\u00f5tmed ja mahutavus<\/h3>\n<ul>\n<li><strong>Kohvilaud:<\/strong> 110 \u00d7 60 \u00d7 45 cm<\/li>\n<li><strong>Diivan:<\/strong> 164 \u00d7 75 \u00d7 76 cm (istumisala: 135 \u00d7 65 \u00d7 33 cm)<\/li>\n<li><strong>Mahutavus:<\/strong> 4 istujat<\/li>\n<\/ul>\n<h3>Hooldusjuhised<\/h3>\n<p>Kasutatud k\u00f6is on kvaliteetne pol\u00fcesterk\u00f6is, mis on lihtsasti puhastatav. M\u00f6\u00f6bel on t\u00f6\u00f6deldud taluma 500\u20132000 tundi ilmastikum\u00f5jusid. Puhastamiseks soovitame kasutada seebivett ja pehmet lappi ning lasta m\u00f6\u00f6blil \u00f5hu k\u00e4es kuivada.<\/p>\n<p>Kui otsid vastupidavat ja stiilset lahendust oma terrassile v\u00f5i aeda, siis <strong>akaatsia aiadiivani komplekt Chania<\/strong> on ideaalne valik, pakkudes nii funktsionaalsust kui ka silmapaistvat disaini.<\/p>\n","protected":false},"excerpt":{"rendered":"<p>Stiilne ja vastupidav akaatsia aiadiivani komplekt Akaatsia aiadiivani komplekt Chania \u00fchendab endas modernse disaini ja suurep\u00e4rase mugavuse. See elegantne aiam\u00f6\u00f6blikomplekt koosneb kahekohalisest diivanist, kahest raamiga tugitoolist ning madalast kohvilauast. Komplekti kuuluvad ka paksud ja vastupidavad bee\u017eid istmepadjad, mis tagavad maksimaalse istumismugavuse. Kvaliteetsed materjalid ja luksuslik v\u00e4limus Diivani ja tugitoolide raam on valmistatud vastupidavast alumiiniumist, samas [&hellip;]<\/p>\n","protected":false},"featured_media":162354,"comment_status":"open","ping_status":"closed","template":"","meta":[],"product_brand":[1818],"product_cat":[1808],"product_tag":[],"class_list":{"0":"post-148443","1":"product","2":"type-product","3":"status-publish","4":"has-post-thumbnail","6":"product_brand-venture-design","7":"product_cat-aiadiivani-komplektid","8":"product_shipping_class-venture-design","9":"pa_diivani-sofa-materjal-poluester","10":"pa_diivani-sofa-materjal-akaatsia","11":"pa_diivani-sofa-materjal-kiud","12":"pa_diivani-sofa-materjal-poluesterkois","13":"pa_diivani-sofa-materjal-vaht","14":"pa_kangas-100-poluester","15":"pa_kollektsioon-chania","16":"pa_laua-materjal-akaatsia","17":"pa_laua-tasapinna-varvus-naturaalne","18":"pa_mootmed-laud-korgus-45-pikkus-110-laius-60-tool-sugavus-75-korgus-76-laius-75-diivan-sugavus-75-korgus-76-laius-164","19":"pa_pehmenduste-materjal-poluester","20":"pa_tooli-materjal-poluester","21":"pa_tooli-materjal-akaatsia","22":"pa_tooli-materjal-kiud","23":"pa_tooli-materjal-poluesterkois","24":"pa_tooli-materjal-vaht","26":"first","27":"instock","28":"sale","29":"taxable","30":"shipping-taxable","31":"purchasable","32":"product-type-simple"},"_links":{"self":[{"href":"https:\/\/blankpage.ee\/_ruumist-ruumi\/wp-json\/wp\/v2\/product\/148443","targetHints":{"allow":["GET"]}}],"collection":[{"href":"https:\/\/blankpage.ee\/_ruumist-ruumi\/wp-json\/wp\/v2\/product"}],"about":[{"href":"https:\/\/blankpage.ee\/_ruumist-ruumi\/wp-json\/wp\/v2\/types\/product"}],"replies":[{"embeddable":true,"href":"https:\/\/blankpage.ee\/_ruumist-ruumi\/wp-json\/wp\/v2\/comments?post=148443"}],"wp:featuredmedia":[{"embeddable":true,"href":"https:\/\/blankpage.ee\/_ruumist-ruumi\/wp-json\/wp\/v2\/media\/162354"}],"wp:attachment":[{"href":"https:\/\/blankpage.ee\/_ruumist-ruumi\/wp-json\/wp\/v2\/media?parent=148443"}],"wp:term":[{"taxonomy":"product_brand","embeddable":true,"href":"https:\/\/blankpage.ee\/_ruumist-ruumi\/wp-json\/wp\/v2\/product_brand?post=148443"},{"taxonomy":"product_cat","embeddable":true,"href":"https:\/\/blankpage.ee\/_ruumist-ruumi\/wp-json\/wp\/v2\/product_cat?post=148443"},{"taxonomy":"product_tag","embeddable":true,"href":"https:\/\/blankpage.ee\/_ruumist-ruumi\/wp-json\/wp\/v2\/product_tag?post=148443"}],"curies":[{"name":"wp","href":"https:\/\/api.w.org\/{rel}","templated":true}]}}