{"id":148455,"date":"2025-03-06T01:21:48","date_gmt":"2025-03-06T01:21:48","guid":{"rendered":"https:\/\/ruumistruumi.ee\/pood\/akaatsiast-aiadiivani-komplekt-chania-9326-022\/"},"modified":"2025-08-14T11:15:15","modified_gmt":"2025-08-14T11:15:15","slug":"akaatsiapuidust-aiadiivani-komplekt-chania-9326-022","status":"publish","type":"product","link":"https:\/\/blankpage.ee\/_ruumist-ruumi\/pood\/akaatsiapuidust-aiadiivani-komplekt-chania-9326-022\/","title":{"rendered":"Akaatsiapuidust aiadiivani komplekt Chania, 9326-022"},"content":{"rendered":"<h3>Stiilne akaatsiast aiadiivani komplekt Chania<\/h3>\n<p><strong>Akaatsiast aiadiivani komplekt Chania<\/strong> \u00fchendab kaasaegse disaini ja suurep\u00e4rase mugavuse, pakkudes ideaalset lahendust igale terrassile v\u00f5i aeda. Komplekti kuulub kahekohaline diivan, kaks raamiga tugitooli ning madal kohvilaud \u2013 k\u00f5ik valmistatud kaunist ja vastupidavast akaatsiapuidust.<\/p>\n<h3>Kvaliteetsed materjalid ja vastupidav konstruktsioon<\/h3>\n<p>Diivanikomplekti raam on valmistatud tugevast alumiiniumist, mis tagab stabiilsuse ja pika eluea ka v\u00e4litingimustes. Jalad ja lauaplaat on valmistatud naturaalsest akaatsiapuidust, mis lisab m\u00f6\u00f6blile soojust ja eksklusiivsust. Selja- ja k\u00fclgtoed on kaunistatud musta v\u00e4rvi punutud k\u00f6iega, mis loob luksusliku ja silmapaistva v\u00e4limuse.<\/p>\n<h3>Suurep\u00e4rane mugavus igal hetkel<\/h3>\n<p>Komplektiga on kaasas paksud ja vastupidavad tumedashallid istmepadjad, mis tagavad maksimaalse istumismugavuse. K\u00f5rgkvaliteedilised materjalid taluvad h\u00e4sti erinevaid ilmastikutingimusi, pakkudes kauakestvat kasutusmugavust.<\/p>\n<h3>Lihtne hooldus ja vastupidavus<\/h3>\n<p>Diivanikomplekti punutud k\u00f6ied on valmistatud kvaliteetsest pol\u00fcesterkiust, mis on lihtsasti puhastatav. M\u00f6\u00f6bel on t\u00f6\u00f6deldud taluma 500\u20132000 tundi ilmastikum\u00f5jusid, mis muudab selle eriti vastupidavaks. Puhastamiseks soovitame kasutada vett ja seepi ning lasta detailidel \u00f5hu k\u00e4es kuivada.<\/p>\n<p>Kui otsid elegantset ja vastupidavat aiadiivanikomplekti, mis \u00fchendab kvaliteetsed materjalid ja modernse disaini, on <strong>akaatsiast aiadiivani komplekt Chania<\/strong> ideaalne valik sinu \u00f5uealale.<\/p>\n","protected":false},"excerpt":{"rendered":"<p>Stiilne akaatsiast aiadiivani komplekt Chania Akaatsiast aiadiivani komplekt Chania \u00fchendab kaasaegse disaini ja suurep\u00e4rase mugavuse, pakkudes ideaalset lahendust igale terrassile v\u00f5i aeda. Komplekti kuulub kahekohaline diivan, kaks raamiga tugitooli ning madal kohvilaud \u2013 k\u00f5ik valmistatud kaunist ja vastupidavast akaatsiapuidust. Kvaliteetsed materjalid ja vastupidav konstruktsioon Diivanikomplekti raam on valmistatud tugevast alumiiniumist, mis tagab stabiilsuse ja pika [&hellip;]<\/p>\n","protected":false},"featured_media":162343,"comment_status":"open","ping_status":"closed","template":"","meta":[],"product_brand":[1818],"product_cat":[1808],"product_tag":[],"class_list":{"0":"post-148455","1":"product","2":"type-product","3":"status-publish","4":"has-post-thumbnail","6":"product_brand-venture-design","7":"product_cat-aiadiivani-komplektid","8":"product_shipping_class-venture-design","9":"pa_diivani-sofa-materjal-poluester","10":"pa_diivani-sofa-materjal-akaatsia","11":"pa_diivani-sofa-materjal-kiud","12":"pa_diivani-sofa-materjal-poluesterkois","13":"pa_diivani-sofa-materjal-vaht","14":"pa_kangas-100-poluester","15":"pa_kollektsioon-chania","16":"pa_laua-materjal-akaatsia","17":"pa_laua-tasapinna-varvus-naturaalne","18":"pa_mootmed-laud-korgus-45-pikkus-110-laius-60-tool-sugavus-75-korgus-76-laius-75-diivan-sugavus-75-korgus-76-laius-164","19":"pa_pehmenduste-materjal-poluester","20":"pa_tooli-materjal-poluester","21":"pa_tooli-materjal-akaatsia","22":"pa_tooli-materjal-kiud","23":"pa_tooli-materjal-poluesterkois","24":"pa_tooli-materjal-vaht","26":"first","27":"instock","28":"sale","29":"taxable","30":"shipping-taxable","31":"purchasable","32":"product-type-simple"},"_links":{"self":[{"href":"https:\/\/blankpage.ee\/_ruumist-ruumi\/wp-json\/wp\/v2\/product\/148455","targetHints":{"allow":["GET"]}}],"collection":[{"href":"https:\/\/blankpage.ee\/_ruumist-ruumi\/wp-json\/wp\/v2\/product"}],"about":[{"href":"https:\/\/blankpage.ee\/_ruumist-ruumi\/wp-json\/wp\/v2\/types\/product"}],"replies":[{"embeddable":true,"href":"https:\/\/blankpage.ee\/_ruumist-ruumi\/wp-json\/wp\/v2\/comments?post=148455"}],"wp:featuredmedia":[{"embeddable":true,"href":"https:\/\/blankpage.ee\/_ruumist-ruumi\/wp-json\/wp\/v2\/media\/162343"}],"wp:attachment":[{"href":"https:\/\/blankpage.ee\/_ruumist-ruumi\/wp-json\/wp\/v2\/media?parent=148455"}],"wp:term":[{"taxonomy":"product_brand","embeddable":true,"href":"https:\/\/blankpage.ee\/_ruumist-ruumi\/wp-json\/wp\/v2\/product_brand?post=148455"},{"taxonomy":"product_cat","embeddable":true,"href":"https:\/\/blankpage.ee\/_ruumist-ruumi\/wp-json\/wp\/v2\/product_cat?post=148455"},{"taxonomy":"product_tag","embeddable":true,"href":"https:\/\/blankpage.ee\/_ruumist-ruumi\/wp-json\/wp\/v2\/product_tag?post=148455"}],"curies":[{"name":"wp","href":"https:\/\/api.w.org\/{rel}","templated":true}]}}