{"id":148466,"date":"2025-03-06T01:21:48","date_gmt":"2025-03-06T01:21:48","guid":{"rendered":"https:\/\/ruumistruumi.ee\/pood\/akaatsiapuidust-aiadiivani-komplekt-chania-9326-013\/"},"modified":"2025-08-17T16:33:04","modified_gmt":"2025-08-17T16:33:04","slug":"akaatsiapuidust-aiadiivani-komplekt-chania-9326-013","status":"publish","type":"product","link":"https:\/\/blankpage.ee\/_ruumist-ruumi\/pood\/akaatsiapuidust-aiadiivani-komplekt-chania-9326-013\/","title":{"rendered":"Akaatsiapuidust aiadiivani komplekt Chania, 9326-013"},"content":{"rendered":"<h3>Stiilne ja vastupidav akaatsiapuidust aiadiivani komplekt<\/h3>\n<p><strong>Akaatsiapuidust aiadiivani komplekt Chania<\/strong> \u00fchendab endas mugavuse ja elegantse disaini, tuues sinu aeda v\u00f5i terrassile eksklusiivse ilme. Komplekti kuulub kahekohaline diivan, kaks tugeva raamiga tugitooli ning madal kohvilaud, mis on valmistatud t\u00e4ielikult kaunist akaatsiapuidust. Paksude, vastupidavate tumehallide patjadega istmed tagavad maksimaalse mugavuse ja l\u00f5\u00f5gastuse igal hetkel.<\/p>\n<h3>Kvaliteetsed materjalid ja vastupidav konstruktsioon<\/h3>\n<p>Aiadiivani komplekti raam on valmistatud vastupidavast alumiiniumist, pakkudes kerget, kuid tugevat konstruktsiooni. Jalad on kaunilt vormitud akaatsiapuidust, mis lisab komplektile sooja ja loodusl\u00e4hedase ilme. Selja- ja k\u00fcljepaneelid on p\u00f5imitud heleda halli k\u00f6iega, mis loob modernse ja stiilse v\u00e4limuse. Akaatsiapuidust detailid koos klassikalise disainiga kohvilauaga annavad kogu komplektile luksusliku \u00fcldmulje.<\/p>\n<h3>Hooldusjuhised akaatsiapuidust aiam\u00f6\u00f6blile<\/h3>\n<p>Akaatsiapuit on vastupidav ja kauni tekstuuriga looduslik materjal, mis vajab regulaarset hooldust, et s\u00e4ilitada oma kaunis v\u00e4limus. Soovitame m\u00f6\u00f6blit aeg-ajalt \u00f5litada, et kaitsta seda ilmastiku m\u00f5jude eest. Uus m\u00f6\u00f6bel tuleks esmalt k\u00fcllastada mitme j\u00e4rjestikuse \u00f5likihiga, et tagada maksimaalne kaitse. Hooaja jooksul on soovitatav \u00f5litamist korrata vastavalt vajadusele.<\/p>\n<p>Kui otsid kvaliteetset ja stiilset lahendust oma aeda v\u00f5i terrassile, on <strong>akaatsiapuidust aiadiivani komplekt Chania<\/strong> ideaalne valik. Selle elegantne disain, vastupidavad materjalid ja mugavad istmed muudavad iga \u00f5ues veedetud hetke nauditavaks.<\/p>\n","protected":false},"excerpt":{"rendered":"<p>Stiilne ja vastupidav akaatsiapuidust aiadiivani komplekt Akaatsiapuidust aiadiivani komplekt Chania \u00fchendab endas mugavuse ja elegantse disaini, tuues sinu aeda v\u00f5i terrassile eksklusiivse ilme. Komplekti kuulub kahekohaline diivan, kaks tugeva raamiga tugitooli ning madal kohvilaud, mis on valmistatud t\u00e4ielikult kaunist akaatsiapuidust. Paksude, vastupidavate tumehallide patjadega istmed tagavad maksimaalse mugavuse ja l\u00f5\u00f5gastuse igal hetkel. Kvaliteetsed materjalid ja [&hellip;]<\/p>\n","protected":false},"featured_media":162329,"comment_status":"open","ping_status":"closed","template":"","meta":[],"product_brand":[1818],"product_cat":[1808],"product_tag":[],"class_list":{"0":"post-148466","1":"product","2":"type-product","3":"status-publish","4":"has-post-thumbnail","6":"product_brand-venture-design","7":"product_cat-aiadiivani-komplektid","8":"product_shipping_class-venture-design","9":"pa_diivani-sofa-materjal-poluester","10":"pa_diivani-sofa-materjal-akaatsia","11":"pa_diivani-sofa-materjal-kiud","12":"pa_diivani-sofa-materjal-poluesterkois","13":"pa_diivani-sofa-materjal-vaht","14":"pa_kangas-100-poluester","15":"pa_kollektsioon-chania","16":"pa_laua-materjal-akaatsia","17":"pa_laua-tasapinna-varvus-naturaalne","18":"pa_mootmed-laud-korgus-45-pikkus-110-laius-60-tool-sugavus-75-korgus-76-laius-75-diivan-sugavus-75-korgus-76-laius-164","19":"pa_pehmenduste-materjal-poluester","20":"pa_tooli-materjal-poluester","21":"pa_tooli-materjal-akaatsia","22":"pa_tooli-materjal-kiud","23":"pa_tooli-materjal-poluesterkois","24":"pa_tooli-materjal-vaht","26":"first","27":"instock","28":"sale","29":"taxable","30":"shipping-taxable","31":"purchasable","32":"product-type-simple"},"_links":{"self":[{"href":"https:\/\/blankpage.ee\/_ruumist-ruumi\/wp-json\/wp\/v2\/product\/148466","targetHints":{"allow":["GET"]}}],"collection":[{"href":"https:\/\/blankpage.ee\/_ruumist-ruumi\/wp-json\/wp\/v2\/product"}],"about":[{"href":"https:\/\/blankpage.ee\/_ruumist-ruumi\/wp-json\/wp\/v2\/types\/product"}],"replies":[{"embeddable":true,"href":"https:\/\/blankpage.ee\/_ruumist-ruumi\/wp-json\/wp\/v2\/comments?post=148466"}],"wp:featuredmedia":[{"embeddable":true,"href":"https:\/\/blankpage.ee\/_ruumist-ruumi\/wp-json\/wp\/v2\/media\/162329"}],"wp:attachment":[{"href":"https:\/\/blankpage.ee\/_ruumist-ruumi\/wp-json\/wp\/v2\/media?parent=148466"}],"wp:term":[{"taxonomy":"product_brand","embeddable":true,"href":"https:\/\/blankpage.ee\/_ruumist-ruumi\/wp-json\/wp\/v2\/product_brand?post=148466"},{"taxonomy":"product_cat","embeddable":true,"href":"https:\/\/blankpage.ee\/_ruumist-ruumi\/wp-json\/wp\/v2\/product_cat?post=148466"},{"taxonomy":"product_tag","embeddable":true,"href":"https:\/\/blankpage.ee\/_ruumist-ruumi\/wp-json\/wp\/v2\/product_tag?post=148466"}],"curies":[{"name":"wp","href":"https:\/\/api.w.org\/{rel}","templated":true}]}}