{"id":148565,"date":"2025-03-06T08:26:17","date_gmt":"2025-03-06T08:26:17","guid":{"rendered":"https:\/\/ruumistruumi.ee\/pood\/alumiiniumist-aiadiivani-komplekt-virya-1462-408\/"},"modified":"2025-08-14T11:14:38","modified_gmt":"2025-08-14T11:14:38","slug":"alumiiniumist-aiadiivani-komplekt-virya-1462-408","status":"publish","type":"product","link":"https:\/\/blankpage.ee\/_ruumist-ruumi\/pood\/alumiiniumist-aiadiivani-komplekt-virya-1462-408\/","title":{"rendered":"Alumiiniumist aiadiivani komplekt Virya,, 1462-408"},"content":{"rendered":"<h3>Stiilne ja mugav alumiiniumist aiadiivani komplekt Virya<\/h3>\n<p><strong>Aiadiivani komplekt Virya<\/strong> on kaasaegne ja elegantne valik, mis sobib suurep\u00e4raselt nii terrassile kui ka r\u00f5dule. Selle komplekti disain keskendub mugavusele ja vastupidavusele, pakkudes ideaalset kohta suvisteks puhkehetkedeks.<\/p>\n<h3>Kvaliteetsed materjalid ja l\u00e4bim\u00f5eldud disain<\/h3>\n<p>Komplekt koosneb kahesest diivanist ja kahest tugitoolist, mille raamid on valmistatud vastupidavast, musta pulberv\u00e4rvitud metallist. Seljatoed on kaunistatud heledahalli punutud k\u00f6iega, mis lisab m\u00f6\u00f6blile \u00f5hulist ja modernset ilmet. Pehmuse ja mugavuse tagavad heledahallid pehmed istmepadjad, mis sobituvad suurep\u00e4raselt k\u00f6ie tooniga, luues stiilse ja harmoonilise terviku.<\/p>\n<p>Komplekti kuulub ka madal ristk\u00fclikukujuline kohvilaud, mille hall viimistlusega lauaplaat t\u00e4iendab \u00fclej\u00e4\u00e4nud m\u00f6\u00f6bli v\u00e4rvigammat. See lisab praktilisust ja v\u00f5imaldab mugavalt hoida k\u00e4eulatuses kohvi, raamatut v\u00f5i suupisteid.<\/p>\n<h3>Hooldusjuhised<\/h3>\n<p>Aiadiivani komplekti punutud k\u00f6ied on valmistatud kvaliteetsest keerutatud pol\u00fcesterk\u00f6iest, mis on lihtsasti puhastatav ja vastupidav. Materjal on t\u00f6\u00f6deldud taluma 500\u20132000 tundi v\u00e4litingimustes kasutamist. Parima hoolduse tagamiseks soovitame kasutada puhastamiseks seebivett ning lasta materjalil \u00f5hu k\u00e4es kuivada.<\/p>\n<p><strong>Alumiiniumist aiadiivani komplekt Virya<\/strong> \u00fchendab endas kaasaegse disaini ja praktilisuse, pakkudes ideaalset lahendust suvisteks puhkehetkedeks v\u00e4rskes \u00f5hus. Naudi sooje \u00f5htuid mugavas ja stiilses keskkonnas!<\/p>\n","protected":false},"excerpt":{"rendered":"<p>Stiilne ja mugav alumiiniumist aiadiivani komplekt Virya Aiadiivani komplekt Virya on kaasaegne ja elegantne valik, mis sobib suurep\u00e4raselt nii terrassile kui ka r\u00f5dule. Selle komplekti disain keskendub mugavusele ja vastupidavusele, pakkudes ideaalset kohta suvisteks puhkehetkedeks. Kvaliteetsed materjalid ja l\u00e4bim\u00f5eldud disain Komplekt koosneb kahesest diivanist ja kahest tugitoolist, mille raamid on valmistatud vastupidavast, musta pulberv\u00e4rvitud metallist. [&hellip;]<\/p>\n","protected":false},"featured_media":161887,"comment_status":"open","ping_status":"open","template":"","meta":[],"product_brand":[1818],"product_cat":[1808],"product_tag":[],"class_list":{"0":"post-148565","1":"product","2":"type-product","3":"status-publish","4":"has-post-thumbnail","6":"product_brand-venture-design","7":"product_cat-aiadiivani-komplektid","8":"product_shipping_class-venture-design","9":"pa_diivani-sofa-materjal-alumiinium","10":"pa_kangas-100-poluester","11":"pa_kollektsioon-virya","12":"pa_laua-materjal-alumiinium","13":"pa_laua-materjal-klaas","14":"pa_laua-tasapinna-varvus-hall","15":"pa_mootmed-laud-korgus-46-pikkus-120-laius-55-diivan-sugavus-77-korgus-72-laius-150","16":"pa_pehmenduste-materjal-poluester","17":"pa_tooli-materjal-alumiinium","18":"pa_tooli-materjal-poluester","19":"pa_tooli-materjal-poluesterkois","21":"first","22":"instock","23":"sale","24":"taxable","25":"shipping-taxable","26":"purchasable","27":"product-type-simple"},"_links":{"self":[{"href":"https:\/\/blankpage.ee\/_ruumist-ruumi\/wp-json\/wp\/v2\/product\/148565","targetHints":{"allow":["GET"]}}],"collection":[{"href":"https:\/\/blankpage.ee\/_ruumist-ruumi\/wp-json\/wp\/v2\/product"}],"about":[{"href":"https:\/\/blankpage.ee\/_ruumist-ruumi\/wp-json\/wp\/v2\/types\/product"}],"replies":[{"embeddable":true,"href":"https:\/\/blankpage.ee\/_ruumist-ruumi\/wp-json\/wp\/v2\/comments?post=148565"}],"wp:featuredmedia":[{"embeddable":true,"href":"https:\/\/blankpage.ee\/_ruumist-ruumi\/wp-json\/wp\/v2\/media\/161887"}],"wp:attachment":[{"href":"https:\/\/blankpage.ee\/_ruumist-ruumi\/wp-json\/wp\/v2\/media?parent=148565"}],"wp:term":[{"taxonomy":"product_brand","embeddable":true,"href":"https:\/\/blankpage.ee\/_ruumist-ruumi\/wp-json\/wp\/v2\/product_brand?post=148565"},{"taxonomy":"product_cat","embeddable":true,"href":"https:\/\/blankpage.ee\/_ruumist-ruumi\/wp-json\/wp\/v2\/product_cat?post=148565"},{"taxonomy":"product_tag","embeddable":true,"href":"https:\/\/blankpage.ee\/_ruumist-ruumi\/wp-json\/wp\/v2\/product_tag?post=148565"}],"curies":[{"name":"wp","href":"https:\/\/api.w.org\/{rel}","templated":true}]}}