{"id":148587,"date":"2025-03-06T08:26:17","date_gmt":"2025-03-06T08:26:17","guid":{"rendered":"https:\/\/ruumistruumi.ee\/pood\/poluesterkoiest-nurgadiivani-komplekt-roxo-9051-322\/"},"modified":"2025-08-14T11:14:40","modified_gmt":"2025-08-14T11:14:40","slug":"poluesterkoiest-nurgadiivani-komplekt-roxo-9051-322","status":"publish","type":"product","link":"https:\/\/blankpage.ee\/_ruumist-ruumi\/pood\/poluesterkoiest-nurgadiivani-komplekt-roxo-9051-322\/","title":{"rendered":"Pol\u00fcesterk\u00f6iest nurgadiivani komplekt Roxo, 9051-322"},"content":{"rendered":"<h3>Stiilne ja mugav nurgadiivani komplekt sinu terrassile<\/h3>\n<p>Loo oma aeda v\u00f5i terrassile hubane koht, kus veeta meeldivaid hetki pere ja s\u00f5pradega! <strong>Pol\u00fcesterk\u00f6iest nurgadiivani komplekt Roxo<\/strong> pakub nii stiili kui ka mugavust, muutes iga v\u00e4liruumi kutsuvaks ja l\u00f5\u00f5gastavaks. Selle modernne disain ja kvaliteetsed materjalid tagavad vastupidavuse ning ajatu v\u00e4limuse.<\/p>\n<h3>Kvaliteetsed materjalid ja vastupidav konstruktsioon<\/h3>\n<p>Roxo nurgadiivan on valmistatud tugevast pruuniks pulberv\u00e4rvitud metallist, mis tagab stabiilsuse ja pikaealisuse. Seljatugi on kaunistatud heleda halli pol\u00fcesterk\u00f6ie p\u00f5iminguga, mis lisab diivanile elegantsi ja ainulaadsust. Komplekti kuuluvad ka pehmed hallid istmepadjad, mis tagavad suurep\u00e4rase istumismugavuse.<\/p>\n<h3>Funktsionaalne ja stiilne lahendus<\/h3>\n<p>Diivanikomplekt koosneb viiekohalisest nurgadiivanist ja praktilisest lauas\u00fcsteemist. Kolmest osast koosnev lauakomplekt on valmistatud pruuniks lakitud puidust, mis lisab loodusl\u00e4hedast ilmet ja sobib suurep\u00e4raselt nii klassikalisse kui ka modernsesse \u00f5uekeskkonda.<\/p>\n<h3>Hooldusjuhised<\/h3>\n<p>V\u00e4lism\u00f6\u00f6bel vajab regulaarset hooldust, et s\u00e4ilitada oma kaunis v\u00e4limus ja vastupidavus. Metallist ja roostevabast terasest m\u00f6\u00f6blit tuleks puhastada \u00f5rna seebivee ja pehme lapiga. Kui m\u00f6\u00f6bel asub mere l\u00e4hedal, on soovitatav see alati rohke veega \u00fcle loputada, et eemaldada soolaj\u00e4\u00e4gid ja v\u00e4ltida korrosiooni.<\/p>\n<p>Vali <strong>Pol\u00fcesterk\u00f6iest nurgadiivani komplekt Roxo<\/strong> ning naudi suve t\u00e4iel rinnal \u2013 see on stiilne, mugav ja vastupidav lahendus igale terrassile v\u00f5i aianurgale!<\/p>\n","protected":false},"excerpt":{"rendered":"<p>Stiilne ja mugav nurgadiivani komplekt sinu terrassile Loo oma aeda v\u00f5i terrassile hubane koht, kus veeta meeldivaid hetki pere ja s\u00f5pradega! Pol\u00fcesterk\u00f6iest nurgadiivani komplekt Roxo pakub nii stiili kui ka mugavust, muutes iga v\u00e4liruumi kutsuvaks ja l\u00f5\u00f5gastavaks. Selle modernne disain ja kvaliteetsed materjalid tagavad vastupidavuse ning ajatu v\u00e4limuse. Kvaliteetsed materjalid ja vastupidav konstruktsioon Roxo nurgadiivan [&hellip;]<\/p>\n","protected":false},"featured_media":162278,"comment_status":"open","ping_status":"closed","template":"","meta":[],"product_brand":[1818],"product_cat":[1769],"product_tag":[],"class_list":{"0":"post-148587","1":"product","2":"type-product","3":"status-publish","4":"has-post-thumbnail","6":"product_brand-venture-design","7":"product_cat-nurgadiivani-komplektid-aeda","8":"product_shipping_class-venture-design","9":"pa_diivani-sofa-materjal-alumiinium","10":"pa_diivani-sofa-materjal-poluester","11":"pa_diivani-sofa-materjal-kiud","12":"pa_diivani-sofa-materjal-poluesterkois","13":"pa_diivani-sofa-materjal-vaht","14":"pa_kangas-100-poluester","15":"pa_kollektsioon-roxo","16":"pa_laua-materjal-alumiinium","17":"pa_laua-tasapinna-varvus-naturaalne","18":"pa_mootmed-table-1-42-table-2-60-diivan-sugavus-79-korgus-70-laius-283x2205","19":"pa_pehmenduste-materjal-poluester","21":"first","22":"instock","23":"sale","24":"taxable","25":"shipping-taxable","26":"purchasable","27":"product-type-simple"},"_links":{"self":[{"href":"https:\/\/blankpage.ee\/_ruumist-ruumi\/wp-json\/wp\/v2\/product\/148587","targetHints":{"allow":["GET"]}}],"collection":[{"href":"https:\/\/blankpage.ee\/_ruumist-ruumi\/wp-json\/wp\/v2\/product"}],"about":[{"href":"https:\/\/blankpage.ee\/_ruumist-ruumi\/wp-json\/wp\/v2\/types\/product"}],"replies":[{"embeddable":true,"href":"https:\/\/blankpage.ee\/_ruumist-ruumi\/wp-json\/wp\/v2\/comments?post=148587"}],"wp:featuredmedia":[{"embeddable":true,"href":"https:\/\/blankpage.ee\/_ruumist-ruumi\/wp-json\/wp\/v2\/media\/162278"}],"wp:attachment":[{"href":"https:\/\/blankpage.ee\/_ruumist-ruumi\/wp-json\/wp\/v2\/media?parent=148587"}],"wp:term":[{"taxonomy":"product_brand","embeddable":true,"href":"https:\/\/blankpage.ee\/_ruumist-ruumi\/wp-json\/wp\/v2\/product_brand?post=148587"},{"taxonomy":"product_cat","embeddable":true,"href":"https:\/\/blankpage.ee\/_ruumist-ruumi\/wp-json\/wp\/v2\/product_cat?post=148587"},{"taxonomy":"product_tag","embeddable":true,"href":"https:\/\/blankpage.ee\/_ruumist-ruumi\/wp-json\/wp\/v2\/product_tag?post=148587"}],"curies":[{"name":"wp","href":"https:\/\/api.w.org\/{rel}","templated":true}]}}